{"id":102,"date":"2025-07-10T12:28:01","date_gmt":"2025-07-10T12:28:01","guid":{"rendered":"http:\/\/csoo.ct.ws\/home\/?page_id=102"},"modified":"2026-02-07T13:56:30","modified_gmt":"2026-02-07T13:56:30","slug":"vraboteni","status":"publish","type":"page","link":"https:\/\/crso.gov.mk\/sq\/vraboteni\/","title":{"rendered":"T\u00eb pun\u00ebsuarit"},"content":{"rendered":"<!DOCTYPE html>\n<html lang=\"mk\">\n<head>\n  <meta charset=\"UTF-8\" \/>\n  <meta name=\"viewport\" content=\"width=device-width, initial-scale=1\" \/>\n  <title>\u0422\u0438\u043c &#8211; \u0426\u0421\u041e\u041e<\/title>\n  <link href=\"https:\/\/fonts.googleapis.com\/css2?family=Inter:wght@400;600&#038;display=swap\" rel=\"stylesheet\" \/>\n  <style>\n    * {\n      margin: 0;\n      padding: 0;\n      box-sizing: border-box;\n    }\n\n    body {\n      font-family: 'Inter', sans-serif;\n      background-color: #f4f6f9;\n      margin: 0;  \/* \u043d\u0435\u043c\u0430 \u043f\u0440\u0430\u0437\u0435\u043d \u043f\u0440\u043e\u0441\u0442\u043e\u0440 \u043e\u043a\u043e\u043b\u0443 \u0441\u0442\u0440\u0430\u043d\u0430\u0442\u0430 *\/\n      padding: 0;\n    }\n\n    h1 {\n      text-align: center;\n      color: #003049;\n      margin: 30px 0;\n    }\n\n    .grid {\n      display: grid;\n      grid-template-columns: repeat(5, 1fr);\n      gap: 20px;\n      max-width: 1400px;\n      margin: 0 auto;\n      padding: 20px;  \/* \u043c\u0430\u043b \u0432\u043d\u0430\u0442\u0440\u0435\u0448\u0435\u043d \u043f\u0440\u043e\u0441\u0442\u043e\u0440 *\/\n    }\n\n    .card {\n      background: #ffffff;\n      border-radius: 14px;\n      overflow: hidden;\n      box-shadow: 0 4px 12px rgba(0, 0, 0, 0.08);\n      display: flex;\n      flex-direction: column;\n      transition: transform 0.3s;\n    }\n\n    .card:hover {\n      transform: translateY(-5px);\n    }\n\n    .card img {\n      width: 100%;\n      height: 220px;\n      object-fit: cover;\n      background-color: #ddd;\n    }\n\n    .card-body {\n      padding: 15px 20px;\n      flex: 1;\n      display: flex;\n      flex-direction: column;\n      justify-content: space-between;\n    }\n\n    .card-body h3 {\n      margin: 10px 0 5px;\n      font-size: 16px;\n      color: #0077b6;\n    }\n\n    .card-body p {\n      font-size: 14px;\n      margin: 5px 0;\n      color: #333;\n    }\n\n    .card-body .email-wrapper {\n      overflow-x: auto;\n      max-width: 100%;\n      margin-top: 5px;\n      padding-bottom: 5px;\n    }\n\n    .card-body .email {\n      font-size: 13px;\n      white-space: nowrap;\n      color: #555;\n      display: inline-block;\n      min-width: max-content;\n    }\n\n    .card-body .email a {\n      color: #555;\n      text-decoration: none;\n    }\n\n    .card-body .email a:hover {\n      color: #0077b6;\n      text-decoration: underline;\n    }\n\n    @media (max-width: 1200px) {\n      .grid {\n        grid-template-columns: repeat(4, 1fr);\n      }\n    }\n\n    @media (max-width: 992px) {\n      .grid {\n        grid-template-columns: repeat(3, 1fr);\n      }\n    }\n\n    @media (max-width: 768px) {\n      .grid {\n        grid-template-columns: repeat(2, 1fr);\n      }\n    }\n\n    @media (max-width: 480px) {\n      .grid {\n        grid-template-columns: 1fr;\n      }\n    }\n  <\/style>\n<\/head>\n<body>\n\n  <div class=\"grid\">\n    <div class=\"card\">\n      <img decoding=\"async\" src=\"https:\/\/crso.gov.mk\/wp-content\/uploads\/2026\/02\/ardijana-1-683x1024-1.jpg\" \/>\n      <div class=\"card-body\">\n        <h3>Mr. Ardijana Palloshi<\/h3>\n        <p>Udh\u00ebheq\u00ebse e sektorit p\u00ebr hulumtimin, zhvillimin dhe avancimin e arsimit profesional<\/p>\n        <p class=\"email\">ardijana.palloshi@crso.gov.mk<\/p>\n      <\/div>\n    <\/div>\n\n<!-- 1 -->\n<div class=\"card\">\n  <img decoding=\"async\" src=\"https:\/\/tse4.mm.bing.net\/th\/id\/OIP.WpnGIPj1DKAGo-CP64znTwHaHa?rs=1&#038;pid=ImgDetMain&#038;o=7&#038;rm=3\" \/>\n  <div class=\"card-body\">\n    <h3>Maja Milloshevska<\/h3>\n    <p>Bashk\u00ebpun\u00ebtore e lart\u00eb p\u00ebr evidentimin dhe grumbullimin e t\u00eb dh\u00ebnave<\/p>\n    <div class=\"email-wrapper\">\n      <span class=\"email\">maja.milosevska@crso.gov.mk<\/span>\n    <\/div>\n  <\/div>\n<\/div>\n\n\n<!-- 1 -->\n    <div class=\"card\">\n      <img decoding=\"async\" src=\"https:\/\/tse4.mm.bing.net\/th\/id\/OIP.WpnGIPj1DKAGo-CP64znTwHaHa?rs=1&#038;pid=ImgDetMain&#038;o=7&#038;rm=3\" \/>\n      <div class=\"card-body\">\n        <h3>Lejla Hoxha<\/h3>\n        <p>Bashk\u00ebpun\u00ebtore e re p\u00ebr zhvillimin profesional t\u00eb kuadrit edukativo- arsimor<\/p>\n        <p class=\"email\">lejla.hoxha@crso.gov.mk<\/p>\n      <\/div>\n    <\/div>\n\n<!-- 1 -->\n    <div class=\"card\">\n      <img decoding=\"async\" src=\"https:\/\/static.wixstatic.com\/media\/db2bd6_4008df1fea914cf3a179a4f4ca5c2e32~mv2.png\/v1\/fill\/w_268,h_268,al_c,q_85,usm_0.66_1.00_0.01,enc_avif,quality_auto\/db2bd6_4008df1fea914cf3a179a4f4ca5c2e32~mv2.png\" \/>\n      <div class=\"card-body\">\n        <h3>Azra Tutiq<\/h3>\n        <p>K\u00ebshilltare e sektorit p\u00ebr komunikacion, transport dhe magazinim<\/p>\n        <p class=\"email\">azra.tutic@crso.gov.mk<\/p>\n      <\/div>\n    <\/div>\n\n<!-- 1 -->\n<div class=\"card\">\n  <img decoding=\"async\" src=\"https:\/\/crso.gov.mk\/wp-content\/uploads\/2026\/02\/beti.jpg\" \/>\n  <div class=\"card-body\">\n    <h3>Mr. Elizabeta J.Radanoviq<\/h3>\n    <p>K\u00ebshilltare e sektorit p\u00ebr ekonomi, drejt\u00ebsi dhe tregti<\/p>\n    <div class=\"email-wrapper\">\n      <span class=\"email\">elizabeta.radanovic@crso.gov.mk<\/span>\n    <\/div>\n  <\/div>\n<\/div>\n\n<!-- 1 -->\n    <div class=\"card\">\n      <img decoding=\"async\" src=\"https:\/\/tse4.mm.bing.net\/th\/id\/OIP.WpnGIPj1DKAGo-CP64znTwHaHa?rs=1&#038;pid=ImgDetMain&#038;o=7&#038;rm=3\" \/>\n      <div class=\"card-body\">\n        <h3>D-r Sonja Sllavkoviq <\/h3>\n        <p>K\u00ebshilltare e sektorit p\u00ebr mjek\u00ebsi dhe mbrojtje sociale<\/p>\n        <p class=\"email\">sonja.slavkovic@crso.gov.mk<\/p>\n      <\/div>\n    <\/div>\n\n<!-- 1 -->\n    <div class=\"card\">\n      <img decoding=\"async\" src=\"https:\/\/static.wixstatic.com\/media\/db2bd6_3ce47db30eac40f8878ce2036ac6d007~mv2.png\/v1\/fill\/w_268,h_268,al_c,q_85,usm_0.66_1.00_0.01,enc_avif,quality_auto\/db2bd6_3ce47db30eac40f8878ce2036ac6d007~mv2.png 1x, https:\/\/static.wixstatic.com\/media\/db2bd6_3ce47db30eac40f8878ce2036ac6d007~mv2.png\/v1\/fill\/w_536,h_536,al_c,q_85,usm_0.66_1.00_0.01,enc_avif,quality_auto\/db2bd6_3ce47db30eac40f8878ce2036ac6d007~mv2.png 2x\" \/>\n      <div class=\"card-body\">\n        <h3>Mr. Ridvan Zeqiri<\/h3>\n        <p>K\u00ebshilltar i sektorit p\u00ebr makineri<\/p>\n        <p class=\"email\">ridvan.zeqiri@crso.gov.mk<\/p>\n      <\/div>\n    <\/div>\n\n\n<!-- 1 -->\n<div class=\"card\">\n  <img decoding=\"async\" src=\"https:\/\/crso.gov.mk\/wp-content\/uploads\/2026\/02\/b41b784be9a6392773515b32217b39eb.jpg\" \/>\n  <div class=\"card-body\">\n    <h3>Goran Spasovski<\/h3>\n    <p>K\u00ebshilltar p\u00ebr bashk\u00ebpunim nd\u00ebrkomb\u00ebtar<\/p>\n    <div class=\"email-wrapper\">\n      <span class=\"email\">goran.spasovski@crso.gov.mk<\/span>\n    <\/div>\n  <\/div>\n<\/div>\n\n\n<!-- 1 -->\n    <div class=\"card\">\n      <img decoding=\"async\" src=\"https:\/\/static.wixstatic.com\/media\/db2bd6_daaa7565b3b34d079d53760a1b37722f~mv2.png\/v1\/fill\/w_216,h_324,al_c,q_85,usm_0.66_1.00_0.01,enc_avif,quality_auto\/db2bd6_daaa7565b3b34d079d53760a1b37722f~mv2.png 1x, https:\/\/static.wixstatic.com\/media\/db2bd6_daaa7565b3b34d079d53760a1b37722f~mv2.png\/v1\/fill\/w_432,h_648,al_c,lg_1,q_85,enc_avif,quality_auto\/db2bd6_daaa7565b3b34d079d53760a1b37722f~mv2.png 2x\" \/>\n      <div class=\"card-body\">\n        <h3>Bojana Politova<\/h3>\n        <p>Udh\u00ebheq\u00ebse e departamentit p\u00ebr partneritet strategjik dhe social<\/p>\n        <p class=\"email\">bojana.politova@crso.gov.mk<\/p>\n      <\/div>\n    <\/div>\n\n<!-- 1 -->\n    <div class=\"card\">\n      <img decoding=\"async\" src=\"https:\/\/crso.gov.mk\/wp-content\/uploads\/2026\/02\/b41b784be9a6392773515b32217b39eb.jpg\" \/>\n      <div class=\"card-body\">\n        <h3>Idriz Emini<\/h3>\n        <p>Bashk\u00ebpun\u00ebtor i ri p\u00ebr administrim t\u00eb pun\u00ebs s\u00eb partneritetit dhe\nbashk\u00ebpunim me organet shtet\u00ebrore<\/p>\n        <p class=\"email\">idriz.emini@crso.gov.mk<\/p>\n      <\/div>\n    <\/div>\n\n<!-- 1 -->\n<div class=\"card\">\n  <img decoding=\"async\" src=\"https:\/\/tse4.mm.bing.net\/th\/id\/OIP.WpnGIPj1DKAGo-CP64znTwHaHa?rs=1&#038;pid=ImgDetMain&#038;o=7&#038;rm=3\" \/>\n  <div class=\"card-body\">\n    <h3>Mr. Biljana Apostollovska<\/h3>\n    <p>Udh\u00ebheq\u00ebse e departamentit p\u00ebr mb\u00ebshtetje n\u00eb veprimtari<\/p>\n    <div class=\"email-wrapper\">\n      <span class=\"email\">biljana.apostolovska@crso.gov.mk<\/span>\n    <\/div>\n  <\/div>\n <\/div>\n\n<!-- 1 -->\n    <div class=\"card\">\n      <img decoding=\"async\" src=\"https:\/\/crso.gov.mk\/wp-content\/uploads\/2026\/02\/b41b784be9a6392773515b32217b39eb.jpg\" \/>\n      <div class=\"card-body\">\n        <h3>Albion Sulemani<\/h3>\n        <p>K\u00ebshilltar p\u00ebr teknologji informative dhe komunikative<\/p>\n        <p class=\"email\">albion.sulemani@crso.gov.mk<\/p>\n      <\/div>\n    <\/div>\n\n<!-- 1 -->\n    <div class=\"card\">\n      <img decoding=\"async\" src=\"https:\/\/crso.gov.mk\/wp-content\/uploads\/2026\/02\/b41b784be9a6392773515b32217b39eb.jpg\" \/>\n      <div class=\"card-body\">\n        <h3>Ali Shaini<\/h3>\n        <p>Bashk\u00ebpun\u00ebtor i lart\u00eb p\u00ebr p\u00ebrkthim dhe interpretim n\u00eb gjuh\u00ebn shqipe<\/p>\n        <p class=\"email\">ali.shaini@crso.gov.mk<\/p>\n      <\/div>\n    <\/div>\n\n<!-- 1 -->\n<div class=\"card\">\n  <img decoding=\"async\" src=\"https:\/\/tse4.mm.bing.net\/th\/id\/OIP.WpnGIPj1DKAGo-CP64znTwHaHa?rs=1&#038;pid=ImgDetMain&#038;o=7&#038;rm=3\" \/>\n  <div class=\"card-body\">\n    <h3>Makedonka Bubevska<\/h3>\n    <p>Bashk\u00ebpun\u00ebtore e lart\u00eb p\u00ebr redaktim gjuh\u00ebsor dhe lekturim<\/p>\n    <div class=\"email-wrapper\">\n      <span class=\"email\">makedonka.bubevska@crso.gov.mk<\/span>\n    <\/div>\n  <\/div>\n<\/div>\n\n<!-- 1 -->\n    <div class=\"card\">\n      <img decoding=\"async\" src=\"https:\/\/tse4.mm.bing.net\/th\/id\/OIP.WpnGIPj1DKAGo-CP64znTwHaHa?rs=1&#038;pid=ImgDetMain&#038;o=7&#038;rm=3\" \/>\n      <div class=\"card-body\">\n        <h3>Tanja Andovska <\/h3>\n        <p>Referent i lart\u00eb \u2013 Arkiviste<\/p>\n        <p class=\"email\">tanja.andovska@crso.gov.mk<\/p>\n      <\/div>\n  <\/div>\n<!-- 1 -->\n    <div class=\"card\">\n      <img decoding=\"async\" src=\"https:\/\/tse4.mm.bing.net\/th\/id\/OIP.WpnGIPj1DKAGo-CP64znTwHaHa?rs=1&#038;pid=ImgDetMain&#038;o=7&#038;rm=3\" \/>\n      <div class=\"card-body\">\n        <h3>Seadet Jusufi <\/h3>\n        <p>K\u00ebshilltare p\u00ebr financa, buxhet dhe prokurime publike<\/p>\n        <p class=\"email\">seadet.jusufi@crso.gov.mk<\/p>\n<\/div>\n<\/div>\n<!-- 1 -->\n    <div class=\"card\">\n      <img decoding=\"async\" src=\"https:\/\/tse4.mm.bing.net\/th\/id\/OIP.WpnGIPj1DKAGo-CP64znTwHaHa?rs=1&#038;pid=ImgDetMain&#038;o=7&#038;rm=3\" \/>\n      <div class=\"card-body\">\n        <h3>Valentina Gjurkovska <\/h3>\n        <p>Pastruese<\/p>\n        <p class=\"email\"><\/p>\n<\/div>\n\n<\/body>\n<\/html>\n\n\n\n<p><\/p>","protected":false},"excerpt":{"rendered":"<p>\u0422\u0438\u043c &#8211; \u0426\u0421\u041e\u041e \u043c-\u0440 \u0410\u0440\u0434\u0438\u0458\u0430\u043d\u0430 \u0418\u0441\u0430\u0445\u0438-\u041f\u0430\u043b\u043e\u0448\u0438 \u0420\u0430\u043a\u043e\u0432\u043e\u0434\u0438\u0442\u0435\u043b \u043d\u0430 \u0441\u0435\u043a\u0442\u043e\u0440 \u0437\u0430 \u0438\u0441\u0442\u0440\u0430\u0436\u0443\u0432\u0430\u045a\u0435, \u0440\u0430\u0437\u0432\u043e\u0458 \u0438 \u0443\u043d\u0430\u043f\u0440\u0435\u0434\u0443\u0432\u0430\u045a\u0435 \u043d\u0430 \u0441\u0442\u0440\u0443\u0447\u043d\u043e\u0442\u043e \u043e\u0431\u0440\u0430\u0437\u043e\u0432\u0430\u043d\u0438\u0435 ardijana.palloshi@crso.gov.mk \u041c\u0430\u0458\u0430 \u041c\u0438\u043b\u043e\u0448\u0435\u0432\u0441\u043a\u0430<span class=\"more-dots\">&#8230;<\/span><\/p>","protected":false},"author":1,"featured_media":0,"parent":0,"menu_order":0,"comment_status":"closed","ping_status":"closed","template":"","meta":{"pagelayer_contact_templates":[],"_pagelayer_content":"","footnotes":""},"class_list":["post-102","page","type-page","status-publish","hentry","no-post-thumbnail"],"rttpg_featured_image_url":null,"rttpg_author":{"display_name":"admin","author_link":"https:\/\/crso.gov.mk\/sq\/author\/admin\/"},"rttpg_comment":0,"rttpg_category":null,"rttpg_excerpt":"\u0422\u0438\u043c &#8211; \u0426\u0421\u041e\u041e \u043c-\u0440 \u0410\u0440\u0434\u0438\u0458\u0430\u043d\u0430 \u0418\u0441\u0430\u0445\u0438-\u041f\u0430\u043b\u043e\u0448\u0438 \u0420\u0430\u043a\u043e\u0432\u043e\u0434\u0438\u0442\u0435\u043b \u043d\u0430 \u0441\u0435\u043a\u0442\u043e\u0440 \u0437\u0430 \u0438\u0441\u0442\u0440\u0430\u0436\u0443\u0432\u0430\u045a\u0435, \u0440\u0430\u0437\u0432\u043e\u0458 \u0438 \u0443\u043d\u0430\u043f\u0440\u0435\u0434\u0443\u0432\u0430\u045a\u0435 \u043d\u0430 \u0441\u0442\u0440\u0443\u0447\u043d\u043e\u0442\u043e \u043e\u0431\u0440\u0430\u0437\u043e\u0432\u0430\u043d\u0438\u0435 ardijana.palloshi@crso.gov.mk \u041c\u0430\u0458\u0430 \u041c\u0438\u043b\u043e\u0448\u0435\u0432\u0441\u043a\u0430...","_links":{"self":[{"href":"https:\/\/crso.gov.mk\/sq\/wp-json\/wp\/v2\/pages\/102","targetHints":{"allow":["GET"]}}],"collection":[{"href":"https:\/\/crso.gov.mk\/sq\/wp-json\/wp\/v2\/pages"}],"about":[{"href":"https:\/\/crso.gov.mk\/sq\/wp-json\/wp\/v2\/types\/page"}],"author":[{"embeddable":true,"href":"https:\/\/crso.gov.mk\/sq\/wp-json\/wp\/v2\/users\/1"}],"replies":[{"embeddable":true,"href":"https:\/\/crso.gov.mk\/sq\/wp-json\/wp\/v2\/comments?post=102"}],"version-history":[{"count":0,"href":"https:\/\/crso.gov.mk\/sq\/wp-json\/wp\/v2\/pages\/102\/revisions"}],"wp:attachment":[{"href":"https:\/\/crso.gov.mk\/sq\/wp-json\/wp\/v2\/media?parent=102"}],"curies":[{"name":"wp","href":"https:\/\/api.w.org\/{rel}","templated":true}]}}