{"id":1124,"date":"2025-08-27T18:54:40","date_gmt":"2025-08-27T18:54:40","guid":{"rendered":"https:\/\/csoo.zya.me\/home\/?page_id=1124"},"modified":"2026-02-04T21:25:45","modified_gmt":"2026-02-04T21:25:45","slug":"direktor","status":"publish","type":"page","link":"https:\/\/crso.gov.mk\/sq\/direktor\/","title":{"rendered":"Drejtor"},"content":{"rendered":"<!DOCTYPE html>\n<html lang=\"mk\">\n<head>\n    <meta charset=\"UTF-8\">\n    <title>\u0414\u0438\u0440\u0435\u043a\u0442\u043e\u0440<\/title>\n    <meta name=\"viewport\" content=\"width=device-width, initial-scale=1.0\">\n\n    <!-- Font Awesome -->\n    <link rel=\"stylesheet\" href=\"https:\/\/cdnjs.cloudflare.com\/ajax\/libs\/font-awesome\/6.5.0\/css\/all.min.css\">\n\n    <style>\n        \/* ===============================\n           \u0418\u0417\u041e\u041b\u0418\u0420\u0410\u041d \u0421\u0422\u0418\u041b \u2013 \u041d\u0415 \u0413\u041e \u041c\u0415\u041d\u0423\u0412\u0410 \u041c\u0415\u041d\u0418\u0422\u041e\n        =============================== *\/\n\n        .director-page {\n            font-family: \"Segoe UI\", Arial, sans-serif;\n            background-color: #ffffff;\n            color: #222;\n        }\n\n        .director-page * {\n            box-sizing: border-box;\n        }\n\n        .director-page .container {\n            max-width: 1300px;\n            margin: 0 auto;\n            padding: 40px;\n            display: flex;\n            gap: 60px;\n        }\n\n        \/* \u0421\u043b\u0438\u043a\u0430 *\/\n        .director-page .profile-image img {\n            width: 420px;\n            height: auto;\n            border-radius: 4px;\n            object-fit: cover;\n            display: block;\n        }\n\n        \/* \u0418\u043d\u0444\u043e\u0440\u043c\u0430\u0446\u0438\u0438 *\/\n        .director-page .profile-info {\n            flex: 1;\n        }\n\n        .director-page .profile-info h1 {\n            font-size: 36px;\n            margin-bottom: 6px;\n        }\n\n        .director-page .title {\n            color: #777;\n            font-size: 16px;\n            margin-bottom: 20px;\n        }\n\n        .director-page .contact {\n            margin-bottom: 15px;\n            font-size: 15px;\n        }\n\n        .director-page .contact i {\n            color: #f2c200; \/* \u043f\u043e\u0436\u043e\u043b\u0442\u0430 *\/\n            margin-right: 10px;\n        }\n\n        .director-page .contact a {\n            color: #f2c200; \/* \u043f\u043e\u0436\u043e\u043b\u0442\u0430 *\/\n            text-decoration: none;\n        }\n\n        \/* \u0421\u043e\u0446\u0438\u0458\u0430\u043b\u043d\u0438 \u043c\u0440\u0435\u0436\u0438 *\/\n        .director-page .social {\n            margin: 20px 0 40px;\n        }\n\n        .director-page .social a {\n            display: inline-flex;\n            justify-content: center;\n            align-items: center;\n            width: 40px;\n            height: 40px;\n            border-radius: 50%;\n            border: 1px solid #ddd;\n            margin-right: 10px;\n            color: #666;\n            text-decoration: none;\n            transition: all 0.3s ease;\n        }\n\n        .director-page .social a:hover {\n            background-color: #f2c200; \/* \u043f\u043e\u0436\u043e\u043b\u0442\u0430 *\/\n            color: #fff;\n            border-color: #f2c200;\n        }\n\n        \/* \u0411\u0438\u043e\u0433\u0440\u0430\u0444\u0438\u0458\u0430 *\/\n        .director-page .bio h2 {\n            color: #f2c200; \/* \u043f\u043e\u0436\u043e\u043b\u0442\u0430 *\/\n            font-size: 18px;\n            margin-bottom: 10px;\n        }\n\n        .director-page .bio hr {\n            border: none;\n            border-top: 1px solid #eee;\n            margin-bottom: 20px;\n        }\n\n        .director-page .bio p {\n            font-size: 15px;\n            line-height: 1.7;\n            margin-bottom: 15px;\n            text-align: justify;\n        }\n\n        \/* Responsive *\/\n        @media (max-width: 900px) {\n            .director-page .container {\n                flex-direction: column;\n                padding: 20px;\n            }\n\n            .director-page .profile-image img {\n                width: 100%;\n            }\n        }\n    <\/style>\n<\/head>\n\n<body>\n\n<div class=\"director-page\">\n    <div class=\"container\">\n\n        <div class=\"profile-image\">\n            <img decoding=\"async\" src=\"https:\/\/crso.gov.mk\/wp-content\/uploads\/2026\/02\/direktor.jpg\" alt=\"\u0414\u0438\u0440\u0435\u043a\u0442\u043e\u0440\">\n        <\/div>\n\n        <div class=\"profile-info\">\n            <h1>Besnik Zendeli<\/h1>\n            <div class=\"title\">Drejtor<\/div>\n\n            <div class=\"contact\">\n                <i class=\"fa-solid fa-phone\"><\/i>\n                +389 2 3111 085\n            <\/div>\n\n            <div class=\"contact\">\n                <i class=\"fa-solid fa-envelope\"><\/i>\n                <a href=\"mailto:besnik.zendeli@crso.gov.mk\">\n                    besnik.zendeli@crso.gov.mk\n                <\/a>\n            <\/div>\n\n            <div class=\"social\">\n                <a href=\"https:\/\/www.facebook.com\/csoo.edu.mk\"><i class=\"fab fa-facebook-f\"><\/i><\/a>\n                <a href=\"#\"><i class=\"fab fa-twitter\"><\/i><\/a>\n                <a href=\"#\"><i class=\"fab fa-linkedin-in\"><\/i><\/a>\n                <a href=\"#\"><i class=\"fab fa-instagram\"><\/i><\/a>\n            <\/div>\n\n            <div class=\"bio\">\n                <h2>Biografia<\/h2>\n                <hr>\n                <p>\n                    Besnik Zendeli \u00ebsht\u00eb em\u00ebruar drejtor i Qendr\u00ebs p\u00ebr Zhvillimin e Arsimit Profesional, nj\u00eb institucion q\u00eb luan nj\u00eb rol ky\u00e7 n\u00eb p\u00ebrmir\u00ebsimin e cil\u00ebsis\u00eb dhe inovacionit n\u00eb arsimin profesional.\n                <\/p>\n                <p>\n                    Si drejtor, ai fokusohet n\u00eb futjen e metodologjive t\u00eb reja t\u00eb t\u00eb nx\u00ebnit, nxitjen e inovacioneve dhe bashk\u00ebpunimin me institucione arsimore dhe kompani.\n                <\/p>\n                <p>\n                    Vizion i tij \u00ebsht\u00eb t\u00eb krijoj\u00eb nj\u00eb mjedis arsimor dinamik dhe modern, i cili do t\u00eb mund\u00ebsoj\u00eb zhvillimin e aft\u00ebsive dhe njohurive t\u00eb r\u00ebnd\u00ebsishme p\u00ebr shekullin 21.\n                <\/p>\n                <p>\n                    Ai flet rrjedhsh\u00ebm gjuh\u00ebn maqedonase, gjuh\u00ebn shqipe (gjuha amtare) dhe gjuh\u00ebn angleze.\n                <\/p>\n            <\/div>\n\n        <\/div>\n    <\/div>\n<\/div>\n\n<\/body>\n<\/html>","protected":false},"excerpt":{"rendered":"<p>\u0414\u0438\u0440\u0435\u043a\u0442\u043e\u0440 \u0411\u0435\u0441\u043d\u0438\u043a \u0417\u0435\u043d\u0434\u0435\u043b\u0438 \u0414\u0438\u0440\u0435\u043a\u0442\u043e\u0440 +389 2 3111 085 besnik.zendeli@crso.gov.mk \u0411\u0438\u043e\u0433\u0440\u0430\u0444\u0438\u0458\u0430 \u0411\u0435\u0441\u043d\u0438\u043a \u0417\u0435\u043d\u0434\u0435\u043b\u0438 \u0435 \u0438\u043c\u0435\u043d\u0443\u0432\u0430\u043d \u0437\u0430 \u0434\u0438\u0440\u0435\u043a\u0442\u043e\u0440 \u043d\u0430 \u0426\u0435\u043d\u0442\u0430\u0440\u043e\u0442 \u0437\u0430 \u0440\u0430\u0437\u0432\u043e\u0458<span class=\"more-dots\">&#8230;<\/span><\/p>","protected":false},"author":1,"featured_media":0,"parent":0,"menu_order":0,"comment_status":"closed","ping_status":"closed","template":"","meta":{"pagelayer_contact_templates":[],"_pagelayer_content":"","footnotes":""},"class_list":["post-1124","page","type-page","status-publish","hentry","no-post-thumbnail"],"rttpg_featured_image_url":null,"rttpg_author":{"display_name":"admin","author_link":"https:\/\/crso.gov.mk\/sq\/author\/admin\/"},"rttpg_comment":0,"rttpg_category":null,"rttpg_excerpt":"\u0414\u0438\u0440\u0435\u043a\u0442\u043e\u0440 \u0411\u0435\u0441\u043d\u0438\u043a \u0417\u0435\u043d\u0434\u0435\u043b\u0438 \u0414\u0438\u0440\u0435\u043a\u0442\u043e\u0440 +389 2 3111 085 besnik.zendeli@crso.gov.mk \u0411\u0438\u043e\u0433\u0440\u0430\u0444\u0438\u0458\u0430 \u0411\u0435\u0441\u043d\u0438\u043a \u0417\u0435\u043d\u0434\u0435\u043b\u0438 \u0435 \u0438\u043c\u0435\u043d\u0443\u0432\u0430\u043d \u0437\u0430 \u0434\u0438\u0440\u0435\u043a\u0442\u043e\u0440 \u043d\u0430 \u0426\u0435\u043d\u0442\u0430\u0440\u043e\u0442 \u0437\u0430 \u0440\u0430\u0437\u0432\u043e\u0458...","_links":{"self":[{"href":"https:\/\/crso.gov.mk\/sq\/wp-json\/wp\/v2\/pages\/1124","targetHints":{"allow":["GET"]}}],"collection":[{"href":"https:\/\/crso.gov.mk\/sq\/wp-json\/wp\/v2\/pages"}],"about":[{"href":"https:\/\/crso.gov.mk\/sq\/wp-json\/wp\/v2\/types\/page"}],"author":[{"embeddable":true,"href":"https:\/\/crso.gov.mk\/sq\/wp-json\/wp\/v2\/users\/1"}],"replies":[{"embeddable":true,"href":"https:\/\/crso.gov.mk\/sq\/wp-json\/wp\/v2\/comments?post=1124"}],"version-history":[{"count":0,"href":"https:\/\/crso.gov.mk\/sq\/wp-json\/wp\/v2\/pages\/1124\/revisions"}],"wp:attachment":[{"href":"https:\/\/crso.gov.mk\/sq\/wp-json\/wp\/v2\/media?parent=1124"}],"curies":[{"name":"wp","href":"https:\/\/api.w.org\/{rel}","templated":true}]}}