{"id":194,"date":"2025-07-10T13:32:45","date_gmt":"2025-07-10T13:32:45","guid":{"rendered":"http:\/\/csoo.ct.ws\/home\/?page_id=194"},"modified":"2026-02-05T18:26:26","modified_gmt":"2026-02-05T18:26:26","slug":"194-2","status":"publish","type":"page","link":"https:\/\/crso.gov.mk\/sq\/194-2\/","title":{"rendered":"Hulumtime dhe analiza"},"content":{"rendered":"<p><a href=\"http:\/\/www.csoo.edu.mk\/images\/DOCs\/Analizi17\/ans-ekonpravotrg.pdf\">Analiz\u00eb e sektorit t\u00eb ekonomis\u00eb, drejt\u00ebsis\u00eb dhe tregtis\u00eb<\/a>\u00a0<br><a href=\"http:\/\/www.csoo.edu.mk\/images\/DOCs\/Analizi17\/ans-elektrotehnika.pdf\">Analiz\u00eb e sektorit t\u00eb elektroteknik\u00ebs<\/a>\u00a0<br><a href=\"http:\/\/www.csoo.edu.mk\/images\/DOCs\/Analizi17\/ans-geologija.pdf\">Analiz\u00eb e sektorit t\u00eb gjeologjis\u00eb<\/a>\u00a0<br><a href=\"http:\/\/www.csoo.edu.mk\/images\/DOCs\/Analizi17\/ans-gradgeod.pdf\">Analiz\u00eb e sektorit t\u00eb nd\u00ebrtimtaris\u00eb dhe gjeodezis\u00eb<\/a>\u00a0<br><a href=\"http:\/\/www.csoo.edu.mk\/images\/DOCs\/Analizi17\/ans-graficarstvo.pdf\">Analiz\u00eb e sektorit t\u00eb grafik\u00ebs<\/a>\u00a0<br><a href=\"http:\/\/www.csoo.edu.mk\/images\/DOCs\/Analizi17\/ans-hemijatehn.pdf\">Analiz\u00eb e sektorit t\u00eb kimis\u00eb dhe teknologjis\u00eb<\/a>\u00a0<br><a href=\"http:\/\/www.csoo.edu.mk\/images\/DOCs\/Analizi17\/ans-licniusl.pdf\">Analiz\u00eb e sektorit t\u00eb sh\u00ebrbimeve personale<\/a>\u00a0<br><a href=\"http:\/\/www.csoo.edu.mk\/images\/DOCs\/Analizi17\/ans-masinstvo.pdf\">Analiz\u00eb e sektorit t\u00eb makineris\u00eb<\/a>\u00a0<br><a href=\"http:\/\/www.csoo.edu.mk\/images\/DOCs\/Analizi17\/ans-soobtransskl.pdf\">Analiz\u00eb e sektorit t\u00eb komunikacionit, transportit dhe magazinimit<\/a>\u00a0<br><a href=\"http:\/\/www.csoo.edu.mk\/images\/DOCs\/Analizi17\/ans-sumarstvo.pdf\">Analiz\u00eb e sektorit t\u00eb pylltaris\u00eb<\/a>\u00a0<br><a href=\"http:\/\/www.csoo.edu.mk\/images\/DOCs\/Analizi17\/ans-tekstilkozasl.pdf\">Analiz\u00eb e sektorit t\u00eb tekstilit, l\u00ebkur\u00ebs dhe produkteve t\u00eb ngjashme<\/a>\u00a0<br><a href=\"http:\/\/www.csoo.edu.mk\/images\/DOCs\/Analizi17\/ans-ugostur.pdf\">Analiz\u00eb e sektorit t\u00eb hoteleris\u00eb dhe turizmit<\/a>\u00a0<br><a href=\"http:\/\/www.csoo.edu.mk\/images\/DOCs\/Analizi17\/ans-zdrsoczast.pdf\">Analiz\u00eb e sektorit t\u00eb mjek\u00ebsis\u00eb dhe mbrojtjes sociale<\/a>\u00a0<br><a href=\"http:\/\/www.csoo.edu.mk\/images\/DOCs\/Analizi17\/ans-zemjribvet.pdf\">Analiz\u00eb e sektorit t\u00eb bujq\u00ebsis\u00eb, peshkataris\u00eb dhe veterinaris\u00eb<\/a><\/p>","protected":false},"excerpt":{"rendered":"<p>\u0410\u043d\u0430\u043b\u0438\u0437\u0430 \u043d\u0430 \u0441\u0435\u043a\u0442\u043e\u0440\u043e\u0442 \u0437\u0430 \u0435\u043a\u043e\u043d\u043e\u043c\u0438\u0458\u0430, \u043f\u0440\u0430\u0432\u043e \u0438 \u0442\u0440\u0433\u043e\u0432\u0438\u0458\u0430\u00a0\u0410\u043d\u0430\u043b\u0438\u0437\u0430 \u043d\u0430 \u0441\u0435\u043a\u0442\u043e\u0440\u043e\u0442 \u0437\u0430 \u0435\u043b\u0435\u043a\u0442\u0440\u043e\u0442\u0435\u0445\u043d\u0438\u043a\u0430\u00a0\u0410\u043d\u0430\u043b\u0438\u0437\u0430 \u043d\u0430 \u0441\u0435\u043a\u0442\u043e\u0440\u043e\u0442 \u0437\u0430 \u0433\u0435\u043e\u043b\u043e\u0433\u0438\u0458\u0430\u00a0\u0410\u043d\u0430\u043b\u0438\u0437\u0430 \u043d\u0430 \u0441\u0435\u043a\u0442\u043e\u0440\u043e\u0442 \u0437\u0430 \u0433\u0440\u0430\u0434\u0435\u0436\u043d\u0438\u0448\u0442\u0432\u043e<span class=\"more-dots\">&#8230;<\/span><\/p>","protected":false},"author":1,"featured_media":0,"parent":0,"menu_order":0,"comment_status":"closed","ping_status":"closed","template":"","meta":{"pagelayer_contact_templates":[],"_pagelayer_content":"","footnotes":""},"class_list":["post-194","page","type-page","status-publish","hentry","no-post-thumbnail"],"rttpg_featured_image_url":null,"rttpg_author":{"display_name":"admin","author_link":"https:\/\/crso.gov.mk\/sq\/author\/admin\/"},"rttpg_comment":0,"rttpg_category":null,"rttpg_excerpt":"\u0410\u043d\u0430\u043b\u0438\u0437\u0430 \u043d\u0430 \u0441\u0435\u043a\u0442\u043e\u0440\u043e\u0442 \u0437\u0430 \u0435\u043a\u043e\u043d\u043e\u043c\u0438\u0458\u0430, \u043f\u0440\u0430\u0432\u043e \u0438 \u0442\u0440\u0433\u043e\u0432\u0438\u0458\u0430\u00a0\u0410\u043d\u0430\u043b\u0438\u0437\u0430 \u043d\u0430 \u0441\u0435\u043a\u0442\u043e\u0440\u043e\u0442 \u0437\u0430 \u0435\u043b\u0435\u043a\u0442\u0440\u043e\u0442\u0435\u0445\u043d\u0438\u043a\u0430\u00a0\u0410\u043d\u0430\u043b\u0438\u0437\u0430 \u043d\u0430 \u0441\u0435\u043a\u0442\u043e\u0440\u043e\u0442 \u0437\u0430 \u0433\u0435\u043e\u043b\u043e\u0433\u0438\u0458\u0430\u00a0\u0410\u043d\u0430\u043b\u0438\u0437\u0430 \u043d\u0430 \u0441\u0435\u043a\u0442\u043e\u0440\u043e\u0442 \u0437\u0430 \u0433\u0440\u0430\u0434\u0435\u0436\u043d\u0438\u0448\u0442\u0432\u043e...","_links":{"self":[{"href":"https:\/\/crso.gov.mk\/sq\/wp-json\/wp\/v2\/pages\/194","targetHints":{"allow":["GET"]}}],"collection":[{"href":"https:\/\/crso.gov.mk\/sq\/wp-json\/wp\/v2\/pages"}],"about":[{"href":"https:\/\/crso.gov.mk\/sq\/wp-json\/wp\/v2\/types\/page"}],"author":[{"embeddable":true,"href":"https:\/\/crso.gov.mk\/sq\/wp-json\/wp\/v2\/users\/1"}],"replies":[{"embeddable":true,"href":"https:\/\/crso.gov.mk\/sq\/wp-json\/wp\/v2\/comments?post=194"}],"version-history":[{"count":0,"href":"https:\/\/crso.gov.mk\/sq\/wp-json\/wp\/v2\/pages\/194\/revisions"}],"wp:attachment":[{"href":"https:\/\/crso.gov.mk\/sq\/wp-json\/wp\/v2\/media?parent=194"}],"curies":[{"name":"wp","href":"https:\/\/api.w.org\/{rel}","templated":true}]}}