{"id":201,"date":"2025-07-10T13:38:45","date_gmt":"2025-07-10T13:38:45","guid":{"rendered":"http:\/\/csoo.ct.ws\/home\/?page_id=201"},"modified":"2025-07-10T13:38:45","modified_gmt":"2025-07-10T13:38:45","slug":"201-2","status":"publish","type":"page","link":"https:\/\/crso.gov.mk\/sq\/201-2\/","title":{"rendered":"Strategji"},"content":{"rendered":"<p><a href=\"https:\/\/crso.gov.mk\/wp-content\/uploads\/2026\/01\/strategija-za-komunikacija-na-csoo.pdf\" data-type=\"link\" data-id=\"https:\/\/crso.gov.mk\/wp-content\/uploads\/2026\/01\/strategija-za-komunikacija-na-csoo.pdf\" target=\"_blank\" rel=\"noreferrer noopener\">Strategjia e komunikimit e Qendr\u00ebs p\u00ebr Arsim dhe Aft\u00ebsim Profesional (QZhAP)<\/a><\/p>\n\n\n\n<p><\/p>","protected":false},"excerpt":{"rendered":"<p>Strategjia e komunikimit e Qendr\u00ebs p\u00ebr Arsim dhe Aft\u00ebsim Profesional (QZhAP)<\/p>","protected":false},"author":1,"featured_media":0,"parent":0,"menu_order":0,"comment_status":"closed","ping_status":"closed","template":"","meta":{"pagelayer_contact_templates":[],"_pagelayer_content":"","footnotes":""},"class_list":["post-201","page","type-page","status-publish","hentry","no-post-thumbnail"],"rttpg_featured_image_url":null,"rttpg_author":{"display_name":"admin","author_link":"https:\/\/crso.gov.mk\/sq\/author\/admin\/"},"rttpg_comment":0,"rttpg_category":null,"rttpg_excerpt":"\u0421\u0442\u0440\u0430\u0442\u0435\u0433\u0438\u0458\u0430 \u0437\u0430 \u043a\u043e\u043c\u0443\u043d\u0438\u043a\u0430\u0446\u0438\u0458\u0430 \u043d\u0430 \u0446\u0435\u043d\u0442\u0430\u0440\u043e\u0442 \u0437\u0430 \u0441\u0442\u0440\u0443\u0447\u043d\u043e \u043e\u0431\u0440\u0430\u0437\u043e\u0432\u0430\u043d\u0438\u0435 \u0438 \u043e\u0431\u0443\u043a\u0430 (\u0426\u0420\u0421\u041e)","_links":{"self":[{"href":"https:\/\/crso.gov.mk\/sq\/wp-json\/wp\/v2\/pages\/201","targetHints":{"allow":["GET"]}}],"collection":[{"href":"https:\/\/crso.gov.mk\/sq\/wp-json\/wp\/v2\/pages"}],"about":[{"href":"https:\/\/crso.gov.mk\/sq\/wp-json\/wp\/v2\/types\/page"}],"author":[{"embeddable":true,"href":"https:\/\/crso.gov.mk\/sq\/wp-json\/wp\/v2\/users\/1"}],"replies":[{"embeddable":true,"href":"https:\/\/crso.gov.mk\/sq\/wp-json\/wp\/v2\/comments?post=201"}],"version-history":[{"count":0,"href":"https:\/\/crso.gov.mk\/sq\/wp-json\/wp\/v2\/pages\/201\/revisions"}],"wp:attachment":[{"href":"https:\/\/crso.gov.mk\/sq\/wp-json\/wp\/v2\/media?parent=201"}],"curies":[{"name":"wp","href":"https:\/\/api.w.org\/{rel}","templated":true}]}}