{"id":207,"date":"2025-07-10T13:43:01","date_gmt":"2025-07-10T13:43:01","guid":{"rendered":"http:\/\/csoo.ct.ws\/home\/?page_id=207"},"modified":"2026-02-05T18:30:19","modified_gmt":"2026-02-05T18:30:19","slug":"normativi","status":"publish","type":"page","link":"https:\/\/crso.gov.mk\/sq\/normativi\/","title":{"rendered":"Normativ\u00eb"},"content":{"rendered":"<p><a href=\"https:\/\/crso.gov.mk\/wp-content\/uploads\/2026\/02\/normativ_za_nastaven_kadar_web-1.pdf\" data-type=\"link\" data-id=\"https:\/\/crso.gov.mk\/wp-content\/uploads\/2026\/02\/normativ_za_nastaven_kadar_web-1.pdf\" target=\"_blank\" rel=\"noreferrer noopener\">Normativ p\u00ebr stafin m\u00ebsimor n\u00eb arsimin dhe aft\u00ebsimin profesional t\u00eb mes\u00ebm\u00a0<\/a><\/p>\n\n\n\n<p><a href=\"http:\/\/www.csoo.edu.mk\/images\/stories\/NORMATIV%20ZA%20NASTAVNI%20SRETSTVA%20I%20POMAGALA.doc\" target=\"_blank\" rel=\"noreferrer noopener\">&nbsp;Normativ p\u00ebr mjete dhe ndihm\u00eb m\u00ebsimore<\/a><\/p>\n\n\n\n<p><\/p>","protected":false},"excerpt":{"rendered":"<p>\u041d\u043e\u0440\u043c\u0430\u0442\u0438\u0432 \u0437\u0430 \u043d\u0430\u0441\u0442\u0430\u0432\u0435\u043d \u043a\u0430\u0434\u0430\u0440 \u0432\u043e \u0441\u0440\u0435\u0434\u043d\u043e\u0442\u043e \u0441\u0442\u0440\u0443\u0447\u043d\u043e \u043e\u0431\u0440\u0430\u0437\u043e\u0432\u0430\u043d\u0438\u0435\u00a0 &nbsp;\u041d\u043e\u0440\u043c\u0430\u0442\u0438\u0432 \u0437\u0430 \u043d\u0430\u0441\u0442\u0430\u0432\u043d\u0438 \u0441\u0440\u0435\u0434\u0441\u0442\u0432\u0430 \u0438 \u043f\u043e\u043c\u0430\u0433\u0430\u043b\u0430<\/p>","protected":false},"author":1,"featured_media":0,"parent":0,"menu_order":0,"comment_status":"closed","ping_status":"closed","template":"","meta":{"pagelayer_contact_templates":[],"_pagelayer_content":"","footnotes":""},"class_list":["post-207","page","type-page","status-publish","hentry","no-post-thumbnail"],"rttpg_featured_image_url":null,"rttpg_author":{"display_name":"admin","author_link":"https:\/\/crso.gov.mk\/sq\/author\/admin\/"},"rttpg_comment":0,"rttpg_category":null,"rttpg_excerpt":"\u041d\u043e\u0440\u043c\u0430\u0442\u0438\u0432 \u0437\u0430 \u043d\u0430\u0441\u0442\u0430\u0432\u0435\u043d \u043a\u0430\u0434\u0430\u0440 \u0432\u043e \u0441\u0440\u0435\u0434\u043d\u043e\u0442\u043e \u0441\u0442\u0440\u0443\u0447\u043d\u043e \u043e\u0431\u0440\u0430\u0437\u043e\u0432\u0430\u043d\u0438\u0435\u00a0 &nbsp;\u041d\u043e\u0440\u043c\u0430\u0442\u0438\u0432 \u0437\u0430 \u043d\u0430\u0441\u0442\u0430\u0432\u043d\u0438 \u0441\u0440\u0435\u0434\u0441\u0442\u0432\u0430 \u0438 \u043f\u043e\u043c\u0430\u0433\u0430\u043b\u0430","_links":{"self":[{"href":"https:\/\/crso.gov.mk\/sq\/wp-json\/wp\/v2\/pages\/207","targetHints":{"allow":["GET"]}}],"collection":[{"href":"https:\/\/crso.gov.mk\/sq\/wp-json\/wp\/v2\/pages"}],"about":[{"href":"https:\/\/crso.gov.mk\/sq\/wp-json\/wp\/v2\/types\/page"}],"author":[{"embeddable":true,"href":"https:\/\/crso.gov.mk\/sq\/wp-json\/wp\/v2\/users\/1"}],"replies":[{"embeddable":true,"href":"https:\/\/crso.gov.mk\/sq\/wp-json\/wp\/v2\/comments?post=207"}],"version-history":[{"count":0,"href":"https:\/\/crso.gov.mk\/sq\/wp-json\/wp\/v2\/pages\/207\/revisions"}],"wp:attachment":[{"href":"https:\/\/crso.gov.mk\/sq\/wp-json\/wp\/v2\/media?parent=207"}],"curies":[{"name":"wp","href":"https:\/\/api.w.org\/{rel}","templated":true}]}}