{"id":2784,"date":"2026-01-02T21:45:42","date_gmt":"2026-01-02T21:45:42","guid":{"rendered":"https:\/\/crso.gov.mk\/?page_id=2784"},"modified":"2026-02-28T23:44:53","modified_gmt":"2026-02-28T23:44:53","slug":"koncepcii","status":"publish","type":"page","link":"https:\/\/crso.gov.mk\/sq\/koncepcii\/","title":{"rendered":"Koncepte"},"content":{"rendered":"<p><strong>Koncepte p\u00ebr p\u00ebrgatitje:<\/strong>:<\/p>\n\n\n\n<p><a href=\"https:\/\/crso.gov.mk\/wp-content\/uploads\/2026\/01\/koncepcija-za-izrabotka-na-ucebnik.pdf\" data-type=\"link\" data-id=\"https:\/\/crso.gov.mk\/wp-content\/uploads\/2026\/01\/koncepcija-za-izrabotka-na-ucebnik.pdf\" target=\"_blank\" rel=\"noreferrer noopener\">Koncept p\u00ebr p\u00ebrgatitjen e tekstit shkollor (2025)<\/a><\/p>\n\n\n\n<p><a href=\"https:\/\/drive.google.com\/open?id=1AFMsJxeNJXZA_UZRXEYNndfymWV_Xram\" target=\"_blank\" rel=\"noreferrer noopener\">Raport i grupit t\u00eb pun\u00ebs p\u00ebr M\u00ebsimin p\u00ebrmes Pun\u00ebs n\u00eb Republik\u00ebn e Maqedonis\u00eb s\u00eb Veriut (2017\u20132018)<\/a><\/p>\n\n\n\n<p><a href=\"https:\/\/crso.gov.mk\/wp-content\/uploads\/2026\/01\/koncept-na-ucenje-preku-rabota.pdf\" data-type=\"link\" data-id=\"https:\/\/crso.gov.mk\/wp-content\/uploads\/2026\/01\/koncept-na-ucenje-preku-rabota.pdf\" target=\"_blank\" rel=\"noreferrer noopener\">Koncepti i M\u00ebsimit p\u00ebrmes Pun\u00ebs n\u00eb Republik\u00ebn e Maqedonis\u00eb s\u00eb Veriut<\/a><\/p>\n\n\n\n<h5 class=\"wp-block-heading\">PROPOZIM-KONCEPT P\u00cbR MODERNIZIMIN E ARSIMIT TEKNIK<\/h5>\n\n\n\n<p>Qendra p\u00ebr Arsim dhe Aft\u00ebsim Profesional, n\u00eb bashk\u00ebpunim me Projektin p\u00ebr Zhvillimin e Aft\u00ebsive dhe Mb\u00ebshtetjen e Inovacionit t\u00eb Ministris\u00eb s\u00eb Arsimit dhe Shkenc\u00ebs, p\u00ebrgatiti\u00a0<a href=\"https:\/\/crso.gov.mk\/wp-content\/uploads\/2026\/01\/conceptpaperdraft_mk_pd.pdf\" data-type=\"link\" data-id=\"https:\/\/crso.gov.mk\/wp-content\/uploads\/2026\/01\/conceptpaperdraft_mk_pd.pdf\">Propozim Koncepti p\u00ebr Modernizimin e Arsimit Teknik<\/a>\u00a0(arsim dhe aft\u00ebsim profesional i mes\u00ebm me koh\u00ebzgjatje kat\u00ebrvje\u00e7are) n\u00eb Republik\u00ebn e Maqedonis\u00eb.<\/p>\n\n\n\n<p>Komentet dhe sugjerimet tuaja mbi tekstin e Propozim-Konceptit mund t\u2019i d\u00ebrgoni n\u00eb m\u00ebnyr\u00eb elektronike n\u00eb adres\u00ebn e internetit:\u00a0<a href=\"mailto:biljana@csoo.edu.mk\">biljana.apostolovska@crso.gov.mk<\/a>, s\u00eb voni deri m\u00eb 22.11.2016.<\/p>\n\n\n\n<p><a href=\"https:\/\/crso.gov.mk\/wp-content\/uploads\/2026\/01\/to1.pdf\" data-type=\"link\" data-id=\"https:\/\/crso.gov.mk\/wp-content\/uploads\/2026\/01\/to1.pdf\">Koncept p\u00ebr modernizimin e arsimit teknik<\/a><\/p>\n\n\n\n<p><a href=\"https:\/\/crso.gov.mk\/wp-content\/uploads\/2026\/01\/so1.pdf\" data-type=\"link\" data-id=\"https:\/\/crso.gov.mk\/wp-content\/uploads\/2026\/01\/so1.pdf\" target=\"_blank\" rel=\"noreferrer noopener\">Koncept p\u00ebr arsim profesional sipas profesioneve<\/a><\/p>\n\n\n\n<p><a href=\"https:\/\/crso.gov.mk\/wp-content\/uploads\/2026\/01\/koncepcija-na-strucnoto-osposobuvanje.pdf\" data-type=\"link\" data-id=\"https:\/\/crso.gov.mk\/wp-content\/uploads\/2026\/01\/koncepcija-na-strucnoto-osposobuvanje.pdf\" target=\"_blank\" rel=\"noreferrer noopener\">Koncept p\u00ebr aft\u00ebsim profesional<\/a><\/p>\n\n\n\n<p><a href=\"https:\/\/crso.gov.mk\/wp-content\/uploads\/2026\/01\/koncepcija-za-postsredno-obrazovanie.pdf\" data-type=\"link\" data-id=\"https:\/\/crso.gov.mk\/wp-content\/uploads\/2026\/01\/koncepcija-za-postsredno-obrazovanie.pdf\" target=\"_blank\" rel=\"noreferrer noopener\">Koncept p\u00ebr arsim pasdiplomik t\u00eb mes\u00ebm<\/a><\/p>\n\n\n\n<p><a href=\"https:\/\/crso.gov.mk\/wp-content\/uploads\/2026\/01\/opstdrzv-kurikulum.pdf\" data-type=\"link\" data-id=\"https:\/\/crso.gov.mk\/wp-content\/uploads\/2026\/01\/opstdrzv-kurikulum.pdf\">Kurrikulum i p\u00ebrgjithsh\u00ebm shtet\u00ebror p\u00ebr arsimin dhe aft\u00ebsimin profesional t\u00eb reformuar t\u00eb mes\u00ebm<\/a><\/p>","protected":false},"excerpt":{"rendered":"<p>\u041a\u043e\u043d\u0446\u0435\u043f\u0446\u0438\u0438 \u0437\u0430 \u0438\u0437\u0440\u0430\u0431\u043e\u0442\u043a\u0430: \u041a\u043e\u043d\u0446\u0435\u043f\u0446\u0438\u0458\u0430 \u0437\u0430 \u0438\u0437\u0440\u0430\u0431\u043e\u0442\u043a\u0430 \u043d\u0430 \u0443\u0447\u0435\u0431\u043d\u0438\u043a (2025) \u0418\u0437\u0432\u0435\u0448\u0442\u0430\u0458 \u043d\u0430 \u0440\u0430\u0431\u043e\u0442\u043d\u0430\u0442\u0430 \u0433\u0440\u0443\u043f\u0430 \u0437\u0430 \u0423\u0447\u0435\u045a\u0435 \u043f\u0440\u0435\u043a\u0443 \u0440\u0430\u0431\u043e\u0442\u0430 \u0432\u043e \u0420\u0435\u043f\u0443\u0431\u043b\u0438\u043a\u0430 \u0421\u0435\u0432\u0435\u0440\u043d\u0430<span class=\"more-dots\">&#8230;<\/span><\/p>","protected":false},"author":1,"featured_media":0,"parent":0,"menu_order":0,"comment_status":"closed","ping_status":"closed","template":"","meta":{"pagelayer_contact_templates":[],"_pagelayer_content":"","footnotes":""},"class_list":["post-2784","page","type-page","status-publish","hentry","no-post-thumbnail"],"rttpg_featured_image_url":null,"rttpg_author":{"display_name":"admin","author_link":"https:\/\/crso.gov.mk\/sq\/author\/admin\/"},"rttpg_comment":0,"rttpg_category":null,"rttpg_excerpt":"\u041a\u043e\u043d\u0446\u0435\u043f\u0446\u0438\u0438 \u0437\u0430 \u0438\u0437\u0440\u0430\u0431\u043e\u0442\u043a\u0430: \u041a\u043e\u043d\u0446\u0435\u043f\u0446\u0438\u0458\u0430 \u0437\u0430 \u0438\u0437\u0440\u0430\u0431\u043e\u0442\u043a\u0430 \u043d\u0430 \u0443\u0447\u0435\u0431\u043d\u0438\u043a (2025) \u0418\u0437\u0432\u0435\u0448\u0442\u0430\u0458 \u043d\u0430 \u0440\u0430\u0431\u043e\u0442\u043d\u0430\u0442\u0430 \u0433\u0440\u0443\u043f\u0430 \u0437\u0430 \u0423\u0447\u0435\u045a\u0435 \u043f\u0440\u0435\u043a\u0443 \u0440\u0430\u0431\u043e\u0442\u0430 \u0432\u043e \u0420\u0435\u043f\u0443\u0431\u043b\u0438\u043a\u0430 \u0421\u0435\u0432\u0435\u0440\u043d\u0430...","_links":{"self":[{"href":"https:\/\/crso.gov.mk\/sq\/wp-json\/wp\/v2\/pages\/2784","targetHints":{"allow":["GET"]}}],"collection":[{"href":"https:\/\/crso.gov.mk\/sq\/wp-json\/wp\/v2\/pages"}],"about":[{"href":"https:\/\/crso.gov.mk\/sq\/wp-json\/wp\/v2\/types\/page"}],"author":[{"embeddable":true,"href":"https:\/\/crso.gov.mk\/sq\/wp-json\/wp\/v2\/users\/1"}],"replies":[{"embeddable":true,"href":"https:\/\/crso.gov.mk\/sq\/wp-json\/wp\/v2\/comments?post=2784"}],"version-history":[{"count":1,"href":"https:\/\/crso.gov.mk\/sq\/wp-json\/wp\/v2\/pages\/2784\/revisions"}],"predecessor-version":[{"id":3300,"href":"https:\/\/crso.gov.mk\/sq\/wp-json\/wp\/v2\/pages\/2784\/revisions\/3300"}],"wp:attachment":[{"href":"https:\/\/crso.gov.mk\/sq\/wp-json\/wp\/v2\/media?parent=2784"}],"curies":[{"name":"wp","href":"https:\/\/api.w.org\/{rel}","templated":true}]}}