{"id":2856,"date":"2025-07-09T18:43:00","date_gmt":"2025-07-09T18:43:00","guid":{"rendered":"http:\/\/csoo.ct.ws\/home\/?page_id=21"},"modified":"2025-07-09T18:43:00","modified_gmt":"2025-07-09T18:43:00","slug":"%d0%bc%d0%b8%d1%81%d0%b8%d1%98%d0%b0-%d0%b2%d0%b8%d0%b7%d0%b8%d1%98%d0%b0","status":"publish","type":"page","link":"https:\/\/crso.gov.mk\/sq\/%d0%bc%d0%b8%d1%81%d0%b8%d1%98%d0%b0-%d0%b2%d0%b8%d0%b7%d0%b8%d1%98%d0%b0\/","title":{"rendered":"Vizioni dhe misioni"},"content":{"rendered":"<p>Qendra p\u00ebr Arsim Profesional dhe Trajnim (n\u00eb tekstin e m\u00ebposht\u00ebm: Qendra), \u00ebsht\u00eb institucion publik profesional q\u00eb siguron p\u00ebrkrahje dhe zhvillim t\u00eb arsimit profesional dhe t\u00eb gjitha subjekteve t\u00eb interesuara p\u00ebr arsimin profesional n\u00eb R. e Maqedonis\u00eb (partner\u00ebve social\u00eb, institucioneve arsimore, nx\u00ebn\u00ebsve, m\u00ebsimdh\u00ebn\u00ebsve, etj).<\/p>\n\n\n\n<p>&nbsp;&nbsp;&nbsp; Misioni i Qendr\u00ebs \u00ebsht\u00eb q\u00eb t\u00eb siguroj\u00eb arsim cil\u00ebsor profesional dhe trajnim q\u00eb do t\u2019ju p\u00ebrgjigjen k\u00ebrkesave t\u00eb tregut t\u00eb pun\u00ebs, t\u00eb kontribuoj\u00eb n\u00eb rritjen e shkall\u00ebs s\u00eb pun\u00ebsimit t\u00eb t\u00eb rinjve dhe t\u00eb p\u00ebrmir\u00ebsoj\u00eb efektin e konkurrenc\u00ebs s\u00eb biznesit.&nbsp;<\/p>\n\n\n\n<p>&nbsp; Qendra, misionin do ta realizoj\u00eb duke krijuar premisa p\u00ebr vendosjen e sistemit fleksibil t\u00eb arsimit profesional dhe t\u00eb filozofis\u00eb s\u00eb arsimit t\u00eb p\u00ebrjetsh\u00ebm, q\u00eb n\u00ebnkupton:<\/p>\n\n\n\n<ul class=\"wp-block-list\">\n<li>p\u00ebrfaq\u00ebsim i plot\u00eb dhe i vazhduesh\u00ebm i arsimit profesional t\u00eb t\u00eb gjith\u00eb personave n\u00eb shoq\u00ebri;<\/li>\n\n\n\n<li>arsim, n\u00eb kushte dhe n\u00eb m\u00ebnyr\u00eb, ku n\u00eb mas\u00eb t\u00eb madhe p\u00ebrputhen me k\u00ebrkesat reale dhe mund\u00ebsit\u00eb e atyre q\u00eb m\u00ebsojn\u00eb dhe jan\u00eb n\u00eb p\u00ebrputhshm\u00ebri me mund\u00ebsit\u00eb dhe k\u00ebrkesat e mjedisit lokal;<\/li>\n\n\n\n<li>zgjerimi i mund\u00ebsive p\u00ebr m\u00ebsim n\u00ebp\u00ebrmjet pluralizmit institucional, programor dhe organizativ n\u00eb realizimin e arsimit dhe lidhshm\u00ebria e arsimit formal me at\u00eb jo formal;<\/li>\n\n\n\n<li>sigurimi i cil\u00ebsis\u00eb dhe profesionalizmit n\u00eb realizimin e arsimit profesional q\u00eb n\u00ebnkupton verifikim shoq\u00ebror t\u00eb standardeve dhe p\u00ebr programet dhe p\u00ebr institucionet.<\/li>\n<\/ul>\n\n\n\n<p>&nbsp;&nbsp;&nbsp; Qendra, misionin e vet do ta realizoj\u00eb n\u00ebp\u00ebrmjet:<\/p>\n\n\n\n<ul class=\"wp-block-list\">\n<li>sigurimit t\u00eb cil\u00ebsis\u00eb n\u00eb arsimin e mes\u00ebm, p\u00ebrcjelljen permanente dhe evoluimin e rezultateve t\u00eb nx\u00ebn\u00ebsve, m\u00ebsimdh\u00ebn\u00ebsve dhe shkollave;<\/li>\n\n\n\n<li>sigurimin e l\u00ebvizjes m\u00eb t\u00eb mir\u00eb vertikale dhe horizontale t\u00eb nx\u00ebn\u00ebsve n\u00eb sistemin e arsimit t\u00eb mes\u00ebm dhe zhvillimin e tyre t\u00eb m\u00ebtejm\u00eb;<\/li>\n\n\n\n<li>plot\u00ebsimin e k\u00ebrkesave n\u00eb rritjen ekonomike n\u00eb aspektin e aft\u00ebsimit t\u00eb kuadrove p\u00ebr p\u00ebrfitimin e kompetencave t\u00eb reja (diturive, shkatht\u00ebsive, aft\u00ebsive);<\/li>\n\n\n\n<li>idhshm\u00ebrin\u00eb cil\u00ebsore nd\u00ebrmjet arsimit dhe tregut t\u00eb pun\u00ebs dhe krijimin e lidhjeve m\u00eb fleksibile;<\/li>\n\n\n\n<li>p\u00ebrvet\u00ebsimin e vazhduesh\u00ebm dhe rinovimin e standardeve t\u00eb profesioneve dhe programeve arsimore;<\/li>\n\n\n\n<li>aplikimin e programeve t\u00eb reja arsimore;<\/li>\n\n\n\n<li>p\u00ebrmbushjen e ekuilibrit nd\u00ebrmjet arsimit t\u00eb p\u00ebrgjithsh\u00ebm dhe atij profesional<\/li>\n\n\n\n<li>sigurimin e kushteve p\u00ebr marrjen e diplomave dhe certifikatave p\u00ebr kualifikime q\u00eb jan\u00eb n\u00eb p\u00ebrputhje me standardet evropiane;<\/li>\n\n\n\n<li>zhvillimin e sistemit t\u00eb standardeve t\u00eb profesioneve, standardeve arsimore, standardeve p\u00ebr institucionet dhe m\u00ebsimdh\u00ebn\u00ebsit;<\/li>\n\n\n\n<li>realizimin dhe p\u00ebrputhshm\u00ebrin\u00eb e rrjetit t\u00eb shkollave t\u00eb mesme profesionale me k\u00ebrkesat e ekonomis\u00eb, tregut t\u00eb pun\u00ebs dhe politik\u00ebs s\u00eb pun\u00ebsimit;<\/li>\n\n\n\n<li>sigurimin e burimeve t\u00eb ndryshme p\u00ebr financimin e arsimit profesional dhe tjera.\u00a0<\/li>\n<\/ul>","protected":false},"excerpt":{"rendered":"<p>\u0426\u0435\u043d\u0442\u0430\u0440\u043e\u0442 \u0437\u0430 \u0441\u0442\u0440\u0443\u0447\u043d\u043e \u043e\u0431\u0440\u0430\u0437\u043e\u0432\u0430\u043d\u0438\u0435 \u0438 \u043e\u0431\u0443\u043a\u0430 (\u0432\u043e \u043d\u0430\u0442\u0430\u043c\u043e\u0448\u043d\u0438\u043e\u0442 \u0442\u0435\u043a\u0441\u0442: \u0426\u0435\u043d\u0442\u0430\u0440), \u0435 \u043f\u0440\u043e\u0444\u0435\u0441\u0438\u043e\u043d\u0430\u043b\u043d\u0430 \u0458\u0430\u0432\u043d\u0430 \u0443\u0441\u0442\u0430\u043d\u043e\u0432\u0430 \u043a\u043e\u0458\u0430 \u043e\u0431\u0435\u0437\u0431\u0435\u0434\u0443\u0432\u0430 \u043f\u043e\u0434\u0434\u0440\u0448\u043a\u0430 \u0438 \u0440\u0430\u0437\u0432\u043e\u0458 \u043d\u0430<span class=\"more-dots\">&#8230;<\/span><\/p>","protected":false},"author":1,"featured_media":0,"parent":0,"menu_order":0,"comment_status":"closed","ping_status":"closed","template":"","meta":{"pagelayer_contact_templates":[],"_pagelayer_content":"","footnotes":""},"class_list":["post-2856","page","type-page","status-publish","hentry","no-post-thumbnail"],"rttpg_featured_image_url":null,"rttpg_author":{"display_name":"admin","author_link":"https:\/\/crso.gov.mk\/sq\/author\/admin\/"},"rttpg_comment":0,"rttpg_category":null,"rttpg_excerpt":"\u0426\u0435\u043d\u0442\u0430\u0440\u043e\u0442 \u0437\u0430 \u0441\u0442\u0440\u0443\u0447\u043d\u043e \u043e\u0431\u0440\u0430\u0437\u043e\u0432\u0430\u043d\u0438\u0435 \u0438 \u043e\u0431\u0443\u043a\u0430 (\u0432\u043e \u043d\u0430\u0442\u0430\u043c\u043e\u0448\u043d\u0438\u043e\u0442 \u0442\u0435\u043a\u0441\u0442: \u0426\u0435\u043d\u0442\u0430\u0440), \u0435 \u043f\u0440\u043e\u0444\u0435\u0441\u0438\u043e\u043d\u0430\u043b\u043d\u0430 \u0458\u0430\u0432\u043d\u0430 \u0443\u0441\u0442\u0430\u043d\u043e\u0432\u0430 \u043a\u043e\u0458\u0430 \u043e\u0431\u0435\u0437\u0431\u0435\u0434\u0443\u0432\u0430 \u043f\u043e\u0434\u0434\u0440\u0448\u043a\u0430 \u0438 \u0440\u0430\u0437\u0432\u043e\u0458 \u043d\u0430...","_links":{"self":[{"href":"https:\/\/crso.gov.mk\/sq\/wp-json\/wp\/v2\/pages\/2856","targetHints":{"allow":["GET"]}}],"collection":[{"href":"https:\/\/crso.gov.mk\/sq\/wp-json\/wp\/v2\/pages"}],"about":[{"href":"https:\/\/crso.gov.mk\/sq\/wp-json\/wp\/v2\/types\/page"}],"author":[{"embeddable":true,"href":"https:\/\/crso.gov.mk\/sq\/wp-json\/wp\/v2\/users\/1"}],"replies":[{"embeddable":true,"href":"https:\/\/crso.gov.mk\/sq\/wp-json\/wp\/v2\/comments?post=2856"}],"version-history":[{"count":0,"href":"https:\/\/crso.gov.mk\/sq\/wp-json\/wp\/v2\/pages\/2856\/revisions"}],"wp:attachment":[{"href":"https:\/\/crso.gov.mk\/sq\/wp-json\/wp\/v2\/media?parent=2856"}],"curies":[{"name":"wp","href":"https:\/\/api.w.org\/{rel}","templated":true}]}}