{"id":2857,"date":"2025-07-09T18:48:37","date_gmt":"2025-07-09T18:48:37","guid":{"rendered":"http:\/\/csoo.ct.ws\/home\/?page_id=24"},"modified":"2026-02-05T17:55:22","modified_gmt":"2026-02-05T17:55:22","slug":"organizacziska-struktura","status":"publish","type":"page","link":"https:\/\/crso.gov.mk\/sq\/organizacziska-struktura\/","title":{"rendered":"Struktura organizative"},"content":{"rendered":"<p><a href=\"https:\/\/drive.google.com\/file\/d\/1whC7I75gVFM3Q7yZqUF0M1jxrwkdzfqA\/view\" data-type=\"link\" data-id=\"https:\/\/drive.google.com\/file\/d\/1whC7I75gVFM3Q7yZqUF0M1jxrwkdzfqA\/view\" target=\"_blank\" rel=\"noreferrer noopener\">Raporti nga Analiza  funksionale  e zbatuar n\u00eb Qendr\u00ebn p\u00ebr Zhvillimin e Arsimit Profesional<\/a><\/p>\n\n\n\n<p><a href=\"https:\/\/drive.google.com\/file\/d\/19LeMYCUp3p7kgtn_B9luz8QsEGpx4r8A\/view?usp=share_link\" data-type=\"link\" data-id=\"https:\/\/drive.google.com\/file\/d\/1zhC90oCd7B3n1CO1VVB7XUzlLFcXb0cI\/view\" target=\"_blank\" rel=\"noreferrer noopener\">Organogram i Qendr\u00ebs p\u00ebr arsim profesional dhe trajnim<\/a> <\/p>\n\n\n\n<p><a href=\"https:\/\/drive.google.com\/file\/d\/1-GQ1dxtlWdleflVJiPBNQ-wDDgSK4yH6\/view?usp=share_link\" data-type=\"link\" data-id=\"https:\/\/drive.google.com\/file\/d\/1g5b35GF8Elr5Gpdb115bmhpqVBfRVvGk\/view\" target=\"_blank\" rel=\"noreferrer noopener\">Rregullore p\u00ebr sistematizimin e vendeve t\u00eb pun\u00ebs n\u00eb qendr\u00ebn p\u00ebr arsim profesional dhe trajnim<\/a><\/p>\n\n\n\n<p><a href=\"https:\/\/drive.google.com\/file\/d\/1e8tXiEVZB0vmYwWDOjuYVacJghJrl3rT\/view?usp=share_link\" target=\"_blank\" rel=\"noreferrer noopener\">Rregullore p\u00ebr ndryshimin dhe plot\u00ebsimin e Rregullores p\u00ebr sistemimin e vendeve t\u00eb pun\u00ebs n\u00eb Qendr\u00ebn p\u00ebr Arsim Profesional dhe Trajnim<\/a><\/p>\n\n\n\n<p><a href=\"https:\/\/drive.google.com\/file\/d\/1hMxiBDz_N2DnE2nQX-fkcEiB48fIOguF\/view?usp=share_link\" target=\"_blank\" rel=\"noreferrer noopener\">Rregullore p\u00ebr organizimin e brendsh\u00ebm t\u00eb Qendr\u00ebs p\u00ebr Arsim Profesional dhe Trajnim<\/a><\/p>\n\n\n\n<p><a href=\"https:\/\/drive.google.com\/file\/d\/1BFDKP6642VTaL7j8UVTdzmoB9fISsbsy\/view?usp=share_link\" target=\"_blank\" rel=\"noreferrer noopener\">Pasqyra tabelare e vendeve t\u00eb pun\u00ebs n\u00eb qendr\u00ebn p\u00ebr arsim profesional dhe trajnim<\/a><\/p>","protected":false},"excerpt":{"rendered":"<p>\u0418\u0437\u0432\u0435\u0448\u0442\u0430\u0458 \u043e\u0434 \u0441\u043f\u0440\u043e\u0432\u0435\u0434\u0435\u043d\u0430 \u0424\u0443\u043d\u043a\u0446\u0438\u043e\u043d\u0430\u043b\u043d\u0430 \u0430\u043d\u0430\u043b\u0438\u0437\u0430 \u0432\u043e \u0426\u0435\u043d\u0442\u0430\u0440\u043e\u0442 \u0437\u0430 \u0440\u0430\u0437\u0432\u043e\u0458 \u043d\u0430 \u0441\u0442\u0440\u0443\u0447\u043d\u043e\u0442\u043e \u043e\u0431\u0440\u0430\u0437\u043e\u0432\u0430\u043d\u0438\u0435 \u041e\u0440\u0433\u0430\u043d\u043e\u0433\u0440\u0430\u043c \u043d\u0430 \u0426\u0435\u043d\u0442\u0430\u0440\u043e\u0442 \u0437\u0430 \u0441\u0442\u0440\u0443\u0447\u043d\u043e \u043e\u0431\u0440\u0430\u0437\u043e\u0432\u0430\u043d\u0438\u0435 \u0438 \u043e\u0431\u0443\u043a\u0430<span class=\"more-dots\">&#8230;<\/span><\/p>","protected":false},"author":1,"featured_media":0,"parent":0,"menu_order":0,"comment_status":"closed","ping_status":"closed","template":"","meta":{"pagelayer_contact_templates":[],"_pagelayer_content":"","footnotes":""},"class_list":["post-2857","page","type-page","status-publish","hentry","no-post-thumbnail"],"rttpg_featured_image_url":null,"rttpg_author":{"display_name":"admin","author_link":"https:\/\/crso.gov.mk\/sq\/author\/admin\/"},"rttpg_comment":0,"rttpg_category":null,"rttpg_excerpt":"\u0418\u0437\u0432\u0435\u0448\u0442\u0430\u0458 \u043e\u0434 \u0441\u043f\u0440\u043e\u0432\u0435\u0434\u0435\u043d\u0430 \u0424\u0443\u043d\u043a\u0446\u0438\u043e\u043d\u0430\u043b\u043d\u0430 \u0430\u043d\u0430\u043b\u0438\u0437\u0430 \u0432\u043e \u0426\u0435\u043d\u0442\u0430\u0440\u043e\u0442 \u0437\u0430 \u0440\u0430\u0437\u0432\u043e\u0458 \u043d\u0430 \u0441\u0442\u0440\u0443\u0447\u043d\u043e\u0442\u043e \u043e\u0431\u0440\u0430\u0437\u043e\u0432\u0430\u043d\u0438\u0435 \u041e\u0440\u0433\u0430\u043d\u043e\u0433\u0440\u0430\u043c \u043d\u0430 \u0426\u0435\u043d\u0442\u0430\u0440\u043e\u0442 \u0437\u0430 \u0441\u0442\u0440\u0443\u0447\u043d\u043e \u043e\u0431\u0440\u0430\u0437\u043e\u0432\u0430\u043d\u0438\u0435 \u0438 \u043e\u0431\u0443\u043a\u0430...","_links":{"self":[{"href":"https:\/\/crso.gov.mk\/sq\/wp-json\/wp\/v2\/pages\/2857","targetHints":{"allow":["GET"]}}],"collection":[{"href":"https:\/\/crso.gov.mk\/sq\/wp-json\/wp\/v2\/pages"}],"about":[{"href":"https:\/\/crso.gov.mk\/sq\/wp-json\/wp\/v2\/types\/page"}],"author":[{"embeddable":true,"href":"https:\/\/crso.gov.mk\/sq\/wp-json\/wp\/v2\/users\/1"}],"replies":[{"embeddable":true,"href":"https:\/\/crso.gov.mk\/sq\/wp-json\/wp\/v2\/comments?post=2857"}],"version-history":[{"count":0,"href":"https:\/\/crso.gov.mk\/sq\/wp-json\/wp\/v2\/pages\/2857\/revisions"}],"wp:attachment":[{"href":"https:\/\/crso.gov.mk\/sq\/wp-json\/wp\/v2\/media?parent=2857"}],"curies":[{"name":"wp","href":"https:\/\/api.w.org\/{rel}","templated":true}]}}