{"id":2859,"date":"2025-07-10T10:37:35","date_gmt":"2025-07-10T10:37:35","guid":{"rendered":"http:\/\/csoo.ct.ws\/home\/?page_id=32"},"modified":"2026-03-03T19:58:03","modified_gmt":"2026-03-03T19:58:03","slug":"god-prog-izvesta%d1%98","status":"publish","type":"page","link":"https:\/\/crso.gov.mk\/sq\/god-prog-izvesta%d1%98\/","title":{"rendered":"\u0413\u043e\u0434\u0438\u0448\u043d\u0430 \u043f\u0440\u043e\u0433\u0440\u0430\u043c\u0430 \u0438 \u0438\u0437\u0432\u0435\u0448\u0442\u0430\u0458"},"content":{"rendered":"<p><a href=\"https:\/\/drive.google.com\/file\/d\/1JZiQzmvUfMmqBOOUCboM4CWgb-x0Vqum\/view?usp=sharing\" target=\"_blank\" rel=\"noreferrer noopener\"><u>Programi vjetor p\u00ebr pun\u00ebn e qendr\u00ebs p\u00ebr arsim profesional dhe trajnim p\u00ebr vitin 2025<\/u><\/a><\/p>\n\n\n\n<p><a href=\"https:\/\/drive.google.com\/file\/d\/1FgW8vaD_BpCC2Vy2wgIpskNvhJTbAAP2\/view?usp=sharing\" target=\"_blank\" rel=\"noreferrer noopener\"><u>Programi vjetor p\u00ebr pun\u00ebn e qendr\u00ebs p\u00ebr arsim profesional dhe trajnim p\u00ebr vitin 2024<\/u><\/a><\/p>\n\n\n\n<p><a href=\"https:\/\/drive.google.com\/file\/d\/1J982vW51ZGitCPpmAXac5TqaVgRk_T_c\/view?usp=share_link\" target=\"_blank\" rel=\"noreferrer noopener\"><u>Programi vjetor p\u00ebr pun\u00ebn e qendr\u00ebs p\u00ebr arsim profesional dhe trajnim p\u00ebr vitin 2023<\/u><\/a><\/p>\n\n\n\n<p><a href=\"https:\/\/drive.google.com\/file\/d\/19NKOG4X_1DK3AEMDLyMCzvMGS4SXsOnw\/view?usp=sharing\" target=\"_blank\" rel=\"noreferrer noopener\"><u>Programi vjetor p\u00ebr pun\u00ebn e qendr\u00ebs p\u00ebr arsim profesional dhe trajnim p\u00ebr vitin 2022<\/u><\/a><\/p>\n\n\n\n<p><a href=\"https:\/\/drive.google.com\/file\/d\/1EFc-Npl9zT1VZxGo6Ev9PuboknfvAxGI\/view?usp=sharing\" target=\"_blank\" rel=\"noreferrer noopener\"><u>Programi vjetor p\u00ebr pun\u00ebn e qendr\u00ebs p\u00ebr arsim profesional dhe trajnim p\u00ebr vitin 2021<\/u><\/a><\/p>\n\n\n\n<p><a href=\"https:\/\/drive.google.com\/file\/d\/1Rk7WBVJU-K5pC_wrAObZyP20mVC3zMbi\/view?usp=sharing\" target=\"_blank\" rel=\"noreferrer noopener\"><u>Programi vjetor p\u00ebr pun\u00ebn e qendr\u00ebs p\u00ebr arsim profesional dhe trajnim p\u00ebr vitin 2020<\/u><\/a><\/p>\n\n\n\n<p><a href=\"https:\/\/drive.google.com\/open?id=17ZWBxl3FeGBVl8rhx5XRuO6QOB7Hhj7D\" target=\"_blank\" rel=\"noreferrer noopener\"><u>Programi vjetor p\u00ebr pun\u00ebn e qendr\u00ebs p\u00ebr arsim profesional dhe trajnim p\u00ebr vitin 2019<\/u><\/a><\/p>\n\n\n\n<p><a href=\"http:\/\/www.csoo.edu.mk\/images\/DOCs\/2018\/gprog2018.pdf\" target=\"_blank\" rel=\"noreferrer noopener\"><u>Programi vjetor p\u00ebr pun\u00ebn e qendr\u00ebs p\u00ebr arsim profesional dhe trajnim p\u00ebr vitin 2018<\/u><\/a><\/p>\n\n\n\n<p><a href=\"http:\/\/www.csoo.edu.mk\/images\/DOCs\/2016\/godprogcsoo2017.pdf\" target=\"_blank\" rel=\"noreferrer noopener\"><u>Programi vjetor p\u00ebr pun\u00ebn e qendr\u00ebs p\u00ebr arsim profesional dhe trajnim p\u00ebr vitin 2017<\/u><\/a><\/p>\n\n\n\n<p><a href=\"http:\/\/www.csoo.edu.mk\/images\/DOCs\/2016\/godisna_programa2016.pdf\" target=\"_blank\" rel=\"noreferrer noopener\"><u>Programi vjetor p\u00ebr pun\u00ebn e qendr\u00ebs p\u00ebr arsim profesional dhe trajnim p\u00ebr vitin 2016<\/u><\/a><\/p>\n\n\n\n<p><a href=\"http:\/\/www.csoo.edu.mk\/images\/DOCs\/god_prog_csoo_2015.pdf\" target=\"_blank\" rel=\"noreferrer noopener\"><u>Programi vjetor p\u00ebr pun\u00ebn e qendr\u00ebs p\u00ebr arsim profesional dhe trajnim p\u00ebr vitin 2015<\/u><\/a>&nbsp;&nbsp;<\/p>\n\n\n\n<p><a href=\"http:\/\/www.csoo.edu.mk\/images\/stories\/dokumenti\/godisna_programa_csoo_2014%20final.pdf\" target=\"_blank\" rel=\"noreferrer noopener\"><u>Programi vjetor p\u00ebr pun\u00ebn e qendr\u00ebs p\u00ebr arsim profesional dhe trajnim p\u00ebr vitin 2014<\/u><\/a><\/p>\n\n\n\n<p><a href=\"http:\/\/www.csoo.edu.mk\/images\/godisna_programa_csoo_2013.pdf\" target=\"_blank\" rel=\"noreferrer noopener\"><u>Programi vjetor p\u00ebr pun\u00ebn e qendr\u00ebs p\u00ebr arsim profesional dhe trajnim p\u00ebr vitin 2013<\/u><\/a><\/p>\n\n\n\n<p><a href=\"http:\/\/www.csoo.edu.mk\/images\/stories\/final_godisna_programa_csoo_2012_1.pdf\" target=\"_blank\" rel=\"noreferrer noopener\"><u>Programi vjetor p\u00ebr pun\u00ebn e qendr\u00ebs p\u00ebr arsim profesional dhe trajnim p\u00ebr vitin 2012<\/u><\/a><\/p>\n\n\n\n<p><a href=\"http:\/\/www.csoo.edu.mk\/images\/stories\/godisna%20programa%202011.pdf\"><u>Programi vjetor p\u00ebr pun\u00ebn e qendr\u00ebs p\u00ebr arsim profesional dhe trajnim p\u00ebr vitin 2011<\/u><\/a><\/p>\n\n\n\n<p><\/p>\n\n\n\n<p><strong>Raporti:<\/strong><\/p>\n\n\n\n<hr class=\"wp-block-separator has-alpha-channel-opacity\"\/>\n\n\n\n<p><a href=\"https:\/\/drive.google.com\/file\/d\/1cbWWWb5C6M-5QwagpbzIotjtGhU6A0YG\/view?usp=sharing\" target=\"_blank\" rel=\"noreferrer noopener\"><u>Raporti vjetor p\u00ebr pun\u00ebn e qendr\u00ebs p\u00ebr arsim profesional dhe trajnim p\u00ebr vitin 2023<\/u><\/a><\/p>\n\n\n\n<p><a href=\"https:\/\/drive.google.com\/file\/d\/1W-gQ-aGba3tjg9u0IaaL-pMul2qUNHKe\/view?usp=share_link\" target=\"_blank\" rel=\"noreferrer noopener\"><u>Raporti vjetor p\u00ebr pun\u00ebn e qendr\u00ebs p\u00ebr arsim profesional dhe trajnim p\u00ebr vitin 2022<\/u><\/a><\/p>\n\n\n\n<p><a href=\"https:\/\/drive.google.com\/file\/d\/1-qcWeUbJcpTf8wg9rYyrF5qBAAjJWrsC\/view?usp=sharing\" target=\"_blank\" rel=\"noreferrer noopener\"><u>Raporti vjetor p\u00ebr pun\u00ebn e qendr\u00ebs p\u00ebr arsim profesional dhe trajnim p\u00ebr vitin 2021<\/u><\/a><\/p>\n\n\n\n<p><a href=\"https:\/\/drive.google.com\/file\/d\/1J0njlpDckQU-de6vkAiKTCkuSKMfodP5\/view?usp=sharing\" target=\"_blank\" rel=\"noreferrer noopener\"><u>Raporti vjetor p\u00ebr pun\u00ebn e qendr\u00ebs p\u00ebr arsim profesional dhe trajnim p\u00ebr vitin 2020<\/u><\/a><\/p>\n\n\n\n<p><a href=\"https:\/\/drive.google.com\/open?id=1HlJYXcZWjOfXmXeYnveC5KoHuHS7_1xn\" target=\"_blank\" rel=\"noreferrer noopener\"><u>Raporti vjetor p\u00ebr pun\u00ebn e qendr\u00ebs p\u00ebr arsim profesional dhe trajnim p\u00ebr vitin 2019<\/u><\/a><\/p>\n\n\n\n<p><a href=\"https:\/\/drive.google.com\/open?id=1XazdyH30CE-FLGoXB-RnuLIQ8QSRY7VO\" target=\"_blank\" rel=\"noreferrer noopener\"><u>Raporti vjetor p\u00ebr pun\u00ebn e qendr\u00ebs p\u00ebr arsim profesional dhe trajnim p\u00ebr vitin 2018<\/u><\/a><\/p>\n\n\n\n<p><a href=\"https:\/\/drive.google.com\/open?id=1eIsvzX8G2sxwdZ-oQM6Ejr_fDRR7ZTaW\" target=\"_blank\" rel=\"noreferrer noopener\"><u>Raporti vjetor p\u00ebr pun\u00ebn e qendr\u00ebs p\u00ebr arsim profesional dhe trajnim p\u00ebr vitin 2017<\/u><\/a><\/p>\n\n\n\n<p><a href=\"http:\/\/www.csoo.edu.mk\/images\/DOCs\/2017\/godizv-2016.pdf\" target=\"_blank\" rel=\"noreferrer noopener\"><u>Raporti vjetor p\u00ebr pun\u00ebn e qendr\u00ebs p\u00ebr arsim profesional dhe trajnim p\u00ebr vitin 2016<\/u><\/a><\/p>\n\n\n\n<p><a href=\"http:\/\/www.csoo.edu.mk\/images\/DOCs\/2016\/izvestaj2015.pdf\" target=\"_blank\" rel=\"noreferrer noopener\"><u>Raporti vjetor p\u00ebr pun\u00ebn e qendr\u00ebs p\u00ebr arsim profesional dhe trajnim p\u00ebr vitin 2015<\/u><\/a><\/p>\n\n\n\n<p><a href=\"http:\/\/www.csoo.edu.mk\/images\/DOCs\/izvestaj_csoo_2014.pdf\" target=\"_blank\" rel=\"noreferrer noopener\"><u>Raporti vjetor p\u00ebr pun\u00ebn e qendr\u00ebs p\u00ebr arsim profesional dhe trajnim p\u00ebr vitin 2014<\/u><\/a><\/p>\n\n\n\n<p><a href=\"http:\/\/www.csoo.edu.mk\/images\/stories\/dokumenti\/izvestaj_csoo_2013.pdf\" target=\"_blank\" rel=\"noreferrer noopener\"><u>Raporti vjetor p\u00ebr pun\u00ebn e qendr\u00ebs p\u00ebr arsim profesional dhe trajnim p\u00ebr vitin 2013<\/u><\/a><\/p>\n\n\n\n<p><a href=\"http:\/\/www.csoo.edu.mk\/images\/DOCs\/izvestaj_csoo_2012.pdf\" target=\"_blank\" rel=\"noreferrer noopener\"><u>Raporti vjetor p\u00ebr pun\u00ebn e qendr\u00ebs p\u00ebr arsim profesional dhe trajnim p\u00ebr vitin 2012<\/u><\/a><\/p>\n\n\n\n<p><a href=\"http:\/\/www.csoo.edu.mk\/images\/stories\/finalen_izvestaj_csoo_2011.pdf\" target=\"_blank\" rel=\"noreferrer noopener\"><u>Raporti vjetor p\u00ebr pun\u00ebn e qendr\u00ebs p\u00ebr arsim profesional dhe trajnim p\u00ebr vitin 2011<\/u><\/a><\/p>\n\n\n\n<p><a href=\"http:\/\/www.csoo.edu.mk\/images\/stories\/izvestaj%20csoo%202010-4.pdf\" target=\"_blank\" rel=\"noreferrer noopener\"><u>Raporti vjetor p\u00ebr pun\u00ebn e qendr\u00ebs p\u00ebr arsim profesional dhe trajnim p\u00ebr vitin 2010<\/u><\/a><\/p>","protected":false},"excerpt":{"rendered":"<p>\u0413\u043e\u0434\u0438\u0448\u043d\u0430 \u043f\u0440\u043e\u0433\u0440\u0430\u043c\u0430 \u0437\u0430 \u0440\u0430\u0431\u043e\u0442\u0430 \u043d\u0430 \u0426\u0421\u041e\u041e \u0437\u0430 2025 \u0433\u043e\u0434\u0438\u043d\u0430 \u0413\u043e\u0434\u0438\u0448\u043d\u0430 \u043f\u0440\u043e\u0433\u0440\u0430\u043c\u0430 \u0437\u0430 \u0440\u0430\u0431\u043e\u0442\u0430 \u043d\u0430 \u0426\u0421\u041e\u041e \u0437\u0430 2024 \u0433\u043e\u0434\u0438\u043d\u0430 \u0413\u043e\u0434\u0438\u0448\u043d\u0430 \u043f\u0440\u043e\u0433\u0440\u0430\u043c\u0430<span class=\"more-dots\">&#8230;<\/span><\/p>","protected":false},"author":1,"featured_media":0,"parent":0,"menu_order":0,"comment_status":"closed","ping_status":"closed","template":"","meta":{"pagelayer_contact_templates":[],"_pagelayer_content":"","footnotes":""},"class_list":["post-2859","page","type-page","status-publish","hentry","no-post-thumbnail"],"rttpg_featured_image_url":null,"rttpg_author":{"display_name":"admin","author_link":"https:\/\/crso.gov.mk\/sq\/author\/admin\/"},"rttpg_comment":0,"rttpg_category":null,"rttpg_excerpt":"\u0413\u043e\u0434\u0438\u0448\u043d\u0430 \u043f\u0440\u043e\u0433\u0440\u0430\u043c\u0430 \u0437\u0430 \u0440\u0430\u0431\u043e\u0442\u0430 \u043d\u0430 \u0426\u0421\u041e\u041e \u0437\u0430 2025 \u0433\u043e\u0434\u0438\u043d\u0430 \u0413\u043e\u0434\u0438\u0448\u043d\u0430 \u043f\u0440\u043e\u0433\u0440\u0430\u043c\u0430 \u0437\u0430 \u0440\u0430\u0431\u043e\u0442\u0430 \u043d\u0430 \u0426\u0421\u041e\u041e \u0437\u0430 2024 \u0433\u043e\u0434\u0438\u043d\u0430 \u0413\u043e\u0434\u0438\u0448\u043d\u0430 \u043f\u0440\u043e\u0433\u0440\u0430\u043c\u0430...","_links":{"self":[{"href":"https:\/\/crso.gov.mk\/sq\/wp-json\/wp\/v2\/pages\/2859","targetHints":{"allow":["GET"]}}],"collection":[{"href":"https:\/\/crso.gov.mk\/sq\/wp-json\/wp\/v2\/pages"}],"about":[{"href":"https:\/\/crso.gov.mk\/sq\/wp-json\/wp\/v2\/types\/page"}],"author":[{"embeddable":true,"href":"https:\/\/crso.gov.mk\/sq\/wp-json\/wp\/v2\/users\/1"}],"replies":[{"embeddable":true,"href":"https:\/\/crso.gov.mk\/sq\/wp-json\/wp\/v2\/comments?post=2859"}],"version-history":[{"count":1,"href":"https:\/\/crso.gov.mk\/sq\/wp-json\/wp\/v2\/pages\/2859\/revisions"}],"predecessor-version":[{"id":3255,"href":"https:\/\/crso.gov.mk\/sq\/wp-json\/wp\/v2\/pages\/2859\/revisions\/3255"}],"wp:attachment":[{"href":"https:\/\/crso.gov.mk\/sq\/wp-json\/wp\/v2\/media?parent=2859"}],"curies":[{"name":"wp","href":"https:\/\/api.w.org\/{rel}","templated":true}]}}