{"id":396,"date":"2025-07-11T11:55:46","date_gmt":"2025-07-11T11:55:46","guid":{"rendered":"https:\/\/csoo.zya.me\/home\/?page_id=396"},"modified":"2025-07-11T11:55:46","modified_gmt":"2025-07-11T11:55:46","slug":"me%d1%93unarodna-sorabotka","status":"publish","type":"page","link":"https:\/\/crso.gov.mk\/sq\/me%d1%93unarodna-sorabotka\/","title":{"rendered":"Bashk\u00ebpunimi nd\u00ebrkomb\u00ebtar"},"content":{"rendered":"<p><a href=\"https:\/\/crso.gov.mk\/wp-content\/uploads\/2025\/11\/MembershipCertificate-WorldSkills-NMK.pdf\" data-type=\"link\" data-id=\"https:\/\/crso.gov.mk\/wp-content\/uploads\/2025\/11\/MembershipCertificate-WorldSkills-NMK.pdf\">Certifikat\u00eb an\u00ebtar\u00ebsimi n\u00eb World Skills Europe<\/a><\/p>\n\n\n\n<h3 class=\"wp-block-heading\">Enhancing quality of education and training in SEE \u2013 EQET SEE Project:<\/h3>\n\n\n\n<p><a href=\"https:\/\/drive.google.com\/file\/d\/1eKnQ_2RKDBDmKYDbZj7Ic06mAeCVLoAf\/view?usp=sharing\" target=\"_blank\" rel=\"noreferrer noopener\">\u041f\u0440\u0435\u0437\u0435\u043d\u0442\u0430\u0446\u0438\u0458\u0430 \u043d\u0430 \u043f\u0440\u043e\u0435\u043a\u0442\u043e\u0442<\/a><\/p>\n\n\n\n<p><a href=\"https:\/\/drive.google.com\/file\/d\/1U88D_arVUvg3ba1tyqholq_6xnVwHTdw\/view?usp=sharing\" target=\"_blank\" rel=\"noreferrer noopener\">\u041b\u0438\u0441\u0442\u0430 \u043d\u0430 \u0430\u043a\u0442\u0438\u0432\u043d\u043e\u0441\u0442\u0438 \u043d\u0430 \u043f\u0440\u043e\u0435\u043a\u0442\u043e\u0442<\/a><\/p>\n\n\n\n<p><a href=\"https:\/\/drive.google.com\/file\/d\/12q--zFngF3_eCYIidWUznVQ4kHQoR0bk\/view?usp=sharing\" target=\"_blank\" rel=\"noreferrer noopener\">GUIDELINES AND SUGGESTIONS for optimizing (the impact of) external evaluation of institutions in the SEE and Republic of Moldova within the EQET SEE project<\/a><\/p>\n\n\n\n<p><a href=\"https:\/\/drive.google.com\/file\/d\/1zWMlwMNCCN-oypmrUulLdC7Z0VaWqHR3\/view?usp=sharing\" target=\"_blank\" rel=\"noreferrer noopener\">\u041d\u0430\u0446\u0438\u043e\u043d\u0430\u043b\u0435\u043d \u0441\u043e\u0441\u0442\u0430\u043d\u043e\u043a<\/a><\/p>\n\n\n\n<p><a href=\"https:\/\/drive.google.com\/file\/d\/1fSDTryCthgNwoppZR5Bpf8_leUWuWGYW\/view?usp=sharing\" target=\"_blank\" rel=\"noreferrer noopener\">\u0420\u0435\u0433\u0438\u043e\u043d\u0430\u043b\u043d\u0430 \u0440\u0430\u0431\u043e\u0442\u0438\u043b\u043d\u0438\u0446\u0430 \u0437\u0430 \u043e\u0431\u0435\u0437\u0431\u0435\u0434\u0443\u0432\u0430\u045a\u0435 \u043d\u0430 \u043a\u0432\u0430\u043b\u0438\u0442\u0435\u0442, \u0432\u043e \u0440\u0430\u043c\u043a\u0438\u0442\u0435 \u043d\u0430 \u043f\u0440\u043e\u0435\u043a\u0442\u043e\u0442 \u043d\u0430 JE \u2013 EQET- \u0415RISEE (12 \u0438 13 \u0430\u043f\u0440\u0438\u043b 2022 \u0433\u043e\u0434. \u2013 \u041f\u043e\u0434\u0433\u043e\u0440\u0438\u0446\u0430, \u0426\u0440\u043d\u0430 \u0413\u043e\u0440\u0430)<\/a><\/p>\n\n\n\n<p><a href=\"https:\/\/drive.google.com\/file\/d\/1XI5clnJ7lLXlP1Q01pTQHrjD-B3TdXWa\/view?usp=sharing\" target=\"_blank\" rel=\"noreferrer noopener\">\u0421\u043e\u0441\u0442\u0430\u043d\u043e\u043a \u0437\u0430 \u0440\u0430\u0437\u0432\u043e\u0458 \u043d\u0430 \u0440\u0435\u0433\u0438\u043e\u043d\u0430\u043b\u0435\u043d \u0441\u0442\u0430\u043d\u0434\u0430\u0440\u0434 \u043d\u0430 \u043a\u043e\u043c\u043f\u0435\u0442\u0435\u043d\u0446\u0438\u0438 \u0437\u0430 \u043d\u0430\u0434\u0432\u043e\u0440\u0435\u0448\u043d\u0438 \u043e\u0446\u0435\u043d\u0443\u0432\u0430\u0447\u0438 \u0432\u043e \u043f\u0440\u0435\u0434\u0442\u0435\u0440\u0446\u0438\u0458\u0430\u0440\u043d\u043e\u0442\u043e \u043e\u0431\u0440\u0430\u0437\u043e\u0432\u0430\u043d\u0438\u0435 \u2013 \u0432\u043e \u0440\u0430\u043c\u043a\u0438\u0442\u0435 \u043d\u0430 \u043f\u0440\u043e\u0435\u043a\u0442\u043e\u0442 EQET SEE (\u0411\u0435\u0447\u0438\u045c\u0438, \u0426\u0440\u043d\u0430 \u0413\u043e\u0440\u0430, (17 \u0438 18 \u043c\u0430\u0458 2022 \u0433\u043e\u0434\u0438\u043d\u0430))<\/a><\/p>\n\n\n\n<p><a href=\"https:\/\/drive.google.com\/file\/d\/1Lz-R1n2q1FFJLSn1hs6kOzbkY3U27fXL\/view?usp=share_link\" target=\"_blank\" rel=\"noreferrer noopener\">\u0420\u0435\u0433\u0438\u043e\u043d\u0430\u043b\u0435\u043d \u043f\u043e\u0434\u0433\u043e\u0442\u0432\u0438\u0442\u0435\u043b\u0435\u043d \u0441\u043e\u0441\u0442\u0430\u043d\u043e\u043a \u0437\u0430 \u0430\u043d\u0430\u043b\u0438\u0437\u0430 \u043d\u0430 \u043c\u0435\u0442\u043e\u0434\u043e\u043b\u043e\u0433\u0438\u0438 \u0437\u0430 \u041e\u0431\u0435\u0437\u0431\u0435\u0434\u0443\u0432\u0430\u045a\u0435 \u043d\u0430 \u043a\u0432\u0430\u043b\u0438\u0442\u0435\u0442<\/a><\/p>\n\n\n\n<p><a href=\"https:\/\/drive.google.com\/file\/d\/1FTNAHmNuJICaWf2aWj2v9a7aRsJsh1Q4\/view?usp=share_link\" target=\"_blank\" rel=\"noreferrer noopener\">\u0422\u0440\u0435\u0442 \u0441\u043e\u0441\u0442\u0430\u043d\u043e\u043a \u043d\u0430 EQET SEE \u0437\u0430 \u0443\u043f\u0440\u0430\u0432\u0443\u0432\u0430\u045a\u0435 \u0441\u043e \u043f\u0440\u043e\u0435\u043a\u0442\u0438 \u043d\u0430 \u043a\u043e\u043c\u043f\u043e\u043d\u0435\u043d\u0442\u0430\u0442\u0430 \u0437\u0430 \u043e\u0431\u0435\u0437\u0431\u0435\u0434\u0443\u0432\u0430\u045a\u0435 \u043d\u0430 \u043a\u0432\u0430\u043b\u0438\u0442\u0435\u0442<\/a><\/p>\n\n\n\n<p><a href=\"https:\/\/drive.google.com\/file\/d\/1jPvSUk2nOAcPqfHgDNYKwlbD2SB4rI-A\/view?usp=share_link\" target=\"_blank\" rel=\"noreferrer noopener\">\u0420\u0435\u0433\u0438\u043e\u043d\u0430\u043b\u0435\u043d \u0441\u043e\u0441\u0442\u0430\u043d\u043e\u043a \u0437\u0430 \u0440\u0430\u0437\u0432\u043e\u0458 \u043d\u0430 \u043d\u0430\u0434\u0432\u043e\u0440\u0435\u0448\u043d\u0430 \u0435\u0432\u0430\u043b\u0443\u0430\u0446\u0438\u0458\u0430 \u043d\u0430 \u0438\u043d\u0441\u0442\u0438\u0442\u0443\u0446\u0438\u0438\u0442\u0435 \u2013 \u041d\u0430\u0458\u0434\u043e\u0431\u0440\u0438 \u043f\u0440\u0430\u043a\u0442\u0438\u043a\u0438 \u043e\u0434 \u0415\u0423 \u0438 \u0408\u0443\u0433\u043e\u0438\u0441\u0442\u043e\u0447\u043d\u0430 \u0415\u0432\u0440\u043e\u043f\u0430<\/a><\/p>\n\n\n\n<p><a href=\"https:\/\/drive.google.com\/file\/d\/1wMxAqqm9D5s-x8wljqO6eu_x0c4szEfY\/view?usp=share_link\" target=\"_blank\" rel=\"noreferrer noopener\">\u0418\u041d\u0424\u041e\u0420\u041c\u0410\u0426\u0418\u0408\u0410 \u0417\u0430 \u0430\u043a\u0442\u0438\u0432\u043d\u043e\u0441\u0442\u0438 \u043d\u0430 \u043f\u0440\u043e\u0435\u043a\u0442\u043e\u0442 \u201e\u041f\u043e\u0434\u043e\u0431\u0440\u0443\u0432\u0430\u045a\u0435 \u043d\u0430 \u043a\u0432\u0430\u043b\u0438\u0442\u0435\u0442\u043e\u0442 \u043d\u0430 \u043e\u0431\u0440\u0430\u0437\u043e\u0432\u0430\u043d\u0438\u0435\u0442\u043e \u0438 \u043e\u0431\u0443\u043a\u0430\u0442\u0430 \u0432\u043e \u0408\u0418\u0415 \u2013 EQET SEE\u201c \u0437\u0430 \u0440\u0430\u0437\u0432\u0438\u0432\u0430\u045a\u0435 \u043d\u0430 \u0440\u0435\u0433\u0438\u043e\u043d\u0430\u043b\u0435\u043d \u0441\u0442\u0430\u043d\u0434\u0430\u0440\u0434 \u043d\u0430 \u0437\u0430\u043d\u0438\u043c\u0430\u045a\u0435 \u043e\u0434 \u0441\u0435\u043a\u0442\u043e\u0440\u043e\u0442 \u041c\u0430\u0448\u0438\u043d\u0441\u0442\u0432\u043e.<\/a><\/p>\n\n\n\n<p><a href=\"https:\/\/drive.google.com\/file\/d\/1HsyTKNE5tQucS_kudbbk9PedGqXYPfS7\/view?usp=sharing\" target=\"_blank\" rel=\"noreferrer noopener\">\u0418\u041d\u0424\u041e\u0420\u041c\u0410\u0426\u0418\u0408\u0410 \u0417\u0430 \u0430\u043a\u0442\u0438\u0432\u043d\u043e\u0441\u0442\u0438 \u043d\u0430 \u043f\u0440\u043e\u0435\u043a\u0442\u043e\u0442 \u201e\u041f\u043e\u0434\u043e\u0431\u0440\u0443\u0432\u0430\u045a\u0435 \u043d\u0430 \u043a\u0432\u0430\u043b\u0438\u0442\u0435\u0442\u043e\u0442 \u043d\u0430 \u043e\u0431\u0440\u0430\u0437\u043e\u0432\u0430\u043d\u0438\u0435\u0442\u043e \u0438 \u043e\u0431\u0443\u043a\u0430\u0442\u0430 \u0432\u043e \u0408\u0418\u0415 \u2013 EQET SEE\u201c \u0437\u0430 \u0440\u0430\u0437\u0432\u0438\u0432\u0430\u045a\u0435 \u043d\u0430 \u0440\u0435\u0433\u0438\u043e\u043d\u0430\u043b\u0435\u043d \u0441\u0442\u0430\u043d\u0434\u0430\u0440\u0434 \u043d\u0430 \u043a\u0432\u0430\u043b\u0438\u0444\u0438\u043a\u0430\u0446\u0438\u0458\u0430 \u043e\u0434 \u0441\u0435\u043a\u0442\u043e\u0440\u043e\u0442 \u041c\u0430\u0448\u0438\u043d\u0441\u0442\u0432\u043e<\/a><\/p>\n\n\n\n<p><a href=\"https:\/\/drive.google.com\/file\/d\/1CsogcjjZLFG55DJpEgnhdQaqxNNtNVbW\/view?usp=sharing\" target=\"_blank\" rel=\"noreferrer noopener\">\u0418\u041d\u0424\u041e\u0420\u041c\u0410\u0426\u0418\u0408\u0410 \u0437\u0430 \u0430\u043a\u0442\u0438\u0432\u043d\u043e\u0441\u0442\u0438 \u043d\u0430 \u041f\u0440\u043e\u0435\u043a\u0442\u043e\u0442 ERI SEE \u0437\u0430 \u0440\u0430\u0437\u0432\u0438\u0432\u0430\u045a\u0435 \u043d\u0430 \u0440\u0435\u0433\u0438\u043e\u043d\u0430\u043b\u043d\u0438 \u0441\u0442\u0430\u043d\u0434\u0430\u0440\u0434\u0438 \u043d\u0430 \u0437\u0430\u043d\u0438\u043c\u0430\u045a\u0430 \u0438 \u0441\u0442\u0430\u043d\u0434\u0430\u0440\u0434\u0438 \u043d\u0430 \u043a\u0432\u0430\u043b\u0438\u0444\u0438\u043a\u0430\u0446\u0438\u0438 \u043e\u0434 \u0441\u0435\u043a\u0442\u043e\u0440\u043e\u0442 \u0433\u0440\u0430\u0434\u0435\u0436\u043d\u0438\u0448\u0442\u0432\u043e \u0438 \u0433\u0435\u043e\u0434\u0435\u0437\u0438\u0458\u0430<\/a><\/p>\n\n\n\n<p><a href=\"https:\/\/drive.google.com\/file\/d\/1stVd4Fj_u5dix2OHCrz6MlUYdenLJYWl\/view?usp=sharing\" target=\"_blank\" rel=\"noreferrer noopener\">\u0412\u0442\u043e\u0440 \u0440\u0435\u0433\u0438\u043e\u043d\u0430\u043b\u0435\u043d \u0441\u043e\u0441\u0442\u0430\u043d\u043e\u043a \u0437\u0430 \u0440\u0430\u0437\u0432\u043e\u0458 \u043d\u0430 \u043d\u0430\u0434\u0432\u043e\u0440\u0435\u0448\u043d\u0430 \u0435\u0432\u0430\u043b\u0443\u0430\u0446\u0438\u0458\u0430 \u043d\u0430 \u0438\u043d\u0441\u0442\u0438\u0442\u0443\u0446\u0438\u0438\u0442\u0435<\/a><\/p>\n\n\n\n<p><a href=\"https:\/\/drive.google.com\/file\/d\/14XgVXMw7pOFJZMYmy8GO9-LvQkdhWNEk\/view?usp=sharing\" target=\"_blank\" rel=\"noreferrer noopener\">\u0420\u0435\u0433\u0438\u043e\u043d\u0430\u043b\u043d\u0430 \u0441\u0440\u0435\u0434\u0431\u0430 \u0437\u0430 \u043f\u043e\u043d\u0430\u0442\u0430\u043c\u043e\u0448\u043d\u043e \u043f\u043b\u0430\u043d\u0438\u0440\u0430\u045a\u0435 \u043d\u0430 \u043f\u0440\u043e\u0435\u043a\u0442\u043e\u0442<\/a><\/p>\n\n\n\n<p><a href=\"https:\/\/drive.google.com\/file\/d\/1IMYK90EuNbqfxg1yd90KRMRyIkKiJ9Pv\/view?usp=sharing\" target=\"_blank\" rel=\"noreferrer noopener\">\u041a\u043e\u043d\u0444\u0435\u0440\u0435\u043d\u0446\u0438\u0458\u0430 \u0432\u043e \u0412\u0438\u0435\u043d\u0430 (26 \u0438 27 \u043d\u043e\u0435\u043c\u0432\u0440\u0438 2024 \u0433\u043e\u0434)<\/a><\/p>\n\n\n\n<hr class=\"wp-block-separator has-alpha-channel-opacity\"\/>\n\n\n\n<h3 class=\"wp-block-heading\">Towards regionally-based occupational standards TO REGOS Project:<\/h3>\n\n\n\n<p>\u0418\u043d\u0444\u043e\u0440\u043c\u0430\u0446\u0438\u0438&nbsp;<a href=\"https:\/\/drive.google.com\/open?id=1OxRT9t-Il15KGaSrgsqXZpQs0cZzBhSV\" target=\"_blank\" rel=\"noreferrer noopener\">\u0437\u0430 \u043f\u0440\u043e\u0435\u043a\u0442\u043e\u0442.<\/a><\/p>\n\n\n\n<p>\u041b\u0438\u043d\u043a \u043a\u043e\u043d \u0432\u0435\u0431 \u0441\u0442\u0440\u0430\u043d\u0430\u0442\u0430 \u043d\u0430&nbsp;<a href=\"https:\/\/wba4wbl.com\/\" target=\"_blank\" rel=\"noreferrer noopener\">Western Balkans Alliance for Work-based Learning<\/a><\/p>\n\n\n\n<p><a href=\"https:\/\/drive.google.com\/file\/d\/1Jzbo1zhGsveqP8iD9L2Z3okxBYGKHkpb\/view?usp=sharing\" target=\"_blank\" rel=\"noreferrer noopener\">TOWARDS REGIONALLY BASED OCCUPATIONAL STANDARDS (TO REGOS)PROJECT IN A NUTSHELL.<\/a><\/p>\n\n\n\n<p><a href=\"https:\/\/drive.google.com\/file\/d\/10-HaFnhBGjsxV23Oa_smvCVfFpcufapm\/view?usp=sharing\" target=\"_blank\" rel=\"noreferrer noopener\">\u041c\u0435\u0442\u043e\u0434\u043e\u043b\u043e\u0433\u0438\u0458\u0430 \u0437\u0430 \u0440\u0430\u0437\u0432\u043e\u0458 \u043d\u0430 \u0441\u0442\u0430\u043d\u0434\u0430\u0440\u0434\u0438 \u043d\u0430 \u0437\u0430\u043d\u0438\u043c\u0430\u045a\u0430 \u043d\u0430 \u0440\u0435\u0433\u0438\u043e\u043d\u0430\u043b\u043d\u043e \u043d\u0438\u0432\u043e<\/a><\/p>\n\n\n\n<p><a href=\"https:\/\/drive.google.com\/file\/d\/1q-cD37ZIglMVTtd5gw_TlqKS2gtBIFFK\/view?usp=sharing\" target=\"_blank\" rel=\"noreferrer noopener\">\u041c\u0435\u0442\u043e\u0434\u043e\u043b\u043e\u0433\u0438\u0458\u0430 \u0437\u0430 \u0440\u0430\u0437\u0432\u043e\u0458 \u043d\u0430 \u0441\u0442\u0430\u043d\u0434\u0430\u0440\u0434\u0438 \u043d\u0430 \u043a\u0432\u0430\u043b\u0438\u0444\u0438\u043a\u0430\u0446\u0438\u0438 \u043d\u0430 \u0440\u0435\u0433\u0438\u043e\u043d\u0430\u043b\u043d\u043e \u043d\u0438\u0432\u043e<\/a><\/p>\n\n\n\n<p><a href=\"https:\/\/drive.google.com\/file\/d\/1cidKQqS7sVSc61PsuEgjoWXszYi5y1II\/view?usp=sharing\" target=\"_blank\" rel=\"noreferrer noopener\">\u0424\u0438\u0437\u0438\u0431\u0438\u043b\u0438\u0442\u0438 \u0441\u0442\u0443\u0434\u0438\u0458\u0430 \u0437\u0430 \u0440\u0430\u0437\u0432\u0438\u0432\u0430\u045a\u0435 \u043d\u0430 \u0440\u0435\u0433\u0438\u043e\u043d\u0430\u043b\u043d\u043e \u0437\u0430\u0441\u043d\u043e\u0432\u0430\u043d\u0438 \u0441\u0442\u0430\u043d\u0434\u0430\u0440\u0434\u0438 \u043d\u0430 \u043a\u0432\u0430\u043b\u0438\u0444\u0438\u043a\u0430\u0446\u0438\u0438<\/a><\/p>","protected":false},"excerpt":{"rendered":"<p>\u0421\u0435\u0440\u0442\u0438\u0444\u0438\u043a\u0430\u0442 \u0437\u0430 \u0447\u043b\u0435\u043d\u0441\u0442\u0432\u043e \u0432\u043e World Skills Europe Enhancing quality of education and training in SEE \u2013 EQET SEE Project: \u041f\u0440\u0435\u0437\u0435\u043d\u0442\u0430\u0446\u0438\u0458\u0430<span class=\"more-dots\">&#8230;<\/span><\/p>","protected":false},"author":1,"featured_media":0,"parent":0,"menu_order":0,"comment_status":"closed","ping_status":"closed","template":"","meta":{"pagelayer_contact_templates":[],"_pagelayer_content":"","footnotes":""},"class_list":["post-396","page","type-page","status-publish","hentry","no-post-thumbnail"],"rttpg_featured_image_url":null,"rttpg_author":{"display_name":"admin","author_link":"https:\/\/crso.gov.mk\/sq\/author\/admin\/"},"rttpg_comment":0,"rttpg_category":null,"rttpg_excerpt":"\u0421\u0435\u0440\u0442\u0438\u0444\u0438\u043a\u0430\u0442 \u0437\u0430 \u0447\u043b\u0435\u043d\u0441\u0442\u0432\u043e \u0432\u043e World Skills Europe Enhancing quality of education and training in SEE \u2013 EQET SEE Project: \u041f\u0440\u0435\u0437\u0435\u043d\u0442\u0430\u0446\u0438\u0458\u0430...","_links":{"self":[{"href":"https:\/\/crso.gov.mk\/sq\/wp-json\/wp\/v2\/pages\/396","targetHints":{"allow":["GET"]}}],"collection":[{"href":"https:\/\/crso.gov.mk\/sq\/wp-json\/wp\/v2\/pages"}],"about":[{"href":"https:\/\/crso.gov.mk\/sq\/wp-json\/wp\/v2\/types\/page"}],"author":[{"embeddable":true,"href":"https:\/\/crso.gov.mk\/sq\/wp-json\/wp\/v2\/users\/1"}],"replies":[{"embeddable":true,"href":"https:\/\/crso.gov.mk\/sq\/wp-json\/wp\/v2\/comments?post=396"}],"version-history":[{"count":0,"href":"https:\/\/crso.gov.mk\/sq\/wp-json\/wp\/v2\/pages\/396\/revisions"}],"wp:attachment":[{"href":"https:\/\/crso.gov.mk\/sq\/wp-json\/wp\/v2\/media?parent=396"}],"curies":[{"name":"wp","href":"https:\/\/api.w.org\/{rel}","templated":true}]}}