{"id":46,"date":"2026-02-04T20:22:05","date_gmt":"2026-02-04T20:22:05","guid":{"rendered":"https:\/\/web.crso.gov.mk\/?page_id=8"},"modified":"2026-03-01T17:57:50","modified_gmt":"2026-03-01T17:57:50","slug":"standardi","status":"publish","type":"page","link":"https:\/\/crso.gov.mk\/sq\/standardi\/","title":{"rendered":"Standardi"},"content":{"rendered":"<div class=\"wp-block-cover alignfull has-parallax\" style=\"min-height:800px;aspect-ratio:unset;\"><div class=\"wp-block-cover__image-background wp-image-2001 has-parallax\" style=\"background-position:50% 50%;background-image:url(https:\/\/crso.gov.mk\/wp-content\/themes\/exs-education\/assets\/img\/boys.jpg)\"><\/div><span aria-hidden=\"true\" class=\"wp-block-cover__background has-background-dim-60 has-background-dim\"><\/span><div class=\"wp-block-cover__inner-container is-layout-constrained wp-block-cover-is-layout-constrained\">\n<div class=\"wp-block-columns is-layout-flex wp-container-core-columns-is-layout-9d6595d7 wp-block-columns-is-layout-flex\">\n<div class=\"wp-block-column is-layout-flow wp-block-column-is-layout-flow\">\n<div style=\"height:80px\" aria-hidden=\"true\" class=\"wp-block-spacer\"><\/div>\n\n\n\n<h2 class=\"wp-block-heading mt-0 is-style-default mb-05 has-xxl-font-size\">Mir\u00eb se erdh\u00ebt n\u00eb ueb faqen zyrtare t\u00eb QZhAP<\/h2>\n\n\n\n<p>Qendra p\u00ebr Zhvillimin e Arsimit Profesional (QZhAP) \u00ebsht\u00eb nj\u00eb institucion shtet\u00ebror n\u00eb Republik\u00ebn e Maqedonis\u00eb s\u00eb Veriut, i themeluar me q\u00ebllim t\u00eb avancimit t\u00eb arsimit profesional.<\/p>\n\n\n\n<div class=\"wp-block-buttons mt-3 is-layout-flex wp-block-buttons-is-layout-flex\">\n<div class=\"wp-block-button\"><a class=\"wp-block-button__link wp-element-button\" href=\"\/sq\/\">Kontakte<\/a><\/div>\n<\/div>\n\n\n\n<div style=\"height:80px\" aria-hidden=\"true\" class=\"wp-block-spacer\"><\/div>\n<\/div>\n\n\n\n<div class=\"wp-block-column is-layout-flow wp-block-column-is-layout-flow\"><\/div>\n<\/div>\n<\/div><\/div>\n\n\n\n<div class=\"wp-block-rttpg-row alignfull rttpg-block-postgrid rttpg-block-172749 rttpg-block rttpg-row-wrap rttpg-block-frontend\" style=\"--d-gap-x:20px;--t-gap-x:20px;--m-gap-x:20px;--d-gap-y:20px;--t-gap-y:20px;--m-gap-y:20px\"><div class=\"rttpg-container\"><div class=\"rttpg-row\">\n<div class=\"wp-block-rttpg-column rttpg-block-postgrid rttpg-block-0a5a33 rttpg-block rttpg-column rttpg-block-frontend\">        <div class=\"rttpg-block-postgrid rttpg-block-wrapper rttpg-block-f196e8 tpg-filter-type-dropdown meta-visibility-show section-title-style-style1 img_hover_animation_default title-two-line title_position_default title_hover_border_default meta_position_default tpg-is-author-icon-default author-image-visibility-icon tpg-category-position-above_title readmore-btn-default-style grid-hover-overlay-type-always grid-hover-overlay-height-default hover-overlay-height-default tpg-title-border-default filter-nex-prev-btn-visible tpg-cat-style2 slider-scroll-hide act-label-style-inline\">\n            <div class=\"rt-container-fluid rt-tpg-container tpg-el-main-wrapper tpg-gutenberg clearfix grid_hover-layout1-main\"\n                 id=\"rt-tpg-container-3407013519\"\n                 data-layout=\"grid_hover-layout1\"\n                 data-grid-style=\"tpg-even\" data-sc-id=\"elementor\"\n                 data-el-settings=''\n                 data-el-query=''\n                 data-el-path=''>\n\t\t\t\t                <div class='tpg-header-wrapper'>\n\t\t\t\t\t\n        <div class=\"tpg-widget-heading-wrapper rt-clear heading-style1\">\n            <span class=\"tpg-widget-heading-line line-left\"><\/span>\n\t\t\t<h2 class='tpg-widget-heading'>\n\t\t\t            <a href=\"#\"  >\n\t\t\t\t\n\t\t\t\t                    <span>\n\t\t\t\t\t\t\u041d\u043e\u0432\u043e\u0441\u0442\u0438\t\t\t\t\t<\/span>\n\t\t\t\t\t\n\t\t\t\t            <\/a>\n\n\t\t\t\t\t<\/h2>            <span class=\"tpg-widget-heading-line line-right\"><\/span>\n\n\t\t\t\n        <\/div>\n\n\t\t\n\t\t                <\/div>\n                <div class=\"rt-row rt-content-loader gutenberg-inner grid_hover-layout1 tpg-even grid-behaviour grid_hover_layout_wrapper\">\n\t\t\t\t\t\n<div class=\"rt-col-md-4 rt-col-sm-6 rt-col-xs-12 default rt-grid-hover-item rt-grid-item\" data-id=\"3082\">\n\t<div class=\"rt-holder tpg-post-holder\">\n\t\t<div class=\"rt-detail rt-el-content-wrapper\">\n\t\t\t\t\t\t\t<div class=\"rt-img-holder tpg-el-image-wrap has-no-thumbnail\">\n\t\t\t\t\t<a data-id=\"3082\" href=\"https:\/\/crso.gov.mk\/sq\/%d0%be%d0%b4%d1%80%d0%b6%d0%b0%d0%bd-%d0%bf%d0%be%d1%87%d0%b5%d1%82%d0%b5%d0%bd-%d1%81%d0%be%d1%81%d1%82%d0%b0%d0%bd%d0%be%d0%ba-kick-off-meeting-%d0%bd%d0%b0-%d0%bf%d1%80%d0%be%d0%b5%d0%ba%d1%82\/\" class=\"tpg-post-link\" target=\"_self\">\t\t\n\t\t<\/a>\n\t\t        <div class=\"overlay grid-hover-content\"><\/div>\n\t\t\t\t\t\t<\/div>\n\t\t\t\n\t\t\t<div class=\"grid-hover-content\">\n\n\t\t\t\t<div class=\"entry-title-wrapper\"><h3 class=\"entry-title\"><a data-id=\"3082\" href=\"https:\/\/crso.gov.mk\/sq\/%d0%be%d0%b4%d1%80%d0%b6%d0%b0%d0%bd-%d0%bf%d0%be%d1%87%d0%b5%d1%82%d0%b5%d0%bd-%d1%81%d0%be%d1%81%d1%82%d0%b0%d0%bd%d0%be%d0%ba-kick-off-meeting-%d0%bd%d0%b0-%d0%bf%d1%80%d0%be%d0%b5%d0%ba%d1%82\/\" class=\"tpg-post-link\" target=\"_self\">\u041e\u0434\u0440\u0436\u0430\u043d \u043f\u043e\u0447\u0435\u0442\u0435\u043d \u0441\u043e\u0441\u0442\u0430\u043d\u043e\u043a (Kick-off meeting) \u043d\u0430 \u043f\u0440\u043e\u0435\u043a\u0442\u043e\u0442 \u201eMicro-In-Act\u201c \u0432\u043e \u0426\u0420\u0421\u041e<\/a><\/h3><\/div>\n\t\t\t\t\t\t\t\t\t<div class=\"post-meta-tags rt-el-post-meta\">\n\t\t\t\t\t\t            <span class='author'>\n\n\t\t\t\t<i class='flaticon-user'><\/i><span class='author-prefix'>By<\/span><a href=\"https:\/\/crso.gov.mk\/sq\/author\/admin\/\">admin<\/a>\t\t\t<\/span>\n\t\t\t            <span class='categories-links'>\n\t\t\t\t<i class='flaticon-folder'><\/i><a class=\"uncategorized\" href=\"https:\/\/crso.gov.mk\/sq\/category\/uncategorized\/\">Uncategorized<\/a>\t\t\t<\/span>\n\t\t\t            <span class='date'>\n\t\t\t\t<i class='flaticon-calendar'><\/i>\t\t\t\t                    <a href=\"https:\/\/crso.gov.mk\/sq\/2026\/02\/04\/\">\n\t\t\t\t\t04.02.2026\t\t\t\t<\/a>\n\t\t\t\t\t\t\t<\/span>\n\t\t\t\t\t\t\t\t<\/div>\n\t\t\t\t\n\t\t\t\t\t\t\t\t\t<div class=\"tpg-excerpt tpg-el-excerpt\">\n\t\t\t\t\t\t\t\t\t\t\t\t\t<div class=\"tpg-excerpt-inner\">\n\t\t\t\t\t\t\t\t\u0412\u043e \u043f\u0440\u043e\u0441\u0442\u043e\u0440\u0438\u0438\u0442\u0435 \u043d\u0430 \u0426\u0420\u0421\u041e \u0441\u0435 \u043e\u0434\u0440\u0436\u0430 \u043f\u043e\u0447\u0435\u0442\u0435\u043d (kick off meeting) \u0441\u043e\u0441\u0442\u0430\u043d\u043e\u043a \u043d\u0430 \u043f\u0440\u043e\u0435\u043a\u0442\u043e\u0442 Micro&#8230;\t\t\t\t\t\t\t<\/div>\n\t\t\t\t\t\t\t\t\t\t\t\t\t\t\t\t\t<\/div>\n\t\t\t\t\n\t\t\t\t\t\t\t<\/div>\n\t\t<\/div>\n\t<\/div>\n<\/div>\n                <\/div>\n\n\t\t\t\t\n            <\/div>\n        <\/div>\n\t\t<\/div>\n<\/div><\/div><\/div>\n\n\n\n<div class=\"wp-block-columns  cols-single-sm pb-7 gap-60 pt-7 is-layout-flex wp-container-core-columns-is-layout-9d6595d7 wp-block-columns-is-layout-flex\">\n<div class=\"wp-block-column is-layout-flow wp-block-column-is-layout-flow\">\n<figure class=\"wp-block-image aligncenter size-full is-resized\"><img decoding=\"async\" src=\"https:\/\/crso.gov.mk\/wp-content\/themes\/exs-education\/assets\/img\/icon-2.png\" alt=\"\" class=\"wp-image-1979\" style=\"width:100px\"\/><\/figure>\n\n\n\n<h4 class=\"wp-block-heading has-text-align-center mt-1 mb-1\"><strong><strong>Arsim profesional cil\u00ebsor<\/strong><\/strong><\/h4>\n<\/div>\n\n\n\n<div class=\"wp-block-column is-layout-flow wp-block-column-is-layout-flow\">\n<figure class=\"wp-block-image aligncenter size-full is-resized\"><img decoding=\"async\" src=\"https:\/\/crso.gov.mk\/wp-content\/themes\/exs-education\/assets\/img\/icon-1.png\" alt=\"\" class=\"wp-image-1978\" style=\"width:100px\"\/><\/figure>\n\n\n\n<h4 class=\"wp-block-heading has-text-align-center mt-1 mb-1\"><strong><strong>Lidhje me pun\u00ebdh\u00ebn\u00ebsit<\/strong><\/strong><\/h4>\n<\/div>\n\n\n\n<div class=\"wp-block-column is-layout-flow wp-block-column-is-layout-flow\">\n<figure class=\"wp-block-image aligncenter size-full is-resized is-style-default\"><img decoding=\"async\" src=\"https:\/\/crso.gov.mk\/wp-content\/themes\/exs-education\/assets\/img\/icon-4.png\" alt=\"\" class=\"wp-image-1981\" style=\"width:100px\"\/><\/figure>\n\n\n\n<h4 class=\"wp-block-heading has-text-align-center mt-1 mb-1\"><strong><strong>Mb\u00ebshtetje p\u00ebr m\u00ebsuesit dhe nx\u00ebn\u00ebsit<\/strong><\/strong><\/h4>\n<\/div>\n\n\n\n<div class=\"wp-block-column is-layout-flow wp-block-column-is-layout-flow\">\n<figure class=\"wp-block-image aligncenter size-full is-resized is-style-default\"><img decoding=\"async\" src=\"https:\/\/crso.gov.mk\/wp-content\/themes\/exs-education\/assets\/img\/icon-3.png\" alt=\"\" class=\"wp-image-1980\" style=\"width:100px\"\/><\/figure>\n\n\n\n<h4 class=\"wp-block-heading has-text-align-center mt-1 mb-1\"><strong><strong>Inovacion dhe digjitalizim<\/strong><\/strong><\/h4>\n<\/div>\n<\/div>\n\n\n\n<div style=\"height:120px\" aria-hidden=\"true\" class=\"wp-block-spacer\"><\/div>\n\n\n\n<div class=\"wp-block-cover alignfull has-parallax\"><div class=\"wp-block-cover__image-background wp-image-2005 has-parallax\" style=\"background-position:50% 50%;background-image:url(https:\/\/crso.gov.mk\/wp-content\/themes\/exs-education\/assets\/img\/boy.jpg)\"><\/div><span aria-hidden=\"true\" class=\"wp-block-cover__background has-background-dim-60 has-background-dim\"><\/span><div class=\"wp-block-cover__inner-container is-layout-constrained wp-block-cover-is-layout-constrained\">\n<div style=\"height:120px\" aria-hidden=\"true\" class=\"wp-block-spacer\"><\/div>\n\n\n\n<h2 class=\"wp-block-heading has-text-align-center is-style-text-outline mb-0 mt-0 has-xxl-font-size\"><strong>Arsimi \u00ebsht\u00eb arma m\u00eb e fuqishme q\u00eb mund ta p\u00ebrdorni p\u00ebr t\u00eb ndryshuar bot\u00ebn.<\/strong><\/h2>\n\n\n\n<p class=\"has-text-align-center mt-1\">&#8211; \u041d\u0435\u043b\u0441\u043e\u043d \u041c\u0430\u043d\u0434\u0435\u043b\u0430<\/p>\n\n\n\n<div style=\"height:120px\" aria-hidden=\"true\" class=\"wp-block-spacer\"><\/div>\n<\/div><\/div>","protected":false},"excerpt":{"rendered":"<p>\u041a\u0432\u0430\u043b\u0438\u0442\u0435\u0442\u043d\u043e \u0441\u0442\u0440\u0443\u0447\u043d\u043e \u043e\u0431\u0440\u0430\u0437\u043e\u0432\u0430\u043d\u0438\u0435 \u041f\u043e\u0432\u0440\u0437\u0443\u0432\u0430\u045a\u0435 \u0441\u043e \u0440\u0430\u0431\u043e\u0442\u043e\u0434\u0430\u0432\u0430\u0447\u0438 \u041f\u043e\u0434\u0434\u0440\u0448\u043a\u0430 \u0437\u0430 \u043d\u0430\u0441\u0442\u0430\u0432\u043d\u0438\u0446\u0438 \u0438 \u0443\u0447\u0435\u043d\u0438\u0446\u0438 \u0418\u043d\u043e\u0432\u0430\u0446\u0438\u0438 \u0438 \u0434\u0438\u0433\u0438\u0442\u0430\u043b\u0438\u0437\u0430\u0446\u0438\u0458\u0430<\/p>","protected":false},"author":1,"featured_media":0,"parent":0,"menu_order":0,"comment_status":"closed","ping_status":"closed","template":"page-templates\/no-sidebar-no-title.php","meta":{"pagelayer_contact_templates":[],"_pagelayer_content":"","footnotes":""},"class_list":["post-46","page","type-page","status-publish","hentry","no-post-thumbnail"],"rttpg_featured_image_url":null,"rttpg_author":{"display_name":"admin","author_link":"https:\/\/crso.gov.mk\/sq\/author\/admin\/"},"rttpg_comment":0,"rttpg_category":null,"rttpg_excerpt":"\u041a\u0432\u0430\u043b\u0438\u0442\u0435\u0442\u043d\u043e \u0441\u0442\u0440\u0443\u0447\u043d\u043e \u043e\u0431\u0440\u0430\u0437\u043e\u0432\u0430\u043d\u0438\u0435 \u041f\u043e\u0432\u0440\u0437\u0443\u0432\u0430\u045a\u0435 \u0441\u043e \u0440\u0430\u0431\u043e\u0442\u043e\u0434\u0430\u0432\u0430\u0447\u0438 \u041f\u043e\u0434\u0434\u0440\u0448\u043a\u0430 \u0437\u0430 \u043d\u0430\u0441\u0442\u0430\u0432\u043d\u0438\u0446\u0438 \u0438 \u0443\u0447\u0435\u043d\u0438\u0446\u0438 \u0418\u043d\u043e\u0432\u0430\u0446\u0438\u0438 \u0438 \u0434\u0438\u0433\u0438\u0442\u0430\u043b\u0438\u0437\u0430\u0446\u0438\u0458\u0430","_links":{"self":[{"href":"https:\/\/crso.gov.mk\/sq\/wp-json\/wp\/v2\/pages\/46","targetHints":{"allow":["GET"]}}],"collection":[{"href":"https:\/\/crso.gov.mk\/sq\/wp-json\/wp\/v2\/pages"}],"about":[{"href":"https:\/\/crso.gov.mk\/sq\/wp-json\/wp\/v2\/types\/page"}],"author":[{"embeddable":true,"href":"https:\/\/crso.gov.mk\/sq\/wp-json\/wp\/v2\/users\/1"}],"replies":[{"embeddable":true,"href":"https:\/\/crso.gov.mk\/sq\/wp-json\/wp\/v2\/comments?post=46"}],"version-history":[{"count":2,"href":"https:\/\/crso.gov.mk\/sq\/wp-json\/wp\/v2\/pages\/46\/revisions"}],"predecessor-version":[{"id":3345,"href":"https:\/\/crso.gov.mk\/sq\/wp-json\/wp\/v2\/pages\/46\/revisions\/3345"}],"wp:attachment":[{"href":"https:\/\/crso.gov.mk\/sq\/wp-json\/wp\/v2\/media?parent=46"}],"curies":[{"name":"wp","href":"https:\/\/api.w.org\/{rel}","templated":true}]}}