{"id":646,"date":"2025-07-12T09:34:53","date_gmt":"2025-07-12T09:34:53","guid":{"rendered":"https:\/\/csoo.zya.me\/home\/?page_id=646"},"modified":"2026-03-03T20:00:52","modified_gmt":"2026-03-03T20:00:52","slug":"graf","status":"publish","type":"page","link":"https:\/\/crso.gov.mk\/sq\/graf\/","title":{"rendered":"Grafik\u00eb"},"content":{"rendered":"<!DOCTYPE html>\n<html lang=\"mk\">\n<head>\n  <meta charset=\"UTF-8\" \/>\n  <meta name=\"viewport\" content=\"width=device-width, initial-scale=1\" \/>\n  <style>\n    * {\n      margin: 0;\n      padding: 0;\n      box-sizing: border-box;\n    }\n\n    body {\n      font-family: 'Segoe UI', sans-serif;\n      background-color: #ffffff; \/* \u0431\u0435\u043b\u0430 \u043f\u043e\u0437\u0430\u0434\u0438\u043d\u0430 *\/\n      color: #333;\n      padding: 0;\n      line-height: 1.6;\n      min-height: 100vh;\n    }\n\n    h1 {\n      text-align: center;\n      color: #5c471f;\n      margin: 40px 0;\n      font-weight: 700;\n      font-size: 2rem;\n    }\n\n    h2 {\n      color: #5c471f;\n      margin-bottom: 20px;\n      border-left: 6px solid #d6b24c;\n      padding-left: 12px;\n      font-weight: 700;\n      font-size: 1.4rem;\n    }\n\n    .container {\n      max-width: 1200px;\n      margin: 0 auto;\n      padding: 0 20px;\n    }\n\n    .section {\n      margin-bottom: 50px;\n    }\n\n    .cards {\n      display: grid;\n      grid-template-columns: repeat(auto-fit, minmax(280px, 1fr));\n      gap: 25px;\n    }\n\n    .card {\n      background: #ffffff;\n      border: 2px solid #000000;\n      border-radius: 16px;\n      padding: 25px 20px;\n      box-shadow: none;\n      transition: all 0.3s ease;\n      min-height: 120px;\n      display: flex;\n      flex-direction: column;\n      justify-content: center;\n    }\n\n    .card:hover {\n      transform: translateY(-4px);\n      box-shadow: 0 8px 16px rgba(0, 0, 0, 0.1);\n    }\n\n    .card a {\n      text-decoration: none;\n      color: #000000;\n      font-weight: 600;\n      font-size: 1.2rem;\n      display: inline-flex;\n      align-items: center;\n      gap: 8px;\n      transition: color 0.3s ease;\n    }\n\n    .card a::after {\n      content: \"\u2192\";\n      font-size: 1.2rem;\n      transition: transform 0.3s ease;\n    }\n\n    .card a:hover {\n      color: #7b5900;\n      text-decoration: underline;\n    }\n\n    .card a:hover::after {\n      transform: translateX(5px);\n    }\n  <\/style>\n<\/head>\n<body>\n\n  <div class=\"container\">\n\n    <div class=\"section\">\n      <h2>I \u0433\u043e\u0434\u0438\u043d\u0430<\/h2>\n      <div class=\"cards\">\n        <div class=\"card\">\n          <a href=\"https:\/\/drive.google.com\/open?id=1UNvMaEhR8CFrImgYZw_qasWt-IFEx_Ue\">\n            \u0413\u0440\u0430\u0444\u0438\u0447\u043a\u0430 \u0442\u0435\u0445\u043d\u043e\u043b\u043e\u0433\u0438\u0458\u0430\n          <\/a>\n        <\/div>\n        <div class=\"card\"><a href=\"https:\/\/drive.google.com\/open?id=1yjEKIbbuEG7XSl_bpFMc2zZ0dhfJezMn\">\u0413\u0440\u0430\u0444\u0438\u0447\u043a\u0438 \u0434\u0438\u0437\u0430\u0458\u043d<\/a><\/div>\n        <div class=\"card\"><a href=\"https:\/\/drive.google.com\/open?id=1Wo6TwGWMLMw7vgg8iRDyVbhFAM7lGHI8\">Materialet grafike<\/a><\/div>\n<div class=\"card\"><a href=\"https:\/\/drive.google.com\/open?id=1iWQ9vVr_bryKa66mfGLLgAtXo2iBbKPl\">M\u00ebsimi praktik<\/a><\/div>\n<div class=\"card\"><a href=\"https:\/\/drive.google.com\/open?id=1lhPboMaif7lSdYikTGIHJbnNjaefmOhY\">\u0413\u0440\u0430\u0444\u0438\u0447\u043a\u0430 \u0442\u0435\u0445\u043d\u043e\u043b\u043e\u0433\u0438\u0458\u0430<\/a><\/div>\n<div class=\"card\"><a href=\"https:\/\/drive.google.com\/open?id=1hH90tKIX5NEtOMBLFFwJ_JEZRlxp5ikJ\">\u0413\u0440\u0430\u0444\u0438\u0447\u043a\u0438 \u0434\u0438\u0437\u0430\u0458\u043d<\/a><\/div>\n<div class=\"card\"><a href=\"https:\/\/drive.google.com\/open?id=1F3-n_gbHQoY-DywTLSAA2LC4dspTWeKW\">Materialet grafike<\/a><\/div>\n<div class=\"card\"><a href=\"https:\/\/drive.google.com\/open?id=1vCeQkT_AvCAC4KJj3eT4yM_sTDTniC1z\">M\u00ebsimi praktik<\/a><\/div>\n<div class=\"card\"><a href=\"https:\/\/drive.google.com\/open?id=1uuYez1mJa41vbzYh0Ajp_CMH-W5kFTx7\">\u041f\u0435\u0447\u0430\u0442\u0430\u0440 \u2013 \u0413\u0440\u0430\u0444\u0438\u0447\u043a\u0430 \u0442\u0435\u0445\u043d\u043e\u043b\u043e\u0433\u0438\u0458\u0430<\/a><\/div>\n<div class=\"card\"><a href=\"https:\/\/drive.google.com\/open?id=1jKJkgdtQyREDnqGcYEVpp8CJmrv_HOOi\">\u041f\u0435\u0447\u0430\u0442\u0430\u0440 \u2013 \u0413\u0440\u0430\u0444\u0438\u0447\u043a\u0438 \u0434\u0438\u0437\u0430\u0458\u043d<\/a><\/div>\n<div class=\"card\"><a href=\"https:\/\/drive.google.com\/open?id=1YTF_ayVBX0KNO6w1CuyfLoNU8oU3XHjO\">\u041f\u0435\u0447\u0430\u0442\u0430\u0440 \u2013 \u0413\u0440\u0430\u0444\u0438\u0447\u043a\u0438 \u043c\u0430\u0442\u0435\u0440\u0438\u0458\u0430\u043b\u0438<\/a><\/div>\n<div class=\"card\"><a href=\"https:\/\/drive.google.com\/open?id=1-y1JVhOdkc68WUzNvgIzJAKbhWU1D-Bb\">\u041f\u0435\u0447\u0430\u0442\u0430\u0440 \u2013 \u041f\u0440\u0430\u043a\u0442\u0438\u0447\u043d\u0430 \u043d\u0430\u0441\u0442\u0430\u0432\u0430<\/a><\/div>\n<div class=\"card\"><a href=\"https:\/\/drive.google.com\/open?id=1BVcsQ9IGE2y7zJLVUSFmXqA6WQoFuw93\">Materialet grafike<\/a><\/div>\n<div class=\"card\"><a href=\"https:\/\/drive.google.com\/file\/d\/10y8tOOirEVNhobtfL7UbSxnxw4Oyoimu\/view?usp=sharing\">Bazat e grafik\u00ebs dhe sektor\u00ebt e ngjash\u00ebm<\/a><\/div>\n<div class=\"card\"><a href=\"https:\/\/drive.google.com\/file\/d\/1UHmhEWiCIW_iNOliMVNeqh1ah3zUqRjo\/view?usp=sharing\">Bazat e dizajnit grafik<\/a><\/div>\n<div class=\"card\"><a href=\"http:\/\/www.csoo.edu.mk\/images\/stories\/programi2010\/GRAFICKA%20STRUKA\/GRAFICKI%20TEHNICAR%20I\/GRAFICKI%20DIZAJN%20I.pdf\">\u0413\u0440\u0430\u0444\u0438\u0447\u043a\u0438 \u0434\u0438\u0437\u0430\u0458\u043d<\/a><\/div>\n<div class=\"card\"><a href=\"http:\/\/www.csoo.edu.mk\/images\/stories\/programi2010\/GRAFICKA%20STRUKA\/GRAFICKI%20TEHNICAR%20I\/GRAFICKI%20MATERIJALI%20I.pdf\">Materialet grafike<\/a><\/div>\n<div class=\"card\"><a href=\"http:\/\/www.csoo.edu.mk\/images\/stories\/programi2010\/GRAFICKA%20STRUKA\/GRAFICKI%20TEHNICAR%20I\/OSNOVI%20NA%20GRAFICARSTVO%20I.pdf\">\u041e\u0441\u043d\u043e\u0432\u0438 \u043d\u0430 \u0433\u0440\u0430\u0444\u0438\u0447\u0430\u0440\u0441\u0442\u0432\u043e<\/a><\/div>\n\n      <\/div>\n    <\/div>\n\n    <div class=\"section\">\n      <h2>II \u0433\u043e\u0434\u0438\u043d\u0430<\/h2>\n      <div class=\"cards\">\n        <div class=\"card\"><a href=\"https:\/\/drive.google.com\/open?id=1OZUzt2fdcffQ8CrX9qQ0DiQegjfOUx4z\">\u0413\u0440\u0430\u0444\u0438\u0447\u043a\u0438 \u043c\u0430\u0448\u0438\u043d\u0438<\/a><\/div>\n        <div class=\"card\"><a href=\"https:\/\/drive.google.com\/open?id=1mRQCb5XnaJ6Id_ASC3D2LoPtuaRgx8la\">\u041f\u0435\u0447\u0430\u0442\u0435\u045a\u0435<\/a><\/div>\n        <div class=\"card\"><a href=\"https:\/\/drive.google.com\/open?id=1Tgoqalw1rr4zhVNWZbxWKOwo3bbJz4v3\">M\u00ebsimi praktik<\/a><\/div>\n<div class=\"card\"><a href=\"https:\/\/drive.google.com\/open?id=1BmzQx1Wg_c-rylDimBdrRHJyAzy7UmVM\">\u0410\u043b\u0442\u0435\u0440\u043d\u0430\u0442\u0438\u0432\u0435\u043d \u043f\u0435\u0447\u0430\u0442<\/a><\/div>\n        <div class=\"card\"><a href=\"https:\/\/drive.google.com\/open?id=1Lwk3iI71SEmCKaJYSA_QoX11opAB1udB\">\u0413\u0440\u0430\u0444\u0438\u0447\u043a\u0438 \u0434\u0438\u0437\u0430\u0458\u043d<\/a><\/div>\n        <div class=\"card\"><a href=\"https:\/\/drive.google.com\/open?id=1dANgqRdC1QiuqawOLhJAOhZK9A7rvv8-\">\u0413\u0440\u0430\u0444\u0438\u0447\u043a\u0438 \u043c\u0430\u0448\u0438\u043d\u0438<\/a><\/div>\n<div class=\"card\"><a href=\"https:\/\/drive.google.com\/open?id=1c2kw3AFGH8MQde1doyhw_qu8aHa5TJ6K\">M\u00ebsimi praktik<\/a><\/div>\n        <div class=\"card\"><a href=\"https:\/\/drive.google.com\/open?id=1Q3rrChi1jaNR6W-mRoP-ZL87gHkVwuF4\">\u041f\u0435\u0447\u0430\u0442\u0430\u0440 \u2013 \u0413\u0440\u0430\u0444\u0438\u0447\u043a\u0438 \u043c\u0430\u0448\u0438\u043d\u0438<\/a><\/div>\n        <div class=\"card\"><a href=\"https:\/\/drive.google.com\/open?id=1KSkBj5ZqIC0dkgkFwYxk9UI1lz28BzTK\">\u041f\u0435\u0447\u0430\u0442\u0430\u0440 \u2013 \u041f\u0435\u0447\u0430\u0442\u0435\u045a\u0435<\/a><\/div>\n<div class=\"card\"><a href=\"https:\/\/drive.google.com\/open?id=1SmJ-8cr0Bi_9q_Xp9gQLWDVdrOhFzV0L\">\u041f\u0435\u0447\u0430\u0442\u0430\u0440 \u2013 \u041f\u0440\u0430\u043a\u0442\u0438\u0447\u043d\u0430 \u043d\u0430\u0441\u0442\u0430\u0432\u0430<\/a><\/div>\n        <div class=\"card\"><a href=\"https:\/\/drive.google.com\/file\/d\/1yyrBU2sqY3JMwqZGSCebzLpHn99xc4sz\/view?usp=sharing\">\u0423\u0447\u0435\u045a\u0435 \u043f\u0440\u0435\u043a\u0443 \u0440\u0430\u0431\u043e\u0442\u0430 \u043a\u0430\u0458 \u0440\u0430\u0431\u043e\u0442\u043e\u0434\u0430\u0432\u0430\u0447<\/a><\/div>\n        <div class=\"card\"><a href=\"https:\/\/drive.google.com\/file\/d\/1BBxnvum2f45FGhVaWbJkX92yCVtf2LVL\/view?usp=sharing\">Lib\u00ebrlidhje<\/a><\/div>\n<div class=\"card\"><a href=\"https:\/\/drive.google.com\/file\/d\/1a3rtpQUgoSsVLyaTEezYq3wdtVEV4uQQ\/view?usp=sharing\">Makinat e shtypit<\/a><\/div>\n        <div class=\"card\"><a href=\"https:\/\/drive.google.com\/file\/d\/1L5oACc9eRqLaIdZt334gAt7XCsq3uLJV\/view?usp=sharing\">P\u00ebrpunimi i letr\u00ebs<\/a><\/div>\n        <div class=\"card\"><a href=\"https:\/\/drive.google.com\/file\/d\/1tXxFZfHfyHd0EtpVGecjxHMViK44EBjm\/view?usp=sharing\">Sito dhe shtypi I lart\u00eb<\/a><\/div>\n<div class=\"card\"><a href=\"https:\/\/drive.google.com\/open?id=1gxrJpdNtxACDjQ0meWOheSONcfPZgL2h\">\u0424\u043e\u0442\u043e\u0433\u0440\u0430\u0444\u0438\u0458\u0430<\/a><\/div>\n        <div class=\"card\"><a href=\"https:\/\/drive.google.com\/open?id=1FdmBHxH6K2M56QYl-qB-J1MVEGMuTCj7\">\u0421\u0440\u0435\u0434\u0441\u0442\u0432\u0430 \u0437\u0430 \u0433\u0440\u0430\u0444\u0438\u0447\u043a\u0438 \u0434\u0438\u0437\u0430\u0458\u043d<\/a><\/div>\n<div class=\"card\"><a href=\"https:\/\/drive.google.com\/open?id=13byNdOHPvrpATdqIqBVtQNViWm4AZ3Im\">\u0422\u0435\u0445\u043d\u0438\u0447\u043a\u043e \u0443\u0440\u0435\u0434\u0443\u0432\u0430\u045a\u0435 \u043d\u0430 \u043f\u0443\u0431\u043b\u0438\u043a\u0430\u0446\u0438\u0438<\/a><\/div>\n<div class=\"card\"><a href=\"https:\/\/drive.google.com\/open?id=1bd4aLO5c6ptBWfAZ61IdqehS--n1MLED\">\u0422\u0438\u043f\u043e\u0433\u0440\u0430\u0444\u0438\u0458\u0430<\/a><\/div>\n\n      <\/div>\n    <\/div>\n\n    <div class=\"section\">\n      <h2>III \u0433\u043e\u0434\u0438\u043d\u0430<\/h2>\n      <div class=\"cards\">\n        <div class=\"card\"><a href=\"https:\/\/drive.google.com\/open?id=1D8zSUzkBfGxNtZ_flHPHl3jEWQnDcpxI\">\u0413\u0440\u0430\u0444\u0438\u0447\u043a\u0438 \u0434\u0438\u0437\u0430\u0458\u043d<\/a><\/div>\n        <div class=\"card\"><a href=\"https:\/\/drive.google.com\/open?id=1Gu883UnrevOoJIgDaUlLA68B6Fg1opcl\">\u041a\u043e\u043c\u043f\u0458\u0443\u0442\u0435\u0440\u0441\u043a\u0430 \u0433\u0440\u0430\u0444\u0438\u043a\u0430<\/a><\/div>\n        <div class=\"card\"><a href=\"https:\/\/drive.google.com\/open?id=1un-p21h5rS8AaJQkRNVeZ43HjxOt1xiQ\">M\u00ebsimi praktik<\/a><\/div>\n<div class=\"card\"><a href=\"https:\/\/drive.google.com\/open?id=1pg1sQyc8j8rub8ZRVG_A6nioL-L-LsiZ\">\u041f\u0440\u0435\u0442\u043f\u0440\u0438\u0435\u043c\u043d\u0438\u0448\u0442\u0432\u043e<\/a><\/div>\n<div class=\"card\"><a href=\"https:\/\/drive.google.com\/open?id=1dOTz1d0EEUeI9-rFTU5WeZkF1cdHPToY\">\u041f\u0440\u043e\u0435\u043a\u0442\u0438\u0440\u0430\u045a\u0435 \u043d\u0430 \u0432\u0438\u0437\u0443\u0435\u043b\u043d\u0438 \u0430\u043f\u043b\u0438\u043a\u0430\u0446\u0438\u0438<\/a><\/div>\n<div class=\"card\"><a href=\"https:\/\/drive.google.com\/open?id=1qNntfT7Kgpiuxe77e245Y5xbFxKdNjs4\">\u0413\u0440\u0430\u0444\u0438\u0447\u043a\u0438 \u043c\u0430\u0448\u0438\u043d\u0438<\/a><\/div>\n<div class=\"card\"><a href=\"https:\/\/drive.google.com\/open?id=1NUTnnttuO_84JzC7TPOBXM5Q4mnrCqA6\">\u041f\u0435\u0447\u0430\u0442\u0435\u045a\u0435<\/a><\/div>\n<div class=\"card\"><a href=\"https:\/\/drive.google.com\/open?id=189x23N-hSoNQHYxV5giSy6BmEE9Cr42q\">M\u00ebsimi praktik<\/a><\/div>\n<div class=\"card\"><a href=\"https:\/\/drive.google.com\/open?id=1lGZSU26e67MkHFdI03PyDsnzbpDuv0wz\">\u041f\u0440\u0435\u0442\u043f\u0440\u0438\u0435\u043c\u043d\u0438\u0448\u0442\u0432\u043e<\/a><\/div>\n<div class=\"card\"><a href=\"https:\/\/drive.google.com\/open?id=1_vcgkdx7NpjmaWBd-ULnhsaUvKY4a6fi\">\u041f\u0435\u0447\u0430\u0442\u0430\u0440 \u2013 \u0413\u0440\u0430\u0444\u0438\u0447\u043a\u0438 \u043c\u0430\u0448\u0438\u043d\u0438<\/a><\/div>\n<div class=\"card\"><a href=\"https:\/\/drive.google.com\/open?id=1YQvzFFJeOkpuNz-9nAH2YOF6NyxxZT4w\">\u041f\u0435\u0447\u0430\u0442\u0430\u0440 \u2013 \u041f\u0435\u0447\u0430\u0442\u0435\u045a\u0435<\/a><\/div>\n<div class=\"card\"><a href=\"https:\/\/drive.google.com\/open?id=11a9RJZCz2JH5MR6SuwlGbaIdHv5FxYPc\">\u041f\u0435\u0447\u0430\u0442\u0430\u0440 \u2013 \u041f\u0440\u0430\u043a\u0442\u0438\u0447\u043d\u0430 \u043d\u0430\u0441\u0442\u0430\u0432\u0430<\/a><\/div>\n<div class=\"card\"><a href=\"https:\/\/drive.google.com\/open?id=1CEAVPs0iiOGTnScYXBXItTynjL8Gwddh\">\u041f\u0435\u0447\u0430\u0442\u0430\u0440 \u2013 \u041f\u0440\u0435\u0442\u043f\u0440\u0438\u0435\u043c\u043d\u0438\u0448\u0442\u0432\u043e<\/a><\/div>\n<div class=\"card\"><a href=\"https:\/\/drive.google.com\/file\/d\/112uZ0iO_Z7vsMjKmT7HihnTc6GHBuH66\/view?usp=sharing\">\u0423\u0447\u0435\u045a\u0435 \u043f\u0440\u0435\u043a\u0443 \u0440\u0430\u0431\u043e\u0442\u0430 \u043a\u0430\u0458 \u0440\u0430\u0431\u043e\u0442\u043e\u0434\u0430\u0432\u0430\u0447<\/a><\/div>\n<div class=\"card\"><a href=\"https:\/\/drive.google.com\/file\/d\/1gPEq9BB2kN_Afq99I4kkLJjNlpFYYCls\/view?usp=sharing\">\u041e\u0440\u0433\u0430\u043d\u0438\u0437\u0430\u0446\u0438\u0441\u043a\u043e \u0440\u0430\u0431\u043e\u0442\u0435\u045a\u0435<\/a><\/div>\n<div class=\"card\"><a href=\"https:\/\/drive.google.com\/file\/d\/1WtQuTlqv9pN4_bgAeMiOskDp-GdALiHK\/view?usp=sharing\">Flexo dhe Bak\u00ebrshtyp<\/a><\/div>\n<div class=\"card\"><a href=\"https:\/\/drive.google.com\/file\/d\/1DBJLlRoXKTtwtDcj80dYCAg4dLnccfnp\/view?usp=sharing\">Proceset Fotografike<\/a><\/div>\n<div class=\"card\"><a href=\"https:\/\/drive.google.com\/file\/d\/18wAPBqWYd7HX0tkG1oErA97TW0JaKwwB\/view?usp=sharing\">Kartonazhi dhe Ambalazhi<\/a><\/div>\n<div class=\"card\"><a href=\"https:\/\/drive.google.com\/file\/d\/1a3rtpQUgoSsVLyaTEezYq3wdtVEV4uQQ\/view?usp=sharing\">Makinat e shtypit<\/a><\/div>\n<div class=\"card\"><a href=\"https:\/\/drive.google.com\/file\/d\/187wsrhL0RzJfeRCbqCNam-r5CBa4VdkQ\/view?usp=sharing\">\u0420\u0435\u0446\u0438\u043a\u043b\u0438\u0440\u0430\u045a\u0435 \u043d\u0430 \u0433\u0440\u0430\u0444\u0438\u0447\u043a\u0438 \u043c\u0430\u0442\u0435\u0440\u0438\u0458\u0430\u043b\u0438<\/a><\/div>\n<div class=\"card\"><a href=\"https:\/\/drive.google.com\/file\/d\/1e8ovdoOUTJgp09_ikUprBR_cziUfDkOO\/view?usp=sharing\">\u0421\u043f\u0435\u0446\u0438\u0458\u0430\u043b\u043d\u0438 \u043f\u043e\u0441\u0442\u0430\u043f\u043a\u0438 \u043d\u0430 \u0443\u043c\u043d\u043e\u0436\u0443\u0432\u0430\u045a\u0435<\/a><\/div>\n<div class=\"card\"><a href=\"https:\/\/drive.google.com\/file\/d\/14VCtcNNZ68oETG5q1EZORG_I5Xvv-9BX\/view?usp=sharing\">\u0423\u0447\u0435\u045a\u0435 \u043f\u0440\u0435\u043a\u0443 \u0440\u0430\u0431\u043e\u0442\u0430 \u043a\u0430\u0458 \u0440\u0430\u0431\u043e\u0442\u043e\u0434\u0430\u0432\u0430\u0447<\/a><\/div>\n<div class=\"card\"><a href=\"https:\/\/drive.google.com\/file\/d\/1xkzPaCEKJSbU2Cl0dp8TE4c7PiTc1rOV\/view?usp=sharing\">\u0414\u0438\u0433\u0438\u0442\u0430\u043b\u0435\u043d \u043f\u0435\u0447\u0430\u0442<\/a><\/div>\n<div class=\"card\"><a href=\"https:\/\/drive.google.com\/file\/d\/1y8RxQ74Fh_aeBiM7whJ2RUVA1TE2JpSC\/view?usp=sharing\">\u0424\u043e\u0440\u043c\u0438 \u043d\u0430 \u0433\u0440\u0430\u0444\u0438\u0447\u043a\u0438\u043e\u0442 \u0434\u0438\u0437\u0430\u0458\u043d<\/a><\/div>\n<div class=\"card\"><a href=\"https:\/\/drive.google.com\/file\/d\/1sXtc21bSqxZ5OsQPoMh2vXl2_2FEqjzA\/view?usp=sharing\">\u0413\u0440\u0430\u0444\u0438\u0447\u043a\u0430 \u043c\u043e\u043d\u0442\u0430\u0436\u0430<\/a><\/div>\n<div class=\"card\"><a href=\"https:\/\/drive.google.com\/file\/d\/15wvFxqnFIIakQoMzBpEKKLUrKHE13kyI\/view?usp=sharing\">\u041a\u043e\u043d\u0441\u0442\u0440\u0443\u043a\u0446\u0438\u0458\u0430 \u043d\u0430 \u0441\u043b\u043e\u0432\u043d\u0438 \u0437\u043d\u0430\u0446\u0438<\/a><\/div>\n<div class=\"card\"><a href=\"https:\/\/drive.google.com\/file\/d\/1OK1rRVTV_TLhe5ehvqBG5FvB1W3Mgx8p\/view?usp=sharing\">\u0421\u0438\u0441\u0442\u0435\u043c\u0438 \u043d\u0430 \u0431\u043e\u0438<\/a><\/div>\n<div class=\"card\"><a href=\"https:\/\/drive.google.com\/file\/d\/1iI0WEWN2oz_pxSSOdkLGa4gRH7sWJMBd\/view?usp=sharing\">\u0422\u0435\u0445\u043d\u0438\u0447\u043a\u043e \u0443\u0440\u0435\u0434\u0443\u0432\u0430\u045a\u0435 \u043d\u0430 \u043f\u0443\u0431\u043b\u0438\u043a\u0430\u0446\u0438\u0438<\/a><\/div>\n<div class=\"card\"><a href=\"https:\/\/drive.google.com\/file\/d\/1GrzSmsvZCUuEa8ToYhej5R2bwEIKirm7\/view?usp=sharing\">\u0412\u0435\u043a\u0442\u043e\u0440\u0441\u043a\u0430 \u0438 \u0440\u0430\u0441\u0442\u0435\u0440\u0441\u043a\u0430 \u0433\u0440\u0430\u0444\u0438\u043a\u0430<\/a><\/div>\n<div class=\"card\"><a href=\"https:\/\/drive.google.com\/file\/d\/156p-MzFoUWXJ-3lxAq-39BBx-Je8DnVg\/view?usp=sharing\">\u0412\u0438\u0437\u0443\u0435\u043b\u0435\u043d \u0438\u0434\u0435\u043d\u0442\u0438\u0442\u0435\u0442<\/a><\/div>\n<div class=\"card\"><a href=\"https:\/\/drive.google.com\/file\/d\/1_j0p-CSMrZxMqDq09msGxUHUpXdmtxaj\/view?usp=sharing\">\u0423\u0447\u0435\u045a\u0435 \u043f\u0440\u0435\u043a\u0443 \u0440\u0430\u0431\u043e\u0442\u0430 \u043a\u0430\u0458 \u0440\u0430\u0431\u043e\u0442\u043e\u0434\u0430\u0432\u0430\u0447<\/a><\/div>\n\n      <\/div>\n    <\/div>\n\n    <div class=\"section\">\n      <h2>IV \u0433\u043e\u0434\u0438\u043d\u0430<\/h2>\n      <div class=\"cards\">\n        <div class=\"card\"><a href=\"https:\/\/drive.google.com\/file\/d\/14FlYC-iVyyfcelXO1N4cnmTNo5DL_pjB\/view?usp=sharing\">\u0411\u0438\u0437\u043d\u0438\u0441 \u0438 \u043f\u0440\u0435\u0442\u043f\u0440\u0438\u0435\u043c\u043d\u0438\u0448\u0442\u0432\u043e \u2013 \u0438\u0437\u0431\u043e\u0440\u0435\u043d<\/a><\/div>\n        <div class=\"card\"><a href=\"https:\/\/drive.google.com\/file\/d\/1ugafkMaYL0DR_0Hn9XRXOSmRFBeVV9jO\/view?usp=sharing\">\u0414\u0438\u0433\u0438\u0442\u0430\u043b\u0435\u043d \u043f\u0435\u0447\u0430\u0442<\/a><\/div>\n        <div class=\"card\"><a href=\"https:\/\/drive.google.com\/file\/d\/1TCGOAQJQVOMKhybJmtglLKFMjhjzNSP-\/view?usp=sharing\">\u0415\u043a\u043e-\u0430\u043c\u0431\u0430\u043b\u0430\u0436\u0430<\/a><\/div>\n<div class=\"card\"><a href=\"https:\/\/drive.google.com\/file\/d\/1zYM5M35LyH5PaIW7dkZ8SGyCgiw54GFg\/view?usp=sharing\">\u0415\u043b\u0435\u043a\u0442\u0440\u043e\u043d\u0441\u043a\u0430 \u0438\u0437\u0440\u0430\u0431\u043e\u0442\u043a\u0430 \u043d\u0430 \u043f\u0435\u0447\u0430\u0442\u0430\u0440\u0441\u043a\u0438 \u0444\u043e\u0440\u043c\u0438<\/a><\/div>\n<div class=\"card\"><a href=\"https:\/\/drive.google.com\/file\/d\/1zrhErHQbz-U4q-9oJlE-kozPvwDc9bku\/view?usp=sharing\">\u0415\u043b\u0435\u043a\u0442\u0440\u043e\u043d\u0441\u043a\u0430 \u043e\u0431\u0440\u0430\u0431\u043e\u0442\u043a\u0430 \u043d\u0430 \u0442\u0435\u043a\u0441\u0442 \u0438 \u0441\u043b\u0438\u043a\u0430<\/a><\/div>\n<div class=\"card\"><a href=\"https:\/\/drive.google.com\/file\/d\/1nfN1yOY_9UcP9C4hSqfTa-Mr_WiWTC5f\/view?usp=sharing\">\u0425\u0435\u043c\u0438\u0433\u0440\u0430\u0444\u0438\u0458\u0430<\/a><\/div>\n<div class=\"card\"><a href=\"https:\/\/drive.google.com\/file\/d\/1ebcvDG4r3Vz31mZvGgbmlCwmPgwSNkPa\/view?usp=sharing\">\u041c\u0435\u0440\u0435\u045a\u0435 \u043d\u0430 \u0431\u043e\u0438<\/a><\/div>\n<div class=\"card\"><a href=\"https:\/\/drive.google.com\/file\/d\/1-OmSNpWSy0B_jgJ2phtWmg_sl1JAtv1V\/view?usp=sharing\">\u041e\u0444\u0441\u0435\u0442 \u043f\u0435\u0447\u0430\u0442<\/a><\/div>\n<div class=\"card\"><a href=\"https:\/\/drive.google.com\/file\/d\/1bP9-qJJXNHPyHmr3RIfna04Vef0OkIZp\/view?usp=sharing\">\u0423\u0447\u0435\u045a\u0435 \u043f\u0440\u0435\u043a\u0443 \u0440\u0430\u0431\u043e\u0442\u0430 \u043a\u0430\u0458 \u0440\u0430\u0431\u043e\u0442\u043e\u0434\u0430\u0432\u0430\u0447<\/a><\/div>\n<div class=\"card\"><a href=\"https:\/\/drive.google.com\/file\/d\/1Z6ModQkb8SVZVXwzzVkO3cu2VRljQJ-I\/view?usp=sharing\">\u0414\u0438\u0433\u0438\u0442\u0430\u043b\u0435\u043d \u043f\u0435\u0447\u0430\u0442<\/a><\/div>\n<div class=\"card\"><a href=\"https:\/\/drive.google.com\/file\/d\/1zmii7sMImFiYKnHTud8o7FeaDHhZyGFc\/view?usp=sharing\">\u0414\u0438\u0433\u0438\u0442\u0430\u043b\u0438\u0437\u0430\u0446\u0438\u0458\u0430 \u043d\u0430 \u0441\u043b\u043e\u0432\u043d\u0438 \u0437\u043d\u0430\u0446\u0438<\/a><\/div>\n<div class=\"card\"><a href=\"https:\/\/drive.google.com\/file\/d\/1DAvDkYdBn-WCR8oj0g8uyIwh8fLSkQzi\/view?usp=sharing\">\u0414\u0438\u0437\u0430\u0458\u043d \u043f\u0440\u043e\u0446\u0435\u0441<\/a><\/div>\n<div class=\"card\"><a href=\"https:\/\/drive.google.com\/file\/d\/1DAvDkYdBn-WCR8oj0g8uyIwh8fLSkQzi\/view?usp=sharing\">\u0413\u0440\u0430\u0444\u0438\u0447\u043a\u0438 \u0441\u0442\u0430\u043d\u0434\u0430\u0440\u0434\u0438<\/a><\/div>\n<div class=\"card\"><a href=\"https:\/\/drive.google.com\/file\/d\/1bxzYYM20IOk6JFWxpsA8DerrqJ52ZJX4\/view?usp=sharing\">\u041f\u0435\u0447\u0430\u0442\u0430\u0440\u0441\u043a\u0438 \u0444\u043e\u0440\u043c\u0438<\/a><\/div>\n<div class=\"card\"><a href=\"https:\/\/drive.google.com\/file\/d\/1UHYvABOH8D7NGMfir4c2nGPfHpBTj8Ys\/view?usp=sharing\">\u041f\u0440\u043e\u0431\u0435\u043d \u043f\u0435\u0447\u0430\u0442<\/a><\/div>\n<div class=\"card\"><a href=\"https:\/\/drive.google.com\/file\/d\/1ZsURWvMM0k-dP5wBLAy2zXSvdwP-hTcp\/view?usp=sharing\">\u0412\u0435\u043a\u0442\u043e\u0440\u0441\u043a\u0430 \u0438 \u0440\u0430\u0441\u0442\u0435\u0440\u0441\u043a\u0430 \u0433\u0440\u0430\u0444\u0438\u043a\u0430<\/a><\/div>\n<div class=\"card\"><a href=\"https:\/\/drive.google.com\/file\/d\/1c4YjfO3vKcGfToLyFi0k1gqKimHXBLZw\/view?usp=sharing\">\u0423\u0447\u0435\u045a\u0435 \u043f\u0440\u0435\u043a\u0443 \u0440\u0430\u0431\u043e\u0442\u0430 \u043a\u0430\u0458 \u0440\u0430\u0431\u043e\u0442\u043e\u0434\u0430\u0432\u0430\u0447<\/a><\/div>\n\n      <\/div>\n    <\/div>\n\n  <\/div>\n\n<\/body>\n<\/html>","protected":false},"excerpt":{"rendered":"<p>I \u0433\u043e\u0434\u0438\u043d\u0430 \u0413\u0440\u0430\u0444\u0438\u0447\u043a\u0430 \u0442\u0435\u0445\u043d\u043e\u043b\u043e\u0433\u0438\u0458\u0430 \u0413\u0440\u0430\u0444\u0438\u0447\u043a\u0438 \u0434\u0438\u0437\u0430\u0458\u043d \u0413\u0440\u0430\u0444\u0438\u0447\u043a\u0438 \u043c\u0430\u0442\u0435\u0440\u0438\u0458\u0430\u043b\u0438 \u041f\u0440\u0430\u043a\u0442\u0438\u0447\u043d\u0430 \u043d\u0430\u0441\u0442\u0430\u0432\u0430 \u0413\u0440\u0430\u0444\u0438\u0447\u043a\u0430 \u0442\u0435\u0445\u043d\u043e\u043b\u043e\u0433\u0438\u0458\u0430 \u0413\u0440\u0430\u0444\u0438\u0447\u043a\u0438 \u0434\u0438\u0437\u0430\u0458\u043d \u0413\u0440\u0430\u0444\u0438\u0447\u043a\u0438 \u043c\u0430\u0442\u0435\u0440\u0438\u0458\u0430\u043b\u0438 \u041f\u0440\u0430\u043a\u0442\u0438\u0447\u043d\u0430 \u043d\u0430\u0441\u0442\u0430\u0432\u0430 \u041f\u0435\u0447\u0430\u0442\u0430\u0440 \u2013<span class=\"more-dots\">&#8230;<\/span><\/p>","protected":false},"author":1,"featured_media":0,"parent":0,"menu_order":0,"comment_status":"closed","ping_status":"closed","template":"","meta":{"pagelayer_contact_templates":[],"_pagelayer_content":"","footnotes":""},"class_list":["post-646","page","type-page","status-publish","hentry","no-post-thumbnail"],"rttpg_featured_image_url":null,"rttpg_author":{"display_name":"admin","author_link":"https:\/\/crso.gov.mk\/sq\/author\/admin\/"},"rttpg_comment":0,"rttpg_category":null,"rttpg_excerpt":"I \u0433\u043e\u0434\u0438\u043d\u0430 \u0413\u0440\u0430\u0444\u0438\u0447\u043a\u0430 \u0442\u0435\u0445\u043d\u043e\u043b\u043e\u0433\u0438\u0458\u0430 \u0413\u0440\u0430\u0444\u0438\u0447\u043a\u0438 \u0434\u0438\u0437\u0430\u0458\u043d \u0413\u0440\u0430\u0444\u0438\u0447\u043a\u0438 \u043c\u0430\u0442\u0435\u0440\u0438\u0458\u0430\u043b\u0438 \u041f\u0440\u0430\u043a\u0442\u0438\u0447\u043d\u0430 \u043d\u0430\u0441\u0442\u0430\u0432\u0430 \u0413\u0440\u0430\u0444\u0438\u0447\u043a\u0430 \u0442\u0435\u0445\u043d\u043e\u043b\u043e\u0433\u0438\u0458\u0430 \u0413\u0440\u0430\u0444\u0438\u0447\u043a\u0438 \u0434\u0438\u0437\u0430\u0458\u043d \u0413\u0440\u0430\u0444\u0438\u0447\u043a\u0438 \u043c\u0430\u0442\u0435\u0440\u0438\u0458\u0430\u043b\u0438 \u041f\u0440\u0430\u043a\u0442\u0438\u0447\u043d\u0430 \u043d\u0430\u0441\u0442\u0430\u0432\u0430 \u041f\u0435\u0447\u0430\u0442\u0430\u0440 \u2013...","_links":{"self":[{"href":"https:\/\/crso.gov.mk\/sq\/wp-json\/wp\/v2\/pages\/646","targetHints":{"allow":["GET"]}}],"collection":[{"href":"https:\/\/crso.gov.mk\/sq\/wp-json\/wp\/v2\/pages"}],"about":[{"href":"https:\/\/crso.gov.mk\/sq\/wp-json\/wp\/v2\/types\/page"}],"author":[{"embeddable":true,"href":"https:\/\/crso.gov.mk\/sq\/wp-json\/wp\/v2\/users\/1"}],"replies":[{"embeddable":true,"href":"https:\/\/crso.gov.mk\/sq\/wp-json\/wp\/v2\/comments?post=646"}],"version-history":[{"count":2,"href":"https:\/\/crso.gov.mk\/sq\/wp-json\/wp\/v2\/pages\/646\/revisions"}],"predecessor-version":[{"id":3348,"href":"https:\/\/crso.gov.mk\/sq\/wp-json\/wp\/v2\/pages\/646\/revisions\/3348"}],"wp:attachment":[{"href":"https:\/\/crso.gov.mk\/sq\/wp-json\/wp\/v2\/media?parent=646"}],"curies":[{"name":"wp","href":"https:\/\/api.w.org\/{rel}","templated":true}]}}