{"id":746,"date":"2025-07-12T11:44:33","date_gmt":"2025-07-12T11:44:33","guid":{"rendered":"https:\/\/csoo.zya.me\/home\/?page_id=746"},"modified":"2026-02-28T01:42:06","modified_gmt":"2026-02-28T01:42:06","slug":"sektori-kvalifikacii","status":"publish","type":"page","link":"https:\/\/crso.gov.mk\/sq\/sektori-kvalifikacii\/","title":{"rendered":"Sektor\u00eb dhe kualifikime"},"content":{"rendered":"<!DOCTYPE html>\n<html lang=\"mk\">\n<head>\n  <meta charset=\"UTF-8\">\n  <title>\u0421\u0435\u043a\u0442\u043e\u0440\u0438<\/title>\n  <style>\n    * {\n      margin: 0;\n      padding: 0;\n      box-sizing: border-box;\n    }\n\n    html, body {\n      font-family: sans-serif;\n      background: #f7f7f7;\n      margin: 0;\n      padding: 0;\n      min-height: 100vh;\n    }\n\n    .card-grid {\n      display: grid;\n      grid-template-columns: repeat(auto-fit, minmax(250px, 1fr));\n      gap: 16px;\n      padding: 20px;\n    }\n\n    .card {\n      background-color: #dcdcdc; \/* \u0441\u0432\u0435\u0442\u043b\u043e \u0441\u0438\u0432\u0430 \u0431\u043e\u0458\u0430 *\/\n      display: flex;\n      align-items: center;\n      justify-content: center;\n      height: 160px;\n      border-radius: 8px;\n      text-decoration: none;\n      overflow: hidden;\n      transition: transform 0.3s;\n    }\n\n    .card:hover {\n      transform: scale(1.03);\n    }\n\n    .card span {\n      color: #000;\n      font-size: 16px;\n      font-weight: bold;\n      text-align: center;\n      padding: 10px;\n    }\n  <\/style>\n<\/head>\n<body>\n\n  <div class=\"card-grid\">\n    <a href=\"https:\/\/crso.gov.mk\/sq\/3106-2\/\" class=\"card\">\n  <span>Gjeologji, Miniera dhe Metalurgji<\/span>\n    <\/a>\n    <a href=\"https:\/\/crso.gov.mk\/sq\/%d0%b3%d1%80%d0%b0%d0%b4%d0%b5%d0%b6%d0%bd%d0%b8%d1%88%d1%82%d0%b2%d0%be-%d0%b8-%d0%b3%d0%b5%d0%be%d0%b4%d0%b5%d0%b7%d0%b8%d1%98%d0%b0-2\/\" class=\"card\">\n      <span>Nd\u00ebrtimtari dhe Gjeodezi<\/span>\n    <\/a>\n    <a href=\"https:\/\/crso.gov.mk\/sq\/%d0%b3%d1%80%d0%b0%d1%84%d0%b8%d1%87%d0%b0%d1%80%d1%81%d1%82%d0%b2%d0%be-2\/\" class=\"card\">\n      <span>Grafik\u00eb<\/span>\n    <\/a>\n    <a href=\"https:\/\/crso.gov.mk\/sq\/%d0%b5%d0%ba%d0%be%d0%bd%d0%be%d0%bc%d0%b8%d1%98%d0%b0-%d0%bf%d1%80%d0%b0%d0%b2%d0%be-%d0%b8-%d1%82%d1%80%d0%b3%d0%be%d0%b2%d0%b8%d1%98%d0%b0-2\/\" class=\"card\">\n      <span>Ekonomi, Drejt\u00ebsi dhe Tregti<\/span>\n    <\/a>\n    <a href=\"https:\/\/crso.gov.mk\/sq\/%d0%b5%d0%bb%d0%b5%d0%ba%d1%82%d1%80%d0%be%d1%82%d0%b5%d1%85%d0%bd%d0%b8%d0%ba%d0%b0-2\/\" class=\"card\">\n      <span>Elektroteknik\u00eb<\/span>\n    <\/a>\n    <a href=\"https:\/\/crso.gov.mk\/sq\/%d0%b7%d0%b4%d1%80%d0%b0%d0%b2%d1%81%d1%82%d0%b2%d0%be-%d0%b8-%d1%81%d0%be%d1%86%d0%b8%d1%98%d0%b0%d0%bb%d0%bd%d0%b0-%d0%b7%d0%b0%d1%88%d1%82%d0%b8%d1%82%d0%b0-2\/\" class=\"card\">\n      <span>Mjek\u00ebsi dhe Mbrojtje sociale<\/span>\n    <\/a>\n    <a href=\"https:\/\/crso.gov.mk\/sq\/%d0%b7%d0%b5%d0%bc%d1%98%d0%be%d0%b4%d0%b5%d0%bb%d1%81%d1%82%d0%b2%d0%be-%d1%80%d0%b8%d0%b1%d0%b0%d1%80%d1%81%d1%82%d0%b2%d0%be-%d0%b8-%d0%b2%d0%b5%d1%82%d0%b5%d1%80%d0%b8%d0%bd%d0%b0%d1%80%d1%81-7\/\" class=\"card\">\n      <span>Bujq\u00ebsi, Peshkatari dhe Veterinari<\/span>\n    <\/a>\n    <a href=\"https:\/\/crso.gov.mk\/sq\/%d0%bb%d0%b8%d1%87%d0%bd%d0%b8-%d1%83%d1%81%d0%bb%d1%83%d0%b3%d0%b8-2\/\" class=\"card\">\n      <span>Sh\u00ebrbime personale<\/span>\n    <\/a>\n    <a href=\"https:\/\/crso.gov.mk\/sq\/m%d0%b0%d1%88%d0%b8%d0%bd%d1%81%d1%82%d0%b2%d0%be\/\" class=\"card\">\n      <span>Makineri<\/span>\n    <\/a>\n    <a href=\"https:\/\/crso.gov.mk\/sq\/%d1%81%d0%be%d0%be%d0%b1%d1%80%d0%b0%d1%9c%d0%b0%d1%98-%d1%82%d1%80%d0%b0%d0%bd%d1%81%d0%bf%d0%be%d1%80%d1%82-%d0%b8-%d1%81%d0%ba%d0%bb%d0%b0%d0%b4%d0%b8%d1%80%d0%b0%d1%9a%d0%b5-2\/\" class=\"card\">\n      <span>Komunikacion, Transport dhe Depozitim<\/span>\n    <\/a>\n    <a href=\"https:\/\/crso.gov.mk\/sq\/%d1%82%d0%b5%d0%ba%d1%81%d1%82%d0%b8%d0%bb-%d0%ba%d0%be%d0%b6%d0%b0-%d0%b8-%d1%81%d0%bb%d0%b8%d1%87%d0%bd%d0%b8-%d0%bf%d1%80%d0%be%d0%b8%d0%b7%d0%b2%d0%be%d0%b4%d0%b8-2\/\" class=\"card\">\n      <span>Tekstil, L\u00ebkur\u00eb dhe Prodhime t\u00eb ngjashme<\/span>\n    <\/a>\n    <a href=\"https:\/\/crso.gov.mk\/sq\/%d1%83%d0%b3%d0%be%d1%81%d1%82%d0%b8%d1%82%d0%b5%d0%bb%d1%81%d1%82%d0%b2%d0%be-%d0%b8-%d1%82%d1%83%d1%80%d0%b8%d0%b7%d0%b0%d0%bc-2\/\" class=\"card\">\n      <span>Hoteleri dhe Turiz\u00ebm<\/span>\n    <\/a>\n    <a href=\"https:\/\/crso.gov.mk\/sq\/%d1%85%d0%b5%d0%bc%d0%b8%d1%98%d0%b0-%d0%b8-%d1%82%d0%b5%d1%85%d0%bd%d0%be%d0%bb%d0%be%d0%b3%d0%b8%d1%98%d0%b0-2\/\" class=\"card\">\n      <span>Kimi dhe Teknologji<\/span>\n    <\/a>\n    <a href=\"https:\/\/crso.gov.mk\/sq\/%d1%88%d1%83%d0%bc%d0%b0%d1%80%d1%81%d1%82%d0%b2%d0%be-%d0%b8-%d0%be%d0%b1%d1%80%d0%b0%d0%b1%d0%be%d1%82%d0%ba%d0%b0-%d0%bd%d0%b0-%d0%b4%d1%80%d0%b2%d0%be-2\/\" class=\"card\">\n      <span>Pylltari dhe P\u00ebrpunimi i drurit<\/span>\n    <\/a>\n    <a href=\"https:\/\/crso.gov.mk\/sq\/%d1%81%d0%bf%d0%be%d1%80%d1%82%d1%81%d0%ba%d0%b0-%d0%b3%d0%b8%d0%bc%d0%bd%d0%b0%d0%b7%d0%b8%d1%98%d0%b0-3\/\" class=\"card\">\n      <span>Gjimnazi sportiv<\/span>\n    <\/a>\n   \n    <\/a>\n  <\/div>\n\n<\/body>\n<\/html>","protected":false},"excerpt":{"rendered":"<p>\u0421\u0435\u043a\u0442\u043e\u0440\u0438 \u0413\u0435\u043e\u043b\u043e\u0433\u0438\u0458\u0430, \u0440\u0443\u0434\u0430\u0440\u0441\u0442\u0432\u043e \u0438 \u043c\u0435\u0442\u0430\u043b\u0443\u0440\u0433\u0438\u0458\u0430 \u0413\u0440\u0430\u0434\u0435\u0436\u043d\u0438\u0448\u0442\u0432\u043e \u0438 \u0433\u0435\u043e\u0434\u0435\u0437\u0438\u0458\u0430 \u0413\u0440\u0430\u0444\u0438\u0447\u0430\u0440\u0441\u0442\u0432\u043e \u0415\u043a\u043e\u043d\u043e\u043c\u0438\u0458\u0430, \u043f\u0440\u0430\u0432\u043e \u0438 \u0442\u0440\u0433\u043e\u0432\u0438\u0458\u0430 \u0415\u043b\u0435\u043a\u0442\u0440\u043e\u0442\u0435\u0445\u043d\u0438\u043a\u0430 \u0417\u0434\u0440\u0430\u0432\u0441\u0442\u0432\u043e \u0438 \u0441\u043e\u0446\u0438\u0458\u0430\u043b\u043d\u0430 \u0437\u0430\u0448\u0442\u0438\u0442\u0430 \u0417\u0435\u043c\u0458\u043e\u0434\u0435\u043b\u0441\u0442\u0432\u043e, \u0440\u0438\u0431\u0430\u0440\u0441\u0442\u0432\u043e<span class=\"more-dots\">&#8230;<\/span><\/p>","protected":false},"author":1,"featured_media":0,"parent":0,"menu_order":0,"comment_status":"closed","ping_status":"closed","template":"","meta":{"pagelayer_contact_templates":[],"_pagelayer_content":"","footnotes":""},"class_list":["post-746","page","type-page","status-publish","hentry","no-post-thumbnail"],"rttpg_featured_image_url":null,"rttpg_author":{"display_name":"admin","author_link":"https:\/\/crso.gov.mk\/sq\/author\/admin\/"},"rttpg_comment":0,"rttpg_category":null,"rttpg_excerpt":"\u0421\u0435\u043a\u0442\u043e\u0440\u0438 \u0413\u0435\u043e\u043b\u043e\u0433\u0438\u0458\u0430, \u0440\u0443\u0434\u0430\u0440\u0441\u0442\u0432\u043e \u0438 \u043c\u0435\u0442\u0430\u043b\u0443\u0440\u0433\u0438\u0458\u0430 \u0413\u0440\u0430\u0434\u0435\u0436\u043d\u0438\u0448\u0442\u0432\u043e \u0438 \u0433\u0435\u043e\u0434\u0435\u0437\u0438\u0458\u0430 \u0413\u0440\u0430\u0444\u0438\u0447\u0430\u0440\u0441\u0442\u0432\u043e \u0415\u043a\u043e\u043d\u043e\u043c\u0438\u0458\u0430, \u043f\u0440\u0430\u0432\u043e \u0438 \u0442\u0440\u0433\u043e\u0432\u0438\u0458\u0430 \u0415\u043b\u0435\u043a\u0442\u0440\u043e\u0442\u0435\u0445\u043d\u0438\u043a\u0430 \u0417\u0434\u0440\u0430\u0432\u0441\u0442\u0432\u043e \u0438 \u0441\u043e\u0446\u0438\u0458\u0430\u043b\u043d\u0430 \u0437\u0430\u0448\u0442\u0438\u0442\u0430 \u0417\u0435\u043c\u0458\u043e\u0434\u0435\u043b\u0441\u0442\u0432\u043e, \u0440\u0438\u0431\u0430\u0440\u0441\u0442\u0432\u043e...","_links":{"self":[{"href":"https:\/\/crso.gov.mk\/sq\/wp-json\/wp\/v2\/pages\/746","targetHints":{"allow":["GET"]}}],"collection":[{"href":"https:\/\/crso.gov.mk\/sq\/wp-json\/wp\/v2\/pages"}],"about":[{"href":"https:\/\/crso.gov.mk\/sq\/wp-json\/wp\/v2\/types\/page"}],"author":[{"embeddable":true,"href":"https:\/\/crso.gov.mk\/sq\/wp-json\/wp\/v2\/users\/1"}],"replies":[{"embeddable":true,"href":"https:\/\/crso.gov.mk\/sq\/wp-json\/wp\/v2\/comments?post=746"}],"version-history":[{"count":4,"href":"https:\/\/crso.gov.mk\/sq\/wp-json\/wp\/v2\/pages\/746\/revisions"}],"predecessor-version":[{"id":3254,"href":"https:\/\/crso.gov.mk\/sq\/wp-json\/wp\/v2\/pages\/746\/revisions\/3254"}],"wp:attachment":[{"href":"https:\/\/crso.gov.mk\/sq\/wp-json\/wp\/v2\/media?parent=746"}],"curies":[{"name":"wp","href":"https:\/\/api.w.org\/{rel}","templated":true}]}}