{"id":91,"date":"2025-07-10T12:12:08","date_gmt":"2025-07-10T12:12:08","guid":{"rendered":"http:\/\/csoo.ct.ws\/home\/?page_id=91"},"modified":"2026-02-15T16:07:36","modified_gmt":"2026-02-15T16:07:36","slug":"zakoni-2","status":"publish","type":"page","link":"https:\/\/crso.gov.mk\/sq\/zakoni-2\/","title":{"rendered":"Ligje"},"content":{"rendered":"<p><a href=\"https:\/\/crso.gov.mk\/wp-content\/uploads\/2026\/01\/zakoni-mon-file-lcqk.docx\" data-type=\"link\" data-id=\"https:\/\/crso.gov.mk\/wp-content\/uploads\/2026\/01\/zakoni-mon-file-lcqk.docx\">Ligji p\u00ebr arsimin e mes\u00ebm<\/a><\/p>\n\n\n\n<p><a href=\"https:\/\/crso.gov.mk\/wp-content\/uploads\/2026\/01\/zakoni.pdf\" data-type=\"link\" data-id=\"https:\/\/crso.gov.mk\/wp-content\/uploads\/2026\/01\/zakoni.pdf\">Ligji p\u00ebr m\u00ebsimdh\u00ebn\u00ebs dhe bashk\u00ebpun\u00ebtor\u00eb profesional n\u00eb shkollat fillore dhe t\u00eb mesme<\/a><\/p>\n\n\n\n<p><a href=\"https:\/\/crso.gov.mk\/wp-content\/uploads\/2026\/01\/zakoni-mon-file-wgi5.docx\" data-type=\"link\" data-id=\"https:\/\/crso.gov.mk\/wp-content\/uploads\/2026\/01\/zakoni-mon-file-wgi5.docx\">&nbsp;Ligji p\u00ebr arsim profesional dhe trajnim<\/a><\/p>","protected":false},"excerpt":{"rendered":"<p>\u0417\u0430\u043a\u043e\u043d \u0437\u0430 \u0441\u0440\u0435\u0434\u043d\u043e\u0442\u043e \u043e\u0431\u0440\u0430\u0437\u043e\u0432\u0430\u043d\u0438\u0435 \u0417\u0430\u043a\u043e\u043d \u0437\u0430 \u043d\u0430\u0441\u0442\u0430\u0432\u043d\u0438\u0446\u0438\u0442\u0435 \u0438 \u0441\u0442\u0440\u0443\u0447\u043d\u0438\u0442\u0435 \u0441\u043e\u0440\u0430\u0431\u043e\u0442\u043d\u0438\u0446\u0438 \u0432\u043e \u043e\u0441\u043d\u043e\u0432\u043d\u0438\u0442\u0435 \u0438 \u0441\u0440\u0435\u0434\u043d\u0438\u0442\u0435 \u0443\u0447\u0438\u043b\u0438\u0448\u0442\u0430 &nbsp;\u0417\u0430\u043a\u043e\u043d \u0437\u0430 \u0441\u0442\u0440\u0443\u0447\u043d\u043e \u043e\u0431\u0440\u0430\u0437\u043e\u0432\u0430\u043d\u0438\u0435 \u0438<span class=\"more-dots\">&#8230;<\/span><\/p>","protected":false},"author":1,"featured_media":0,"parent":0,"menu_order":0,"comment_status":"closed","ping_status":"closed","template":"","meta":{"pagelayer_contact_templates":[],"_pagelayer_content":"","footnotes":""},"class_list":["post-91","page","type-page","status-publish","hentry","no-post-thumbnail"],"rttpg_featured_image_url":null,"rttpg_author":{"display_name":"admin","author_link":"https:\/\/crso.gov.mk\/sq\/author\/admin\/"},"rttpg_comment":0,"rttpg_category":null,"rttpg_excerpt":"\u0417\u0430\u043a\u043e\u043d \u0437\u0430 \u0441\u0440\u0435\u0434\u043d\u043e\u0442\u043e \u043e\u0431\u0440\u0430\u0437\u043e\u0432\u0430\u043d\u0438\u0435 \u0417\u0430\u043a\u043e\u043d \u0437\u0430 \u043d\u0430\u0441\u0442\u0430\u0432\u043d\u0438\u0446\u0438\u0442\u0435 \u0438 \u0441\u0442\u0440\u0443\u0447\u043d\u0438\u0442\u0435 \u0441\u043e\u0440\u0430\u0431\u043e\u0442\u043d\u0438\u0446\u0438 \u0432\u043e \u043e\u0441\u043d\u043e\u0432\u043d\u0438\u0442\u0435 \u0438 \u0441\u0440\u0435\u0434\u043d\u0438\u0442\u0435 \u0443\u0447\u0438\u043b\u0438\u0448\u0442\u0430 &nbsp;\u0417\u0430\u043a\u043e\u043d \u0437\u0430 \u0441\u0442\u0440\u0443\u0447\u043d\u043e \u043e\u0431\u0440\u0430\u0437\u043e\u0432\u0430\u043d\u0438\u0435 \u0438...","_links":{"self":[{"href":"https:\/\/crso.gov.mk\/sq\/wp-json\/wp\/v2\/pages\/91","targetHints":{"allow":["GET"]}}],"collection":[{"href":"https:\/\/crso.gov.mk\/sq\/wp-json\/wp\/v2\/pages"}],"about":[{"href":"https:\/\/crso.gov.mk\/sq\/wp-json\/wp\/v2\/types\/page"}],"author":[{"embeddable":true,"href":"https:\/\/crso.gov.mk\/sq\/wp-json\/wp\/v2\/users\/1"}],"replies":[{"embeddable":true,"href":"https:\/\/crso.gov.mk\/sq\/wp-json\/wp\/v2\/comments?post=91"}],"version-history":[{"count":0,"href":"https:\/\/crso.gov.mk\/sq\/wp-json\/wp\/v2\/pages\/91\/revisions"}],"wp:attachment":[{"href":"https:\/\/crso.gov.mk\/sq\/wp-json\/wp\/v2\/media?parent=91"}],"curies":[{"name":"wp","href":"https:\/\/api.w.org\/{rel}","templated":true}]}}