{"id":964,"date":"2025-07-13T14:40:59","date_gmt":"2025-07-13T14:40:59","guid":{"rendered":"https:\/\/csoo.zya.me\/home\/?page_id=964"},"modified":"2025-07-13T14:40:59","modified_gmt":"2025-07-13T14:40:59","slug":"publikaczii","status":"publish","type":"page","link":"https:\/\/crso.gov.mk\/sq\/publikaczii\/","title":{"rendered":"Publikime"},"content":{"rendered":"<ul class=\"wp-block-list\">\n<li><a href=\"https:\/\/drive.google.com\/file\/d\/1NcLT-3dljNrAJraaViABy0VuujXV9CFb\/view?usp=sharing\">\u041d\u0430\u0441\u0442\u0430\u0432\u0435\u043d \u043c\u0430\u0442\u0435\u0440\u0438\u0458\u0430\u043b \u0437\u0430 \u0443\u0447\u0435\u045a\u0435 \u0437\u0430 \u0431\u0440\u0430\u0432\u0430\u0440<\/a><\/li>\n\n\n\n<li><a href=\"https:\/\/drive.google.com\/file\/d\/16SZvyXnvn1JxPAXocq5KXTmlFMUNwv-k\/view?usp=sharing\">\u0412\u043e\u0434\u0438\u0447 \u0437\u0430 \u0440\u0435\u0430\u043b\u0438\u0437\u0430\u0446\u0438\u0458\u0430 \u043d\u0430 \u0441\u0442\u0440\u0443\u0447\u043d\u043e-\u0442\u0435\u043e\u0440\u0435\u0442\u0441\u043a\u0430 \u043d\u0430\u0441\u0442\u0430\u0432\u0430<\/a><\/li>\n\n\n\n<li><a href=\"https:\/\/drive.google.com\/file\/d\/1V2OG-UZZBLKQfdeV--9neRejbztR7VcJ\/view?usp=sharing\">\u0412\u043e\u0434\u0438\u0447 \u0437\u0430 \u0440\u0435\u0430\u043b\u0438\u0437\u0430\u0446\u0438\u0458\u0430 \u043d\u0430 \u043f\u0440\u0430\u043a\u0442\u0438\u0447\u043d\u0430 \u043d\u0430\u0441\u0442\u0430\u0432\u0430 \u0438 \u0443\u0447\u0435\u045a\u0435 \u043f\u0440\u0435\u043a\u0443 \u0440\u0430\u0431\u043e\u0442\u0430 \u0437\u0430 \u0431\u0440\u0430\u0432\u0430\u0440<\/a><\/li>\n\n\n\n<li><a href=\"https:\/\/drive.google.com\/file\/d\/1oUvbin_x3WC5i3SPqqP1mLo-PKTVZ_pU\/view?usp=sharing\">Materiali m\u00ebsimor i t\u00eb nx\u00ebnit p\u00ebr Metalpunues<\/a><\/li>\n\n\n\n<li><a href=\"https:\/\/drive.google.com\/file\/d\/1Sqd4pEDoPvZZEY47vUK28DuDWty4FVKW\/view?usp=sharing\">Udh\u00ebzues p\u00ebr realizimin e m\u00ebsimdh\u00ebnies profesionale teorike<\/a><\/li>\n\n\n\n<li><a href=\"https:\/\/drive.google.com\/file\/d\/1PALClUOIbJiT_OhwZIlqNVdyTncGUf5F\/view?usp=sharing\">Udh\u00ebzues p\u00ebr realizimin e m\u00ebsimdh\u00ebnies praktike dhe t\u00eb t\u00eb m\u00ebsuarit n\u00eb pun\u00eb p\u00ebr<br>Metalpunues<\/a><\/li>\n\n\n\n<li><a href=\"https:\/\/drive.google.com\/file\/d\/1MTv1bhEWFD6JE2qGxJJ4WD5Rgbe-XInr\/view?usp=sharing\">\u041f\u0440\u0435\u0442\u043f\u0440\u0438\u0435\u043c\u043d\u0438\u0448\u0442\u0432\u043e \u0438 \u0431\u0438\u0437\u043d\u0438\u0441 (2025)<\/a><\/li>\n\n\n\n<li><a href=\"https:\/\/drive.google.com\/file\/d\/1MDIyic3Ntf8bHbHqvPLGZt9SM1ZmdYsA\/view?usp=sharing\">\u0413\u0440\u0430\u0434\u0435\u0436\u043d\u0438\u0448\u0442\u0432\u043e, \u0433\u0435\u043e\u0434\u0435\u0437\u0438\u0458\u0430 \u0438 \u0434\u0440\u0443\u0433\u0438 \u0441\u0435\u043a\u0442\u043e\u0440\u0438 \u043d\u0430 \u043a\u0432\u0430\u043b\u0438\u0444\u0438\u043a\u0430\u0446\u0438\u0438 (2025)<\/a><\/li>\n\n\n\n<li><a href=\"https:\/\/drive.google.com\/file\/d\/1WnaOklGhg1HGYvTeZNxCRNca_K39WZhQ\/view?usp=sharing\">\u0413\u0440\u0430\u0444\u0438\u0447\u043a\u0438 \u043c\u0430\u0442\u0435\u0440\u0438\u0458\u0430\u043b\u0438 (2025)<\/a><\/li>\n\n\n\n<li><a href=\"https:\/\/drive.google.com\/file\/d\/1jllQokmcN3wVs5boaDcpCfq08JAw66gj\/view?usp=sharing\">\u0421\u0443\u0440\u043e\u0432\u0438\u043d\u0438, \u043f\u0440\u043e\u0438\u0437\u0432\u043e\u0434\u0438 \u0438 \u0430\u043c\u0431\u0430\u043b\u0430\u0436\u0430 (2025)<\/a><\/li>\n\n\n\n<li><a href=\"https:\/\/drive.google.com\/file\/d\/1LDp9koUkOUGhrTNVp_JYUW8pQaz_FsQK\/view?usp=sharing\">\u0422\u0435\u0445\u043d\u043e\u043b\u043e\u0433\u0438\u0458\u0430 \u043d\u0430 \u043e\u0431\u0440\u0430\u0431\u043e\u0442\u043a\u0430 (2025)<\/a><\/li>\n\n\n\n<li><a href=\"https:\/\/drive.google.com\/file\/d\/11p2Z_nPuCeV6U50Y7weGLmgW3r-QattA\/view?usp=sharing\">\u0417\u0430\u0448\u0442\u0438\u0442\u0430 \u043d\u0430 \u0436\u0438\u0432\u043e\u0442\u043d\u0430 \u0438 \u0440\u0430\u0431\u043e\u0442\u043d\u0430 \u0441\u0440\u0435\u0434\u0438\u043d\u0430 (2025)<\/a><\/li>\n\n\n\n<li><a href=\"https:\/\/drive.google.com\/file\/d\/1DZJ0cN4HFFOuSLdv2cix99PQg43qc2l4\/view?usp=sharing\">\u041f\u0440\u0435\u0432\u043e\u0437\u043d\u0438 \u0441\u0440\u0435\u0434\u0441\u0442\u0432\u0430 (2025)<\/a><\/li>\n\n\n\n<li><a href=\"https:\/\/drive.google.com\/file\/d\/1DkqJ8QqHbzXcFt_0fUaFLpC30TwlrrRX\/view?usp=sharing\">\u0422\u0435\u0445\u043d\u043e\u043b\u043e\u0433\u0438\u0458\u0430 \u043d\u0430 \u0438\u0437\u0440\u0430\u0431\u043e\u0442\u043a\u0430 \u043d\u0430 \u043e\u0431\u043b\u0435\u043a\u0430 \u0438 \u0442\u0435\u0445\u043d\u043e\u043b\u043e\u0433\u0438\u0458\u0430 \u043d\u0430 \u0448\u0438\u0435\u045a\u0435 (2025)<\/a><\/li>\n\n\n\n<li><a href=\"https:\/\/drive.google.com\/file\/d\/1NSzvboGpjoE8xCRe833apYBUrpAWA6h9\/view?usp=sharing\">\u041c\u0438\u043a\u0440\u043e\u0431\u0438\u043e\u043b\u043e\u0433\u0438\u0458\u0430 \u0438 \u041c\u0438\u043a\u0440\u043e\u0431\u0438\u043e\u043b\u043e\u0433\u0438\u0458\u0430 \u0441\u043e \u0435\u043f\u0438\u0434\u0435\u043c\u0438\u043e\u043b\u043e\u0433\u0438\u0458\u0430 (2025)<\/a><\/li>\n\n\n\n<li><a href=\"https:\/\/drive.google.com\/file\/d\/1eGxOvMYHf7HwbVNBbGcagDjq9JKyBD1h\/view?usp=sharing\">\u0417\u0435\u043c\u0458\u043e\u0434\u0435\u043b\u0441\u0442\u0432\u043e, \u0440\u0438\u0431\u0430\u0440\u0441\u0442\u0432\u043e \u0438 \u0432\u0435\u0442\u0435\u0440\u0438\u043d\u0430\u0440\u0441\u0442\u0432\u043e \u0438 \u0434\u0440\u0443\u0433\u0438 \u0441\u0435\u043a\u0442\u043e\u0440\u0438 \u043d\u0430 \u043a\u0432\u0430\u043b\u0438\u0444\u0438\u043a\u0430\u0446\u0438\u0438 (2025)<\/a><\/li>\n\n\n\n<li><a href=\"https:\/\/drive.google.com\/file\/d\/1VJoG6do6eKQdW3x7EQRcBX-DckogeFkA\/view?usp=sharing\">\u041c\u043e\u0434\u0435\u043b \u0437\u0430 \u043e\u0440\u0433\u0430\u043d\u0438\u0437\u0438\u0440\u0430\u045a\u0435 \u0438 \u0440\u0435\u0430\u043b\u0438\u0437\u0430\u0446\u0438\u0458\u0430 \u043d\u0430 \u043f\u0440\u0430\u043a\u0442\u0438\u0447\u043do \u043e\u0431\u0440\u0430\u0437\u043e\u0432\u0430\u043d\u0438\u0435 \u0432\u043e \u0458\u0430\u0432\u043d\u0438\u0442\u0435 \u0438 \u043d\u0430\u0443\u0447\u043d\u0438\u0442\u0435 \u0438\u043d\u0441\u0442\u0438\u0442\u0443\u0446\u0438\u0438 \u0432\u043e \u0440\u0435\u043f\u0443\u0431\u043b\u0438\u043a\u0430 \u0441\u0435\u0432\u0435\u0440\u043d\u0430 \u043c\u0430\u043a\u0435\u0434\u043e\u043d\u0438\u0458\u0430<\/a><\/li>\n\n\n\n<li><a href=\"https:\/\/drive.google.com\/file\/d\/1jCChjxEtBwuVf8xDJHLHSrUX1R-FANfs\/view?usp=sharing\">\u0415\u043a\u043e\u043b\u043e\u0448\u043a\u0438 \u0430\u0441\u043f\u0435\u043a\u0442\u0438 \u043d\u0430 \u0435\u043b\u0435\u043a\u0442\u0440\u043e\u0442\u0435\u0445\u043d\u0438\u043a\u0430\u0442\u0430<\/a><\/li>\n\n\n\n<li><a href=\"https:\/\/drive.google.com\/file\/d\/1LpzlP7Kv733TguUFi3LWGkWz3gkArxQx\/view?usp=sharing\">\u0415\u043a\u043e\u043f\u0440\u0430\u043a\u0442\u0438\u043a\u0438 \u0437\u0430 \u043e\u0434\u0440\u0436\u043b\u0438\u0432\u0438 \u043b\u0438\u0447\u043d\u0438 \u0443\u0441\u043b\u0443\u0433\u0438 \u0435\u043a\u043e\u043f\u0440\u0430\u043a\u0442\u0438\u043a\u0438 \u0437\u0430 \u043e\u0434\u0440\u0436\u043b\u0438\u0432\u0438 \u043b\u0438\u0447\u043d\u0438 \u0443\u0441\u043b\u0443\u0433\u0438<\/a><\/li>\n\n\n\n<li><a href=\"https:\/\/drive.google.com\/file\/d\/1Z22Q7HROXWc6rtFS81yVnfFDD0kfOp6P\/view?usp=sharing\">\u0417\u0435\u043b\u0435\u043d\u0438 \u0432\u0435\u0448\u0442\u0438\u043d\u0438 \u0437\u0430 \u043e\u0434\u0440\u0436\u043b\u0438\u0432\u0430 \u0438\u0434\u043d\u0438\u043d\u0430 \u0432\u043e \u0448\u0443\u043c\u0430\u0440\u0441\u0442\u0432\u043e\u0442\u043e \u0438 \u0434\u0440\u0432\u043d\u0430\u0442\u0430 \u0438\u043d\u0434\u0443\u0441\u0442\u0440\u0438\u0458\u0430<\/a><\/li>\n\n\n\n<li><a href=\"https:\/\/drive.google.com\/file\/d\/1obJCNOH0BPG7ez5-Zhg0ZBfhazp_kXoY\/view?usp=sharing\">\u041e\u0434\u0440\u0436\u043b\u0438\u0432\u0438 \u043f\u0440\u0430\u043a\u0442\u0438\u043a\u0438 \u0432\u043e \u0442\u0443\u0440\u0438\u0437\u043c\u043e\u0442 \u0438 \u0443\u0433\u043e\u0441\u0442\u0438\u0442\u0435\u043b\u0441\u0442\u0432\u043e\u0442\u043e<\/a><\/li>\n\n\n\n<li><a href=\"https:\/\/drive.google.com\/file\/d\/1-nPebuN70F5mlKvHko6_Sx4lmDHVgPkk\/view?usp=sharing\">\u0417\u0435\u043b\u0435\u043d\u0430 \u0435\u043a\u043e\u043d\u043e\u043c\u0438\u0458\u0430<\/a><\/li>\n\n\n\n<li><a href=\"https:\/\/drive.google.com\/file\/d\/1JHBPGIwzyGcCOcEto-AsxwRC45Bx0Iv9\/view?usp=sharing\">\u041a\u043b\u0438\u043c\u0430\u0442\u0441\u043a\u0438 \u043f\u0440\u043e\u043c\u0435\u043d\u0438 \u0438 \u0433\u0435\u043e\u043b\u043e\u0433\u0438\u0458\u0430, \u0440\u0443\u0434\u0430\u0440\u0441\u0442\u0432\u043e \u0438 \u043c\u0435\u0442\u0430\u043b\u0443\u0440\u0433\u0438\u0458\u0430<\/a><\/li>\n\n\n\n<li><a href=\"https:\/\/drive.google.com\/file\/d\/1wwVq2NC00D2j9revlEHXbYoJ_oalg28z\/view?usp=sharing\">\u0417\u0435\u043b\u0435\u043d\u0438 \u0432\u0435\u0448\u0442\u0438\u043d\u0438 \u0438 \u043e\u0434\u0440\u0436\u043b\u0438\u0432\u0438 \u043f\u0440\u0430\u043a\u0442\u0438\u043a\u0438 \u0432\u043e \u0433\u0440\u0430\u0434\u0435\u0436\u043d\u0438\u0448\u0442\u0432\u043e\u0442\u043e<\/a><\/li>\n\n\n\n<li><a href=\"https:\/\/drive.google.com\/file\/d\/1MbSZtpSi7nPArghJN-JwARYCiqpffsAp\/view?usp=sharing\">\u0415\u043a\u043e\u043b\u043e\u0448\u043a\u0430 \u043e\u0434\u0440\u0436\u043b\u0438\u0432\u043e\u0441\u0442 \u0432\u043e \u0433\u0440\u0430\u0444\u0438\u0447\u0430\u0440\u0441\u0442\u0432\u043e\u0442\u043e<\/a><\/li>\n\n\n\n<li><a href=\"https:\/\/drive.google.com\/file\/d\/1No1bX0t-ALtOb-lZdeFsytV1mLPKHJGY\/view?usp=sharing\">\u0426\u0438\u0440\u043a\u0443\u043b\u0430\u0440\u043d\u0430 \u0445\u0435\u043c\u0438\u0458\u0430<\/a><\/li>\n\n\n\n<li><a href=\"https:\/\/drive.google.com\/file\/d\/17y_sZpUFvtnp4J2TKWk8g7t7s2lHQbTA\/view?usp=sharing\">\u0415\u043a\u043e\u043b\u043e\u0448\u043a\u0438 \u043e\u0434\u0440\u0436\u043b\u0438\u0432\u0438 \u0438 \u0438\u043d\u043e\u0432\u0430\u0442\u0438\u0432\u043d\u0438 \u0442\u0435\u0445\u043d\u043e\u043b\u043e\u0433\u0438\u0438<\/a><\/li>\n\n\n\n<li><a href=\"https:\/\/drive.google.com\/file\/d\/1_QlAbI4AJXWJ9ge6u1_mIO1ZGu6fZ4-p\/view?usp=sharing\">\u0415\u043a\u043e\u043b\u043e\u0448\u043a\u0438 \u043a\u043e\u043d\u0446\u0435\u043f\u0442\u0438 \u0432\u043e \u0441\u043e\u043e\u0431\u0440\u0430\u045c\u0430\u0458\u043e\u0442<\/a><\/li>\n\n\n\n<li><a href=\"https:\/\/drive.google.com\/file\/d\/1rMofLPOr8PDKT_hxK7hV-mqE7OcFTX-3\/view?usp=sharing\">\u041e\u0434\u0440\u0436\u043b\u0438\u0432\u0430 \u043c\u043e\u0434\u0430<\/a><\/li>\n\n\n\n<li><a href=\"https:\/\/drive.google.com\/file\/d\/18OUiylfkhRwagNbpIokM2xMTsY9ID9lc\/view?usp=sharing\">\u0415\u043a\u043e\u043b\u043e\u0433\u0438\u0458\u0430 \u0432\u043e \u0437\u0434\u0440\u0430\u0432\u0441\u0442\u0432\u0435\u043d\u0438\u043e\u0442 \u0441\u0438\u0441\u0442\u0435\u043c<\/a><\/li>\n\n\n\n<li><a href=\"https:\/\/drive.google.com\/file\/d\/1JeBIXK0JUjpxHQXm525NqGcOZ4EYdtSA\/view?usp=sharing\">\u0417\u0435\u043b\u0435\u043d\u043e \u0437\u0435\u043c\u0458\u043e\u0434\u0435\u043b\u0441\u0442\u0432\u043e<\/a><\/li>\n\n\n\n<li><a href=\"https:\/\/drive.google.com\/file\/d\/1xEodazdkimsWe87bKEhTrs8AI2PpNbsz\/view?usp=sharing\">Modeli p\u00ebr organizimin dhe realizimin e arsimit praktik n\u00eb institucionet publike dhe shkencore n\u00eb republik\u00ebn e maqedonis\u00eb s\u00eb veriut<\/a><\/li>\n\n\n\n<li><a href=\"https:\/\/drive.google.com\/file\/d\/12Nw3oA4c5tkRjOVRMYni6SUsWDc8sRBy\/view?usp=sharing\">Aspektet ekologjike t\u00eb elektroteknik\u00ebs<\/a><\/li>\n\n\n\n<li><a href=\"https:\/\/drive.google.com\/file\/d\/19Hd3hTK3rv0bFRwEsEgXZ1WYEXFJGR4w\/view?usp=sharing\">Eko-praktikat p\u00ebr sh\u00ebrbime personale t\u00eb q\u00ebndrueshme<\/a><\/li>\n\n\n\n<li><a href=\"https:\/\/drive.google.com\/file\/d\/1LXosE2ohGfzglwtsOnlSY6fiZhiK0sFt\/view?usp=sharing\">Shkatht\u00ebsi t\u00eb gjelbra p\u00ebr ardhm\u00ebri t\u00eb q\u00ebndrueshme n\u00eb pylltari dhe industrin\u00eb e drurit<\/a><\/li>\n\n\n\n<li><a href=\"https:\/\/drive.google.com\/file\/d\/1O-Ee__G3HHFfMRd1IFyG9P__t1FwJJaM\/view?usp=sharing\">Praktikat e q\u00ebndrueshme n\u00eb turizim dhe hoteleri<\/a><\/li>\n\n\n\n<li><a href=\"https:\/\/drive.google.com\/file\/d\/1K6UEB0IXRXFOfYO1xrURkzb9jv8J3Xj7\/view?usp=sharing\">Ekonomia e gjelb\u00ebr<\/a><\/li>\n\n\n\n<li><a href=\"https:\/\/drive.google.com\/file\/d\/1wNef-6rANhPZRk9-WdOKkgU3nr12L0bh\/view?usp=sharing\">Ndryshimet klimatike dhe gjeologjia, xehetaria dhe metalurgjia<\/a><\/li>\n\n\n\n<li><a href=\"https:\/\/drive.google.com\/file\/d\/1aHe6iO06F-_VeN24aSRhP4MLMJMzN3Mj\/view?usp=sharing\">Shkatht\u00ebsit\u00eb e gjelbra dhe praktika t\u00eb q\u00ebndrueshme n\u00eb nd\u00ebrtimtari<\/a><\/li>\n\n\n\n<li><a href=\"https:\/\/drive.google.com\/file\/d\/117WYhyWgIWn2I9HUQze_Ro1rU3pvkNZF\/view?usp=sharing\">Q\u00ebndrueshm\u00ebria ekologjike n\u00eb grafik\u00eb<\/a><\/li>\n\n\n\n<li><a href=\"https:\/\/drive.google.com\/file\/d\/1vIXZwPUOeXm33hv4TQRwUdWRSop3I4d2\/view?usp=sharing\">Kimia cirkulare<\/a><\/li>\n\n\n\n<li><a href=\"https:\/\/drive.google.com\/file\/d\/1y2M7I7TcLMAcABFYZ6fUSNGLHXXJ2uwI\/view?usp=sharing\">Teknologjit\u00eb e q\u00ebndrueshme dhe inovative ekologjike<\/a><\/li>\n\n\n\n<li><a href=\"https:\/\/drive.google.com\/file\/d\/1N0xKutRvqWNOUXDev82Omyay5Z7DGggR\/view?usp=sharing\">Konceptet ekologjike n\u00eb komunikacion<\/a><\/li>\n\n\n\n<li><a href=\"https:\/\/drive.google.com\/file\/d\/1bRCA_q6ELT9udPF4hC3-F6f85wq7K-b5\/view?usp=sharing\">Moda e q\u00ebndrueshme<\/a><\/li>\n\n\n\n<li><a href=\"https:\/\/drive.google.com\/file\/d\/1NTjE5AOoThpRdfYreGHaOIBbguesAabE\/view?usp=sharing\">Ekologjia n\u00eb sistemin sh\u00ebndet\u00ebsor<\/a><\/li>\n\n\n\n<li><a href=\"https:\/\/drive.google.com\/file\/d\/1UBGasdWb4kkqYamI59LxcWpNmUtJjj3j\/view?usp=sharing\">Bujq\u00ebsia e gjelb\u00ebr<\/a><\/li>\n\n\n\n<li><a href=\"https:\/\/drive.google.com\/file\/d\/1eI0AzIsZK434RwnLdVhMb-__dpq4dGSX\/view?usp=sharing\">\u041d\u0430\u0441\u0442\u0430\u0432e\u043d \u043c\u0430\u0442\u0435\u0440\u0438\u0458\u0430\u043b \u0437\u0430 \u0443\u0447\u0435\u045a\u0435 \u0437\u0430 \u043a\u0432\u0430\u043b\u0438\u0444\u0438\u043a\u0430\u0446\u0438\u0458\u0430\u0442\u0430 \u0410\u0433\u0440\u043e\u0442\u0435\u0445\u043d\u0438\u0447\u0430\u0440 \u0437\u0430 \u0442\u0440\u0430\u0434\u0438\u0446\u0438\u043e\u043d\u0430\u043b\u043d\u043e \u0438 \u043e\u0440\u0433\u0430\u043d\u0441\u043a\u043e \u043f\u0440\u043e\u0438\u0437\u0432\u043e\u0434\u0441\u0442\u0432\u043e<\/a><\/li>\n\n\n\n<li><a href=\"https:\/\/drive.google.com\/file\/d\/1A8Y0zidMZDLyl7wqOQn2U42H_Euc6YPn\/view?usp=sharing\">Materiali m\u00ebsimor i t\u00eb m\u00ebsuarit p\u00ebr Teknikun Bujq\u00ebsor t\u00eb Kultivimit Tradicional dhe Organik<\/a><\/li>\n\n\n\n<li><a href=\"https:\/\/drive.google.com\/file\/d\/12F2NaO9nsmZFFlfhGAnZvEJm80AKHFbF\/view?usp=sharing\">\u0412\u043e\u0434\u0438\u0447 \u0437\u0430 \u0440\u0435\u0430\u043b\u0438\u0437\u0430\u0446\u0438\u0458\u0430 \u043d\u0430 \u043f\u0440\u0430\u043a\u0442\u0438\u0447\u043d\u0430 \u043d\u0430\u0441\u0442\u0430\u0432\u0430 \u0438 \u0443\u0447\u0435\u045a\u0435 \u043f\u0440\u0435\u043a\u0443 \u0440\u0430\u0431\u043e\u0442\u0430 \u0437\u0430 \u043a\u0432\u0430\u043b\u0438\u0444\u0438\u043a\u0430\u0446\u0438\u0458\u0430\u0442\u0430 \u0410\u0433\u0440\u043e\u0442\u0435\u0445\u043d\u0438\u0447\u0430\u0440 \u0437\u0430 \u0442\u0440\u0430\u0434\u0438\u0446\u0438\u043e\u043d\u0430\u043b\u043d\u043e \u0438 \u043e\u0440\u0433\u0430\u043d\u0441\u043a\u043e \u043f\u0440\u043e\u0438\u0437\u0432\u043e\u0434\u0441\u0442\u0432\u043e<\/a><\/li>\n\n\n\n<li><a href=\"https:\/\/drive.google.com\/file\/d\/1KASBybSDQ2sD1ROlQ-kbtF1xNkTzAUI7\/view?usp=sharing\">Udh\u00ebzues p\u00ebr realizimin e moduleve t\u00eb praktik\u00ebs profesionale p\u00ebr Teknikun Bujq\u00ebsor t\u00eb Kultivimit Tradicional dhe Organik<\/a><\/li>\n\n\n\n<li><a href=\"https:\/\/drive.google.com\/file\/d\/19FalKpkoJDgqS0f9bPL72_1MRr_TTx2R\/view?usp=sharing\">\u0412\u043e\u0434\u0438\u0447 \u0437\u0430 \u0440\u0435\u0430\u043b\u0438\u0437\u0430\u0446\u0438\u0458\u0430 \u043d\u0430 \u0441\u0442\u0440\u0443\u0447\u043d\u043e-\u0442\u0435\u043e\u0440\u0435\u0442\u0441\u043a\u0430 \u043d\u0430\u0441\u0442\u0430\u0432\u0430 \u0437\u0430 \u043a\u0432\u0430\u043b\u0438\u0444\u0438\u043a\u0430\u0446\u0438\u0458\u0430\u0442\u0430 \u0410\u0433\u0440\u043e\u0442\u0435\u0445\u043d\u0438\u0447\u0430\u0440 \u0437\u0430 \u0442\u0440\u0430\u0434\u0438\u0446\u0438\u043e\u043d\u0430\u043b\u043d\u043e \u0438 \u043e\u0440\u0433\u0430\u043d\u0441\u043a\u043e \u043f\u0440\u043e\u0438\u0437\u0432\u043e\u0434\u0441\u0442\u0432\u043e<\/a><\/li>\n\n\n\n<li><a href=\"https:\/\/drive.google.com\/file\/d\/1l9mojF40_X0YL0t153dwcmQpbOBPGax1\/view?usp=sharing\">Udh\u00ebzues p\u00ebr m\u00ebsimdh\u00ebnie t\u00eb l\u00ebnd\u00ebve teorike profesionale p\u00ebr Teknikun Bujq\u00ebsor t\u00eb Kultivimit Tradicional dhe Organik<\/a><\/li>\n\n\n\n<li><a href=\"https:\/\/drive.google.com\/file\/d\/1tAADk4qqr3xj2OWWtmFjcFl3NdRBUCsC\/view?usp=sharing\">\u0423\u041f\u0410\u0422\u0421\u0422\u0412\u041e \u0417\u0410 \u0421\u041f\u0420\u041e\u0412\u0415\u0414\u0423\u0412\u0410\u040a\u0415 \u041d\u0410 \u0421\u0410\u041c\u041e\u0415\u0412\u0410\u041b\u0423\u0410\u0426\u0418\u0408\u0410 \u041d\u0410 \u041f\u0420\u041e\u0426\u0415\u0421\u041e\u0422 \u041d\u0410 \u0423\u041f\u0420 \u0412\u041e \u0421\u0420\u0415\u0414\u041d\u041e\u0422\u041e \u0421\u0422\u0420\u0423\u0427\u041d\u041e \u041e\u0411\u0420\u0410\u0417\u041e\u0412\u0410\u041d\u0418\u0415<\/a><\/li>\n\n\n\n<li><a href=\"https:\/\/drive.google.com\/file\/d\/16UTvHF5GSRIAsvggggQFISnE0hs2etVZ\/view?usp=sharing\">UDH\u00cbZIME P\u00cbR ZBATIMIN E VET\u00cb-VLER\u00cbSIMIT T\u00cb PROCESIT T\u00cb M\u00cbSIMIT P\u00cbRMES PUN\u00cbS N\u00cb ARSIMIN E MES\u00cbM PROFESIONAL<\/a><\/li>\n\n\n\n<li><a href=\"https:\/\/drive.google.com\/file\/d\/1ei5hIvgaaSA84RTfVxNkbV-tKBNh6i12\/view?usp=sharing\">\u0423\u041f\u0410\u0422\u0421\u0422\u0412\u041e \u0417\u0410 \u0423\u0427\u0415\u040a\u0415 \u041f\u0420\u0415\u041a\u0423 \u0420\u0410\u0411\u041e\u0422\u0410 (E4E)<\/a><\/li>\n\n\n\n<li><a href=\"https:\/\/drive.google.com\/file\/d\/13IankDBtgwTmg76kkxtCaNyLDvZL17Pd\/view?usp=sharing\">UDH\u00cbZUES P\u00cbR M\u00cbSIM P\u00cbRMES PUN\u00cbS (E4E)<\/a><\/li>\n\n\n\n<li><a href=\"https:\/\/drive.google.com\/file\/d\/1xpQf5XGrge-J6gyVVPJxvnVcj_ydHA3o\/view?usp=sharing\">\u0423\u043f\u0430\u0442\u0441\u0442\u0432\u043e \u0437\u0430 \u043e\u0440\u0433\u0430\u043d\u0438\u0437\u0438\u0440\u0430\u045a\u0435 \u0437\u0430\u0435\u0434\u043d\u0438\u0447\u043a\u0438 \u043d\u0430\u0441\u0442\u0430\u0432\u043d\u0438 \u0447\u0430\u0441\u043e\u0432\u0438<\/a><\/li>\n\n\n\n<li><a href=\"https:\/\/drive.google.com\/file\/d\/1Fq6W3GOXmgKQzzYWEFWfDvnGHQVXhlUG\/view?usp=sharing\">Udh\u00ebzues p\u00ebr organizimin e or\u00ebve t\u00eb p\u00ebrbashk\u00ebta m\u00ebsimore<\/a><\/li>\n\n\n\n<li><a href=\"https:\/\/drive.google.com\/file\/d\/1KUD82qp_Hp8dZXqAekFhuyEdwsTRDt7F\/view?usp=sharing\">\u041f\u043e\u0438\u043c\u043d\u0438\u043a \u0437\u0430 \u0441\u0442\u0440\u0443\u0447\u043d\u043e \u043e\u0431\u0440\u0430\u0437\u043e\u0432\u0430\u043d\u0438\u0435 \u0438 \u043e\u0431\u0443\u043a\u0430<\/a><\/li>\n\n\n\n<li><a href=\"https:\/\/drive.google.com\/file\/d\/1HMzD8LV4iXo7uuUoE-ZqZ0ovVdwJamLc\/view?usp=sharing\">\u041f\u0440\u0438\u0440\u0430\u0447\u043d\u0438\u043a \u0437\u0430 \u0441\u043e\u0440\u0430\u0431\u043e\u0442\u043a\u0430 \u043d\u0430 \u0443\u0447\u0438\u043b\u0438\u0448\u0442\u0430\u0442\u0430 \u0441\u043e \u043a\u043e\u043c\u043f\u0430\u043d\u0438\u0438\u0442\u0435 \u0437\u0430 \u0438\u043c\u043f\u043b\u0435\u043c\u0435\u043d\u0442\u0430\u0446\u0438\u0458\u0430 \u043d\u0430 \u043a\u0440\u0438\u0442\u0435\u0440\u0438\u0443\u043c\u0438\u0442\u0435 \u0437\u0430 \u043a\u0432\u0430\u043b\u0438\u0442\u0435\u0442<\/a><\/li>\n\n\n\n<li><a href=\"https:\/\/drive.google.com\/file\/d\/12lAC0qXefn3yk8vkfJhdUCre4ZavhnO4\/view?usp=sharing\">Manual bashk\u00ebpunimi t\u00eb shkollave me kompanit\u00eb p\u00ebr zbatimin e kritereve t\u00eb cil\u00ebsis\u00eb<\/a><\/li>\n\n\n\n<li><a href=\"https:\/\/drive.google.com\/file\/d\/1xuEnuCDV2L5RfTWHnUxAj4w0eLLmNFZl\/view?usp=sharing\">\u0408\u0410\u0421 \u0418 \u041c\u041e\u0408\u0410\u0422\u0410 \u041a\u0410\u0420\u0418\u0415\u0420\u0410 \u2013 \u041f\u0440\u0438\u0440\u0430\u0447\u043d\u0438\u043a \u0437\u0430 \u043d\u0430\u0441\u0442\u0430\u0432\u043d\u0438\u0446\u0438 \u0438 \u0443\u0447\u0435\u043d\u0438\u0446\u0438 \u0432\u043e \u0441\u0442\u0440\u0443\u0447\u043d\u0438\u0442\u0435 \u0443\u0447\u0438\u043b\u0438\u0448\u0442\u0430<\/a><\/li>\n\n\n\n<li><a href=\"https:\/\/drive.google.com\/open?id=1ejoTytjSPx52yiWqoM8BA_yALGTXBK4p\">\u0412\u043e\u0434\u0438\u0447 \u043d\u0438\u0437 \u043a\u0432\u0430\u043b\u0438\u0444\u0438\u043a\u0430\u0446\u0438\u0438\u0442\u0435 \u0432\u043e \u0441\u0442\u0440\u0443\u0447\u043d\u043e\u0442\u043e \u043e\u0431\u0440\u0430\u0437\u043e\u0432\u0430\u043d\u0438\u0435<\/a><\/li>\n\n\n\n<li><a href=\"https:\/\/drive.google.com\/open?id=1rSAHbIum6w8KOQBqIRi2DpL-j4wSIOxz\">Udh\u00ebzues p\u00ebr kualifikimet n\u00eb arsimin profesional<\/a><\/li>\n\n\n\n<li><a href=\"https:\/\/drive.google.com\/open?id=1OBFxhKsk8FP4pzQsMz3oc1h-T-C75ExK\">\u0412\u043e\u0434\u0438\u0447 \u043a\u0440\u043e\u0437 \u043a\u0432\u0430\u043b\u0438\u0444\u0438\u043a\u0430\u0446\u0438\u0458\u0435 \u0443 \u0441\u0442\u0440\u0443\u0447\u043d\u043e\u043c \u043e\u0431\u0440\u0430\u0437\u043e\u0432\u0430\u045a\u0443<\/a><\/li>\n\n\n\n<li><a href=\"https:\/\/drive.google.com\/file\/d\/1VE0GWo1vx5CZbqA2ZQJcmU4FZbUJhxzf\/view?usp=sharing\">Mesleki \u00d6\u011fretim Nitelikleri Rehberi<\/a><\/li>\n\n\n\n<li><a href=\"https:\/\/drive.google.com\/open?id=1p_EYH_zvOu6K9fKPJNck567dLSY5s9L_\" target=\"_blank\" rel=\"noreferrer noopener\">\u041e\u0431\u043b\u0430\u0441\u0442\u0438 \u0438 \u0444\u043e\u0440\u043c\u0438 \u043d\u0430 \u0441\u043e\u0440\u0430\u0431\u043e\u0442\u043a\u0430 \u043d\u0430 \u0441\u0442\u0440\u0443\u0447\u043d\u0438\u0442\u0435 \u0443\u0447\u0438\u043b\u0438\u0448\u0442\u0430 \u0438 \u043a\u043e\u043c\u043f\u0430\u043d\u0438\u0438\u0442\u0435<\/a><\/li>\n\n\n\n<li><a href=\"https:\/\/drive.google.com\/file\/d\/1tKWBAzubI3vqD1EfvfRDGXpBHuovlPwt\/view?usp=sharing\">\u0423\u043f\u0430\u0442\u0441\u0442\u0432\u043e \u0437\u0430 \u0444\u0435\u0440\u0438\u0458\u0430\u043b\u043d\u0430 \u043f\u0440\u0430\u043a\u0442\u0438\u043a\u0430<\/a><\/li>\n\n\n\n<li><a href=\"https:\/\/drive.google.com\/file\/d\/1clnpqcpz7UIaRD3kM1DW9qlIUyW55tgz\/view?usp=sharing\">Udh\u00ebzim p\u00ebr praktik\u00eb feriale<\/a><\/li>\n\n\n\n<li><a href=\"https:\/\/drive.google.com\/file\/d\/1I9I5UtEHCBVNsb__KFIEhoIL2s6s9gZK\/view?usp=sharing\" target=\"_blank\" rel=\"noreferrer noopener\">\u041c\u0435\u0442\u043e\u0434\u043e\u043b\u043e\u0433\u0438\u0458\u0430 \u0438 \u0438\u043d\u0441\u0442\u0440\u0443\u043c\u0435\u043d\u0442\u0438 \u0437\u0430 \u0430\u043d\u0430\u043b\u0438\u0437\u0430 \u043d\u0430 \u043c\u0440\u0435\u0436\u0430\u0442\u0430 \u043d\u0430 \u0441\u0440\u0435\u0434\u043d\u0438\u0442\u0435 \u0441\u0442\u0440\u0443\u0447\u043d\u0438 \u0443\u0447\u0438\u043b\u0438\u0448\u0442\u0430 \u0432\u043e \u0440\u0435\u043f\u0443\u0431\u043b\u0438\u043a\u0430 \u043c\u0430\u043a\u0435\u0434\u043e\u043d\u0438\u0458\u0430<\/a><\/li>\n\n\n\n<li><a href=\"https:\/\/drive.google.com\/file\/d\/1tbJOlEy4TM65LwCNuEVi9Pt2WgRYl3Yh\/view?usp=sharing\" target=\"_blank\" rel=\"noreferrer noopener\">\u0410\u043d\u0430\u043b\u0438\u0437\u0430 \u0437\u0430 \u043f\u043e\u0442\u0440\u0435\u0431\u0438\u0442\u0435 \u043e\u0434 \u0441\u043b\u0435\u0434\u0435\u045a\u0435 \u043d\u0430 \u043e\u0434\u0440\u0435\u0434\u043d\u0438\u0446\u0438\u0442\u0435 \u043d\u0430 \u0443\u0447\u0435\u043d\u0438\u0446\u0438\u0442\u0435 \u043f\u043e\u0441\u043b\u0435 \u0437\u0430\u0432\u0440\u0448\u0443\u0432\u0430\u045a\u0435\u0442\u043e \u043d\u0430 \u0441\u0440\u0435\u0434\u043d\u043e\u0442\u043e \u0441\u0442\u0440\u0443\u0447\u043d\u043e \u043e\u0431\u0440\u0430\u0437\u043e\u0432\u0430\u043d\u0438\u0435<\/a><\/li>\n\n\n\n<li><a href=\"https:\/\/drive.google.com\/file\/d\/1pYrVMPvAsa7lqGOcUBT6GqB0PACtvTVc\/view?usp=sharing\">\u0418\u043d\u043a\u043b\u0443\u0437\u0438\u0458\u0430 \u0432\u043e \u0441\u0440\u0435\u0434\u043d\u043e\u0442\u043e \u0441\u0442\u0440\u0443\u0447\u043d\u043e \u043e\u0431\u0440\u0430\u0437\u043e\u0432\u0430\u043d\u0438\u0435 \u2013 \u041f\u0440\u0438\u0440\u0430\u0447\u043d\u0438\u043a \u0437\u0430 \u0440\u0430\u0431\u043e\u0442\u0430 \u0441\u043e \u0443\u0447\u0435\u043d\u0438\u0446\u0438 \u0441\u043e \u043f\u043e\u0441\u0435\u0431\u043d\u0438 \u043e\u0431\u0440\u0430\u0437\u043e\u0432\u043d\u0438 \u043f\u043e\u0442\u0440\u0435\u0431\u0438<\/a><\/li>\n\n\n\n<li><a href=\"https:\/\/drive.google.com\/file\/d\/1FZ0XyNofllb6J-86VGKrnI-T5GgTmDAa\/view?usp=sharing\">Inkluzioni n\u00eb arsimin e mes\u00ebm profesional \u2013 Doracak p\u00ebr pun\u00eb me nx\u00ebn\u00ebsit me nevoja t\u00eb ve\u00e7anta arsimore<\/a><\/li>\n<\/ul>","protected":false},"excerpt":{"rendered":"","protected":false},"author":1,"featured_media":0,"parent":0,"menu_order":0,"comment_status":"closed","ping_status":"closed","template":"","meta":{"pagelayer_contact_templates":[],"_pagelayer_content":"","footnotes":""},"class_list":["post-964","page","type-page","status-publish","hentry","no-post-thumbnail"],"rttpg_featured_image_url":null,"rttpg_author":{"display_name":"admin","author_link":"https:\/\/crso.gov.mk\/sq\/author\/admin\/"},"rttpg_comment":0,"rttpg_category":null,"rttpg_excerpt":null,"_links":{"self":[{"href":"https:\/\/crso.gov.mk\/sq\/wp-json\/wp\/v2\/pages\/964","targetHints":{"allow":["GET"]}}],"collection":[{"href":"https:\/\/crso.gov.mk\/sq\/wp-json\/wp\/v2\/pages"}],"about":[{"href":"https:\/\/crso.gov.mk\/sq\/wp-json\/wp\/v2\/types\/page"}],"author":[{"embeddable":true,"href":"https:\/\/crso.gov.mk\/sq\/wp-json\/wp\/v2\/users\/1"}],"replies":[{"embeddable":true,"href":"https:\/\/crso.gov.mk\/sq\/wp-json\/wp\/v2\/comments?post=964"}],"version-history":[{"count":0,"href":"https:\/\/crso.gov.mk\/sq\/wp-json\/wp\/v2\/pages\/964\/revisions"}],"wp:attachment":[{"href":"https:\/\/crso.gov.mk\/sq\/wp-json\/wp\/v2\/media?parent=964"}],"curies":[{"name":"wp","href":"https:\/\/api.w.org\/{rel}","templated":true}]}}